{"id":255483,"date":"2026-01-10T22:35:53","date_gmt":"2026-01-10T19:35:53","guid":{"rendered":"https:\/\/baldumarket.lt\/product\/mati-mi18-120-s-p-loze-z-pojemnikiem-na-posciel\/"},"modified":"2026-02-11T18:30:52","modified_gmt":"2026-02-11T15:30:52","slug":"mati-mi18-120-s-p-loze-z-pojemnikiem-na-posciel","status":"publish","type":"product","link":"https:\/\/baldumarket.lt\/lt\/product\/mati-mi18-120-s-p-loze-z-pojemnikiem-na-posciel\/","title":{"rendered":"MATI MI18\/120 SP Lova su patalyn\u0117s d\u0117\u017ee"},"content":{"rendered":"<p>120 cm plo\u010dio \u201eMati MI18\u201c lova su patalyn\u0117s saugykla \u2013 puikus sprendimas tiems, kurie vertina funkcionalum\u0105 ir modern\u0173 dizain\u0105. Pagaminta i\u0161 auk\u0161tos kokyb\u0117s med\u017eiag\u0173, ji garantuoja ilgaam\u017ei\u0161kum\u0105 ir komfort\u0105. Stilinga \u201eCremona\u201c \u0105\u017euolo spalv\u0173 gama su juodais akcentais suteikia interjerui elegancijos ir harmonijos. Lova \u012frengta su erdviu patalyn\u0117s saugyklos skyriumi, taupan\u010diu viet\u0105 ir palaikan\u010diu tvark\u0105 miegamajame. \u0160is modelis puikiai tinka paauglio kambariui, derindamas estetik\u0105 su prakti\u0161kumu, puikiai papildydamas modern\u0173 interjer\u0105.<\/p>\n<p>Plotis 127 cm Ilgis 218 cm Auk\u0161tis 108 cm Miegamoji erdv\u0117 120 cm x 200 cm Gaminio svoris su pakuote 104,65 kg Gamintojo kodas \/ simbolis MI18\/120S.P. Kolekcijos pavadinimas MATI Pavadinimas b2b sistemoje MATI MI18\/120 \u0104\u017dUOLO KREMIN\u0116 COTTA\/CZ LOVA 120 su SiP KPL Produkt\u0173 pakuo\u010di\u0173 skai\u010dius 6 Stilius Moderni \u012eranga Surinkimo instrukcijos \/ surinkimo priedai Surinkimas Savaranki\u0161kam surinkimui Spalvos Kremonos cotta \u0105\u017euolas \/ Juoda Vir\u0161utin\u0117s dalies med\u017eiaga \/ tipas \/ storis 16 mm bald\u0173 lenta \/ 28 mm bald\u0173 lenta \/ lentjuost\u0117s 16 mm MDF bald\u0173 lenta Kair\u0117s ir de\u0161in\u0117s pusi\u0173 med\u017eiaga \/ tipas \/ storis 28 mm bald\u0173 lenta Dugno med\u017eiaga \/ tipas \/ storis 28 mm bald\u0173 lenta Pagrindo med\u017eiaga \/ tipas \/ storis 16 mm bald\u0173 lenta Kojel\u0117 \/ med\u017eiaga \/ spalva Nereguliuojama \/ Bald\u0173 slydiklis \/ plastikas \/ Juoda R\u0117mas Standartinis R\u0117mo med\u017eiaga Metalinis r\u0117mas \/ medin\u0117s lentjuost\u0117s R\u0117mo lentjuos\u010di\u0173 skai\u010dius 48 Patalyn\u0117 Standartinis Vidinis konteinerio tipas lovoje U\u017edar\u0173 ertmi\u0173 skai\u010dius: 2<\/p>","protected":false},"excerpt":{"rendered":"<p>120 cm plo\u010dio \u201eMati MI18\u201c lova su patalyn\u0117s d\u0117\u017ee \u2013 puikus sprendimas tiems, kurie vertina funkcionalum\u0105 ir modern\u0173 dizain\u0105. Pagaminta i\u0161 auk\u0161tos kokyb\u0117s med\u017eiag\u0173, ji garantuoja ilgaam\u017ei\u0161kum\u0105 ir komfort\u0105. Stilinga \u201eCremona\u201c \u0105\u017euolo spalv\u0173 gama su juodais akcentais suteikia interjerui elegancijos ir harmonijos. Lova apr\u016bpinta erdvia patalyn\u0117s [\u2026]<\/p>","protected":false},"featured_media":255449,"comment_status":"open","ping_status":"open","template":"","meta":[],"product_brand":[],"product_cat":[505,2457],"product_tag":[],"class_list":{"0":"post-255483","1":"product","2":"type-product","3":"status-publish","4":"has-post-thumbnail","6":"product_cat-bedroom-beds","7":"product_cat-liveo","9":"first","10":"instock","11":"purchasable","12":"product-type-simple"},"_links":{"self":[{"href":"https:\/\/baldumarket.lt\/lt\/wp-json\/wp\/v2\/product\/255483","targetHints":{"allow":["GET"]}}],"collection":[{"href":"https:\/\/baldumarket.lt\/lt\/wp-json\/wp\/v2\/product"}],"about":[{"href":"https:\/\/baldumarket.lt\/lt\/wp-json\/wp\/v2\/types\/product"}],"replies":[{"embeddable":true,"href":"https:\/\/baldumarket.lt\/lt\/wp-json\/wp\/v2\/comments?post=255483"}],"wp:featuredmedia":[{"embeddable":true,"href":"https:\/\/baldumarket.lt\/lt\/wp-json\/wp\/v2\/media\/255449"}],"wp:attachment":[{"href":"https:\/\/baldumarket.lt\/lt\/wp-json\/wp\/v2\/media?parent=255483"}],"wp:term":[{"taxonomy":"product_brand","embeddable":true,"href":"https:\/\/baldumarket.lt\/lt\/wp-json\/wp\/v2\/product_brand?post=255483"},{"taxonomy":"product_cat","embeddable":true,"href":"https:\/\/baldumarket.lt\/lt\/wp-json\/wp\/v2\/product_cat?post=255483"},{"taxonomy":"product_tag","embeddable":true,"href":"https:\/\/baldumarket.lt\/lt\/wp-json\/wp\/v2\/product_tag?post=255483"}],"curies":[{"name":"wp","href":"https:\/\/api.w.org\/{rel}","templated":true}]}}