{"id":255477,"date":"2026-01-10T22:35:50","date_gmt":"2026-01-10T19:35:50","guid":{"rendered":"https:\/\/baldumarket.lt\/product\/mati-mi16-szafa-z-lustrem\/"},"modified":"2026-02-11T18:30:52","modified_gmt":"2026-02-11T15:30:52","slug":"mati-mi16-szafa-z-lustrem","status":"publish","type":"product","link":"https:\/\/baldumarket.lt\/lt\/product\/mati-mi16-szafa-z-lustrem\/","title":{"rendered":"MATI MI16 spinta su veidrod\u017eiu"},"content":{"rendered":"<p>\u201eMati MI16\u201c spinta apjungia elegancij\u0105, funkcionalum\u0105 ir modern\u0173 dizain\u0105. Pagaminta i\u0161 tvirtos baldin\u0117s plok\u0161t\u0117s, ji pasi\u017eymi stilinga apdaila, pasirinkta i\u0161 \u201eCremona Cotta\u201c \u0105\u017euolo ir juodos spalvos atspalvi\u0173. Veidrodis spintos priekyje ne tik atlieka praktin\u0119 funkcij\u0105, bet ir vizualiai padidina erdv\u0119, suteikdamas interjerui gylio ir ry\u0161kumo. \u201eMati MI16\u201c spintoje yra du prakti\u0161ki drabu\u017ei\u0173 kabyklai patogiam drabu\u017ei\u0173 laikymui ir du erdv\u016bs stal\u010diai, idealiai tinkantys aksesuarams ir kitiems smulkiems daiktams laikyti. D\u0117l gerai apgalvoto i\u0161planavimo ir esteti\u0161kos apdailos \u201eMati MI16\u201c spinta yra puikus pasirinkimas bet kokiam moderniam interjerui.<\/p>\n<p>Plotis 183 cm Gylis 56 cm Auk\u0161tis 211 cm Produkto svoris su pakuote 136,75 kg Gamintojo kodas \/ simbolis MI16 Kolekcijos pavadinimas MATI Pavadinimas b2b sistemoje MATI MI16 \u0104\u017dUOLAS KREM COTTA\/CZ SPINTEL\u0116 KPL Produkto pakuo\u010di\u0173 skai\u010dius 5 Stilius Modernus \u012eranga Surinkimo instrukcijos \/ surinkimo priedai Surinkimas Savaranki\u0161kam surinkimui Korpuso spalva Kremonos kota \u0105\u017euolas \/ Juoda Korpuso med\u017eiaga \/ tipas \/ storis 16 mm baldin\u0117 plok\u0161t\u0117 Korpuso vir\u0161utin\u0117 dalis \/ tipas \/ storis 16 mm baldin\u0117 plok\u0161t\u0117 Korpuso apa\u010dia \/ tipas \/ storis 16 mm baldin\u0117 plok\u0161t\u0117 Korpuso pagrindo dalis \/ tipas \/ storis 16 mm baldin\u0117 plok\u0161t\u0117 Lentynos spalva Kremonos kota \u0105\u017euolas Lentynos med\u017eiaga \/ tipas \/ storis 16 mm baldin\u0117 plok\u0161t\u0117 Lentyn\u0173 kiekis 1 Galin\u0117s sienel\u0117s med\u017eiaga \/ tipas \/ storis 2,5 mm HDF baldin\u0117 plok\u0161t\u0117 Matoma galin\u0117s sienel\u0117s dalis Spalva: \u0104\u017euolo kota Priekis: Kremonos kota \u0105\u017euolas \/ Juoda Priekis: Med\u017eiaga \/ Tipas \/ Storis: 16 mm baldin\u0117 plok\u0161t\u0117 \/ lamel\u0117s 16 mm MDF baldin\u0117 plok\u0161t\u0117 Priekis: Veidrodinis TAIP Priekis: Veidrodinis Kiekis: 1 Priekinis vyris: \u2300 35 mm, reguliuojamas trijose plok\u0161tumose Priekin\u0117 rankena \/ apdaila \/ spalva: Plastikas \/ juoda \u0160velnaus u\u017edarymo dureli\u0173 sistema: Standartin\u0117 Pilno i\u0161traukimo stal\u010di\u0173 b\u0117geliai Kojel\u0117 \/ apdaila \/ spalva: Nereguliuojama \/ metalin\u0117 \/ juoda Kojel\u0117s auk\u0161tis: 150 mm Papildoma koja \/ apdaila \/ spalva: Reguliuojama per vidur\u012f \/ metalin\u0117 \/ juoda Dureli\u0173 skai\u010dius: 5 Stal\u010di\u0173 skai\u010dius: 2 U\u017edar\u0173 ni\u0161\u0173 skai\u010dius: Standartinis: 4 \/ i\u0161ple\u010diama iki 8 Korpuso \u012franga: Standartinis: 3 pakabos<\/p>","protected":false},"excerpt":{"rendered":"<p>\u201eMati MI16\u201c spinta apjungia elegancij\u0105, funkcionalum\u0105 ir modern\u0173 dizain\u0105. Pagaminta i\u0161 tvirtos baldin\u0117s plok\u0161t\u0117s, ji pasi\u017eymi stilinga apdaila, pasirinkta i\u0161 \u201eCremona Cotta\u201c \u0105\u017euolo ir juodos spalvos atspalvi\u0173. Veidrodis spintos priekyje ne tik atlieka praktin\u0119 funkcij\u0105, bet ir vizualiai padidina erdv\u0119, suteikdamas interjerui gylio ir ry\u0161kumo. \u201eMati\u201c [\u2026]<\/p>","protected":false},"featured_media":255385,"comment_status":"open","ping_status":"open","template":"","meta":[],"product_brand":[],"product_cat":[2457,1177],"product_tag":[],"class_list":{"0":"post-255477","1":"product","2":"type-product","3":"status-publish","4":"has-post-thumbnail","6":"product_cat-liveo","7":"product_cat-wardrobes","9":"first","10":"instock","11":"purchasable","12":"product-type-simple"},"_links":{"self":[{"href":"https:\/\/baldumarket.lt\/lt\/wp-json\/wp\/v2\/product\/255477","targetHints":{"allow":["GET"]}}],"collection":[{"href":"https:\/\/baldumarket.lt\/lt\/wp-json\/wp\/v2\/product"}],"about":[{"href":"https:\/\/baldumarket.lt\/lt\/wp-json\/wp\/v2\/types\/product"}],"replies":[{"embeddable":true,"href":"https:\/\/baldumarket.lt\/lt\/wp-json\/wp\/v2\/comments?post=255477"}],"wp:featuredmedia":[{"embeddable":true,"href":"https:\/\/baldumarket.lt\/lt\/wp-json\/wp\/v2\/media\/255385"}],"wp:attachment":[{"href":"https:\/\/baldumarket.lt\/lt\/wp-json\/wp\/v2\/media?parent=255477"}],"wp:term":[{"taxonomy":"product_brand","embeddable":true,"href":"https:\/\/baldumarket.lt\/lt\/wp-json\/wp\/v2\/product_brand?post=255477"},{"taxonomy":"product_cat","embeddable":true,"href":"https:\/\/baldumarket.lt\/lt\/wp-json\/wp\/v2\/product_cat?post=255477"},{"taxonomy":"product_tag","embeddable":true,"href":"https:\/\/baldumarket.lt\/lt\/wp-json\/wp\/v2\/product_tag?post=255477"}],"curies":[{"name":"wp","href":"https:\/\/api.w.org\/{rel}","templated":true}]}}