{"id":255471,"date":"2026-01-10T22:35:47","date_gmt":"2026-01-10T19:35:47","guid":{"rendered":"https:\/\/baldumarket.lt\/product\/mati-mi15-wieszak-uniwersalny-lewostronny-prawostronny\/"},"modified":"2026-02-11T18:30:52","modified_gmt":"2026-02-11T15:30:52","slug":"mati-mi15-wieszak-uniwersalny-lewostronny-prawostronny","status":"publish","type":"product","link":"https:\/\/baldumarket.lt\/lt\/product\/mati-mi15-wieszak-uniwersalny-lewostronny-prawostronny\/","title":{"rendered":"MATI MI15 UNIVERSALUS PAKABINIMAS KAIR\u0116JE\/DE\u0160IN\u0116JE PUS\u0116JE"},"content":{"rendered":"<p>\u201eMati MI15\u201c drabu\u017ei\u0173 kabykla ir bat\u0173 spintel\u0117 \u2013 eleganti\u0161kas ir funkcionalus baldas, kuris puikiai atrodys bet kuriame koridoriuje. Pagaminta i\u0161 auk\u0161tos kokyb\u0117s baldin\u0117s plok\u0161t\u0117s, kurios yra \u201eCremona Cotta\u201c \u0105\u017euolo ir juodos spalvos, ji derina modern\u0173 dizain\u0105 su prakti\u0161ku erdv\u0117s i\u0161naudojimu. Spintel\u0117 si\u016blo daug vietos batams laikyti, o \u012fmontuota kabykla leid\u017eia patogiai pakabinti striukes, paltus ar rankines. D\u0117l tvirtos konstrukcijos ir estetinio patrauklumo \u201eMati MI15\u201c bat\u0173 lentyna ir pakaba yra puikus sprendimas tiems, kurie kasdieniame gyvenime vertina stili\u0173 ir funkcionalum\u0105.<\/p>\n<p>Plotis 64,5 cm Gylis 40 cm Auk\u0161tis 198 cm Produkto svoris su pakuote 27,70 kg Gamintojo kodas \/ simbolis MI15 Kolekcijos pavadinimas MATI Pavadinimas b2b sistemoje MATI MI15 \u0104\u017dUOLO KREMINIO COTTA\/CZ PAKAB\u0172 RINKINYS Produkto pakuo\u010di\u0173 skai\u010dius 1 Stilius Modernus \u012eranga Surinkimo instrukcijos \/ surinkimo priedai Surinkimas Savaranki\u0161kam surinkimui Korpuso spalva Kremonos kota \u0105\u017euolas \/ Juoda Korpuso med\u017eiaga \/ tipas \/ storis 16 mm bald\u0173 lenta \/ lentjuost\u0117s 16 mm MDF bald\u0173 lenta Korpuso vir\u0161utin\u0117 dalis \/ med\u017eiaga \/ tipas \/ storis 16 mm bald\u0173 lenta Korpuso apa\u010dia \/ med\u017eiaga \/ tipas \/ storis 16 mm bald\u0173 lenta Korpuso pagrindo dalis \/ med\u017eiaga \/ tipas \/ storis 16 mm bald\u0173 lenta Lentynos spalva Kremonos kota \u0105\u017euolas Lentynos med\u017eiaga \/ tipas \/ storis 16 mm bald\u0173 lenta Kar\u016bnuotos lentynos kiekis 1 Priekin\u0117s dalies spalva \u0104\u017euolas kremonos kota Priekin\u0117s apdailos med\u017eiaga \/ tipas \/ storis 16 mm bald\u0173 lenta Priekinis vyris Dujinis liftas Priekin\u0117 rankena \/ apdaila \/ spalva Plastikas \/ juoda Kojel\u0117 \/ apdaila \/ spalva Be reguliavimo \/ Bald\u0173 b\u0117geliai \/ plastikas \/ juoda Dur\u0173 skai\u010dius 1 U\u017edar\u0173 ni\u0161\u0173 skai\u010dius 1 Korpuso \u012franga Standartin\u0117 3 drabu\u017ei\u0173 pakabos Korpusas universalus (kairinis \/ de\u0161ininis) TAIP<\/p>","protected":false},"excerpt":{"rendered":"<p>\u201eMati MI15\u201c drabu\u017ei\u0173 kabykla ir bat\u0173 spintel\u0117 yra eleganti\u0161kas ir funkcionalus baldas, kuris puikiai atrodys bet kuriame koridoriuje. Pagaminta i\u0161 auk\u0161tos kokyb\u0117s baldin\u0117s plok\u0161t\u0117s, kurios yra \u201eCremona Cotta\u201c \u0105\u017euolo ir juodos spalvos, ji derina modern\u0173 dizain\u0105 su prakti\u0161ku erdv\u0117s i\u0161naudojimu. Spintel\u0117 si\u016blo daug vietos batams laikyti, o [\u2026]<\/p>","protected":false},"featured_media":255472,"comment_status":"open","ping_status":"open","template":"","meta":[],"product_brand":[],"product_cat":[2457,1177],"product_tag":[],"class_list":{"0":"post-255471","1":"product","2":"type-product","3":"status-publish","4":"has-post-thumbnail","6":"product_cat-liveo","7":"product_cat-wardrobes","9":"first","10":"instock","11":"purchasable","12":"product-type-simple"},"_links":{"self":[{"href":"https:\/\/baldumarket.lt\/lt\/wp-json\/wp\/v2\/product\/255471","targetHints":{"allow":["GET"]}}],"collection":[{"href":"https:\/\/baldumarket.lt\/lt\/wp-json\/wp\/v2\/product"}],"about":[{"href":"https:\/\/baldumarket.lt\/lt\/wp-json\/wp\/v2\/types\/product"}],"replies":[{"embeddable":true,"href":"https:\/\/baldumarket.lt\/lt\/wp-json\/wp\/v2\/comments?post=255471"}],"wp:featuredmedia":[{"embeddable":true,"href":"https:\/\/baldumarket.lt\/lt\/wp-json\/wp\/v2\/media\/255472"}],"wp:attachment":[{"href":"https:\/\/baldumarket.lt\/lt\/wp-json\/wp\/v2\/media?parent=255471"}],"wp:term":[{"taxonomy":"product_brand","embeddable":true,"href":"https:\/\/baldumarket.lt\/lt\/wp-json\/wp\/v2\/product_brand?post=255471"},{"taxonomy":"product_cat","embeddable":true,"href":"https:\/\/baldumarket.lt\/lt\/wp-json\/wp\/v2\/product_cat?post=255471"},{"taxonomy":"product_tag","embeddable":true,"href":"https:\/\/baldumarket.lt\/lt\/wp-json\/wp\/v2\/product_tag?post=255471"}],"curies":[{"name":"wp","href":"https:\/\/api.w.org\/{rel}","templated":true}]}}