{"id":255464,"date":"2026-01-10T22:35:43","date_gmt":"2026-01-10T19:35:43","guid":{"rendered":"https:\/\/baldumarket.lt\/product\/mati-mi14-szafka-z-lustrem-uniwersalna-lewostronna-prawostronna\/"},"modified":"2026-02-11T18:30:52","modified_gmt":"2026-02-11T15:30:52","slug":"mati-mi14-szafka-z-lustrem-uniwersalna-lewostronna-prawostronna","status":"publish","type":"product","link":"https:\/\/baldumarket.lt\/lt\/product\/mati-mi14-szafka-z-lustrem-uniwersalna-lewostronna-prawostronna\/","title":{"rendered":"MATI MI14 UNIVERSALUS VEIDRODIN\u0116 SPINTEL\u0116 KAIR\u0116\/DE\u0160IN\u0116"},"content":{"rendered":"<p>\u201eMati MI14\u201c spinta \u2013 tai tobulas modernaus dizaino ir funkcionalumo derinys. Pagaminta i\u0161 auk\u0161tos kokyb\u0117s baldin\u0117s plok\u0161t\u0117s, ji derina eleganti\u0161k\u0105 \u201eCremona Cotta\u201c \u0105\u017euolo atspalv\u012f su juodais akcentais, suteikdama interjerui stiling\u0105 charakter\u012f. Veidrodinis priekis ne tik atlieka praktin\u0119 funkcij\u0105, bet ir vizualiai padidina erdv\u0119, suteikdamas jai ry\u0161kumo ir gylio. Spinta pasi\u017eymi erdviu vidumi su lentynomis ir pakaba pakabinimui, tod\u0117l patogu ir tvarkingai laikyti daiktus. D\u0117l savo patvarumo ir estetikos \u201eMati MI14\u201c spinta yra puikus pasirinkimas moderniam interjerui.<\/p>\n<p>Plotis 58,5 cm Gylis 40 cm Auk\u0161tis 198 cm Produkto svoris su pakuote 48,20 kg Gamintojo kodas \/ simbolis MI14 Kolekcijos pavadinimas MATI Pavadinimas b2b sistemoje MATI MI14 \u0104\u017dUOLO KREMIN\u0116 KOTTA\/\u010cESNAKIN\u0116 SPINTEL\u0116 L\/P KOMPLEKTAS Produkto pakuo\u010di\u0173 skai\u010dius 3 Stilius Moderni \u012eranga Surinkimo instrukcijos \/ surinkimo priedai Surinkimui Savaranki\u0161kam surinkimui Korpuso spalva Kremonos kota \u0105\u017euolas \/ Juoda Korpuso med\u017eiaga \/ tipas \/ storis 16 mm baldin\u0117 plok\u0161t\u0117 Vir\u0161utinio korpuso vir\u0161utinio sluoksnio med\u017eiaga \/ tipas \/ storis 16 mm baldin\u0117 plok\u0161t\u0117 Apatinio korpuso vir\u0161utinio sluoksnio med\u017eiaga \/ tipas \/ storis 16 mm baldin\u0117 plok\u0161t\u0117 Pagrindo med\u017eiaga \/ tipas \/ storis 16 mm baldin\u0117 plok\u0161t\u0117 Lentynos spalva Kremonos kota \u0105\u017euolas Lentynos med\u017eiaga \/ tipas \/ storis 16 mm baldin\u0117 plok\u0161t\u0117 Lentyn\u0173 kiekis 1 Galin\u0117s sienel\u0117s med\u017eiaga \/ tipas \/ storis 2,5 mm HDF baldin\u0117 plok\u0161t\u0117 Sienos galin\u0117s matomos dalies spalva Kota \u0105\u017euolas Priekin\u0117 spalva Kremonos kota \u0105\u017euolas \/ Juoda Priekin\u0117s apdailos med\u017eiaga \/ tipas \/ storis 16 mm baldin\u0117 plok\u0161t\u0117 \/ lentjuost\u0117s 16 mm MDF baldin\u0117 plok\u0161t\u0117 Priekin\u0117 dalis su veidrod\u017eiu TAIP Priekin\u0117 dalis su veidrod\u017eiu kiekis 1 Priekinis vyris \u2300 35 mm reguliuojamas trijose plok\u0161tumose Priekin\u0117 rankena \/ apdaila \/ spalva Plastikas \/ juoda \u0160velnaus u\u017edarymo dur\u0173 sistema Standarti\u0161kai Kojel\u0117 \/ apdaila \/ spalva Be reguliavimo \/ Bald\u0173 b\u0117gelis \/ plastikas \/ juoda Dureli\u0173 skai\u010dius 2 U\u017edar\u0173 ni\u0161\u0173 skai\u010dius 3 Korpuso \u012franga Standartin\u0117 drabu\u017ei\u0173 pakaba Universalus korpusas (kairinis \/ de\u0161ininis) TAIP<\/p>","protected":false},"excerpt":{"rendered":"<p>\u201eMati MI14\u201c spinta \u2013 tobulas modernaus dizaino ir funkcionalumo derinys. Pagaminta i\u0161 auk\u0161tos kokyb\u0117s baldin\u0117s plok\u0161t\u0117s, ji derina eleganti\u0161k\u0105 \u201eCremona Cotta\u201c \u0105\u017euolo atspalv\u012f su juodais akcentais, suteikdama interjerui stiling\u0105 charakter\u012f. Veidrodinis priekis ne tik atlieka praktin\u0119 funkcij\u0105, bet ir vizualiai padidina erdv\u0119, suteikdamas jai ry\u0161kumo ir gylio. [\u2026]<\/p>","protected":false},"featured_media":255465,"comment_status":"open","ping_status":"open","template":"","meta":[],"product_brand":[],"product_cat":[2457,1177],"product_tag":[],"class_list":{"0":"post-255464","1":"product","2":"type-product","3":"status-publish","4":"has-post-thumbnail","6":"product_cat-liveo","7":"product_cat-wardrobes","9":"first","10":"instock","11":"purchasable","12":"product-type-simple"},"_links":{"self":[{"href":"https:\/\/baldumarket.lt\/lt\/wp-json\/wp\/v2\/product\/255464","targetHints":{"allow":["GET"]}}],"collection":[{"href":"https:\/\/baldumarket.lt\/lt\/wp-json\/wp\/v2\/product"}],"about":[{"href":"https:\/\/baldumarket.lt\/lt\/wp-json\/wp\/v2\/types\/product"}],"replies":[{"embeddable":true,"href":"https:\/\/baldumarket.lt\/lt\/wp-json\/wp\/v2\/comments?post=255464"}],"wp:featuredmedia":[{"embeddable":true,"href":"https:\/\/baldumarket.lt\/lt\/wp-json\/wp\/v2\/media\/255465"}],"wp:attachment":[{"href":"https:\/\/baldumarket.lt\/lt\/wp-json\/wp\/v2\/media?parent=255464"}],"wp:term":[{"taxonomy":"product_brand","embeddable":true,"href":"https:\/\/baldumarket.lt\/lt\/wp-json\/wp\/v2\/product_brand?post=255464"},{"taxonomy":"product_cat","embeddable":true,"href":"https:\/\/baldumarket.lt\/lt\/wp-json\/wp\/v2\/product_cat?post=255464"},{"taxonomy":"product_tag","embeddable":true,"href":"https:\/\/baldumarket.lt\/lt\/wp-json\/wp\/v2\/product_tag?post=255464"}],"curies":[{"name":"wp","href":"https:\/\/api.w.org\/{rel}","templated":true}]}}