{"id":255456,"date":"2026-01-10T22:35:38","date_gmt":"2026-01-10T19:35:38","guid":{"rendered":"https:\/\/baldumarket.lt\/product\/mati-mi13-biurko-uniwersalne-lewostronne-prawostronne\/"},"modified":"2026-02-11T18:30:52","modified_gmt":"2026-02-11T15:30:52","slug":"mati-mi13-biurko-uniwersalne-lewostronne-prawostronne","status":"publish","type":"product","link":"https:\/\/baldumarket.lt\/lt\/product\/mati-mi13-biurko-uniwersalne-lewostronne-prawostronne\/","title":{"rendered":"MATI MI13 UNIVERSALUS STALAS KAIR\u0116\/DE\u0160IN\u0116"},"content":{"rendered":"<p>Pagerinkite savo darbo ir mokymosi komfort\u0105 su \u201eMati MI13\u201c stalu \u2013 moderniu baldu, kuriame dera elegancija ir funkcionalumas. \u0160is stalas puikus pasirinkimas tiems, kurie vertina stili\u0173, patogum\u0105 ir prakti\u0161kum\u0105. Erdvus stalvir\u0161is leid\u017eia patogiai dirbti kompiuteriu, ra\u0161yti ar mokytis. Erdvus stal\u010dius ir lentynos leid\u017eia susitvarkyti dokumentus, aksesuarus ir kitus daiktus, kuriuos norite visada tur\u0117ti po ranka. \u0160is stalas puikiai tinka nam\u0173 biurui, jaunimo kambariui ar biurui.<\/p>\n<p>Plotis 118 cm Gylis 61 cm Auk\u0161tis 77 cm Produkto svoris su pakuote 36,10 kg Gamintojo kodas \/ simbolis MI13 Kolekcijos pavadinimas MATI Pavadinimas b2b sistemoje MATI MI13 \u0104\u017dUOLO KREMINIS KOTTA\/\u010cIOS SPALVOS STALAS L\/P KOMPLEKTAS Produkto pakuo\u010di\u0173 skai\u010dius 3 Stilius Modernus \u012eranga Surinkimo instrukcijos \/ surinkimo priedai Surinkimui Savaranki\u0161kam surinkimui Korpuso spalva Kremonos kota \u0105\u017euolas Korpuso med\u017eiaga \/ tipas \/ storis 16 mm baldin\u0117 plok\u0161t\u0117 Vir\u0161utinio korpuso vir\u0161utinio sluoksnio med\u017eiaga \/ tipas \/ storis 16 mm baldin\u0117 plok\u0161t\u0117 Apatinio korpuso vir\u0161utinio sluoksnio med\u017eiaga \/ tipas \/ storis 16 mm baldin\u0117 plok\u0161t\u0117 Pagrindo med\u017eiaga \/ tipas \/ storis 16 mm baldin\u0117 plok\u0161t\u0117 Lentynos spalva Kremonos kota \u0105\u017euolas Lentynos med\u017eiaga \/ tipas \/ storis 16 mm baldin\u0117 plok\u0161t\u0117 Lentyn\u0173 kiekis 1 Galin\u0117s sienel\u0117s med\u017eiaga \/ tipas \/ storis 2,5 mm HDF baldin\u0117 plok\u0161t\u0117 Matoma galin\u0117s sienel\u0117s dalis Spalva: Kremonos kota \u0105\u017euolas Priekis: Kremonos kota \u0105\u017euolas \/ Juoda Priekis: Med\u017eiaga \/ tipas \/ storis: 16 mm baldin\u0117 plok\u0161t\u0117 \/ lamel\u0117s: 16 mm MDF baldin\u0117 plok\u0161t\u0117 Priekinis vyris: \u2300 35 mm, reguliuojamas trijose plok\u0161tumose Priekin\u0117 rankena \/ Apdaila \/ Spalva: Plastikas \/ Juoda \u0160velnaus u\u017edarymo dureli\u0173 sistema Standartin\u0117 Pilno i\u0161traukimo stal\u010di\u0173 b\u0117geliai Kojel\u0117 \/ Apdaila \/ Spalva: Nereguliuojama \/ Bald\u0173 b\u0117gelis \/ Plastikas \/ Juoda Dureli\u0173 skai\u010dius: 1 Stal\u010di\u0173 skai\u010dius: 1 U\u017edar\u0173 ni\u0161\u0173 skai\u010dius: 2 Universalus korpusas: kairiarankiams \/ de\u0161iniarankiams TAIP<\/p>","protected":false},"excerpt":{"rendered":"<p>Pagerinkite savo darbo ir mokymosi komfort\u0105 su \u201eMati MI13\u201c stalu \u2013 moderniu baldu, kuriame dera elegancija ir funkcionalumas. \u0160is stalas puikus pasirinkimas tiems, kurie vertina stili\u0173, patogum\u0105 ir prakti\u0161kum\u0105. Erdvus stalvir\u0161is leid\u017eia patogiai dirbti kompiuteriu, ra\u0161yti ar mokytis. Erdvus stal\u010dius ir lentynos leid\u017eia [\u2026]<\/p>","protected":false},"featured_media":255457,"comment_status":"open","ping_status":"open","template":"","meta":[],"product_brand":[],"product_cat":[1312,2457],"product_tag":[],"class_list":{"0":"post-255456","1":"product","2":"type-product","3":"status-publish","4":"has-post-thumbnail","6":"product_cat-desks","7":"product_cat-liveo","9":"first","10":"instock","11":"purchasable","12":"product-type-simple"},"_links":{"self":[{"href":"https:\/\/baldumarket.lt\/lt\/wp-json\/wp\/v2\/product\/255456","targetHints":{"allow":["GET"]}}],"collection":[{"href":"https:\/\/baldumarket.lt\/lt\/wp-json\/wp\/v2\/product"}],"about":[{"href":"https:\/\/baldumarket.lt\/lt\/wp-json\/wp\/v2\/types\/product"}],"replies":[{"embeddable":true,"href":"https:\/\/baldumarket.lt\/lt\/wp-json\/wp\/v2\/comments?post=255456"}],"wp:featuredmedia":[{"embeddable":true,"href":"https:\/\/baldumarket.lt\/lt\/wp-json\/wp\/v2\/media\/255457"}],"wp:attachment":[{"href":"https:\/\/baldumarket.lt\/lt\/wp-json\/wp\/v2\/media?parent=255456"}],"wp:term":[{"taxonomy":"product_brand","embeddable":true,"href":"https:\/\/baldumarket.lt\/lt\/wp-json\/wp\/v2\/product_brand?post=255456"},{"taxonomy":"product_cat","embeddable":true,"href":"https:\/\/baldumarket.lt\/lt\/wp-json\/wp\/v2\/product_cat?post=255456"},{"taxonomy":"product_tag","embeddable":true,"href":"https:\/\/baldumarket.lt\/lt\/wp-json\/wp\/v2\/product_tag?post=255456"}],"curies":[{"name":"wp","href":"https:\/\/api.w.org\/{rel}","templated":true}]}}