{"id":255444,"date":"2026-01-10T22:35:30","date_gmt":"2026-01-10T19:35:30","guid":{"rendered":"https:\/\/baldumarket.lt\/product\/mati-mi11-polka-wiszaca\/"},"modified":"2026-02-11T18:30:52","modified_gmt":"2026-02-11T15:30:52","slug":"mati-mi11-polka-wiszaca","status":"publish","type":"product","link":"https:\/\/baldumarket.lt\/lt\/product\/mati-mi11-polka-wiszaca\/","title":{"rendered":"MATI MI11 PAKABINAME LENTYNA"},"content":{"rendered":"<p>Pakabinama lentyna \u201eMati MI11\u201c sujungia elegancij\u0105 ir funkcionalum\u0105. Tai puikus j\u016bs\u0173 interjero papildymas. Ji papildo bet kok\u012f MATI kolekcijos dizain\u0105. Idealiai tinka svetain\u0117ms, miegamiesiems, biurams ir koridoriams.<\/p>\n<p>Plotis 105 cm Gylis 23,5 cm Auk\u0161tis 22 cm Produkto svoris su pakuote 6,15 kg Gamintojo kodas \/ simbolis MI11 Kolekcijos pavadinimas MATI Pavadinimas b2b sistemoje MATI MI11 CREM COTTA OAK SHELF SET Produkto pakuo\u010di\u0173 skai\u010dius 1 Stilius Modernus \u012eranga Surinkimo instrukcijos \/ surinkimo priedai Surinkimas Savaranki\u0161kam surinkimui Spalvos Cremona cotta \u0105\u017euolas Korpuso med\u017eiaga \/ tipas \/ storis 16 mm bald\u0173 plok\u0161t\u0117 Korpuso vir\u0161utin\u0117s dalies med\u017eiaga \/ tipas \/ storis 16 mm bald\u0173 plok\u0161t\u0117 Korpuso \u012franga Reguliuojami bald\u0173 pakabos<\/p>","protected":false},"excerpt":{"rendered":"<p>Pakabinama lentyna \u201eMati MI11\u201c sujungia elegancij\u0105 ir funkcionalum\u0105. Tai puikus j\u016bs\u0173 interjero papildymas. Ji papildo bet kok\u012f MATI kolekcijos dizain\u0105. Idealiai tinka svetain\u0117ms, miegamiesiems, biurams ir koridoriams. Plotis 105 cm Gylis 23,5 cm Auk\u0161tis 22 cm Gaminio svoris su pakuote 6,15 kg Gamintojo kodas \/ simbolis MI11 Kolekcijos pavadinimas MATI [\u2026]<\/p>","protected":false},"featured_media":255445,"comment_status":"open","ping_status":"open","template":"","meta":[],"product_brand":[],"product_cat":[1174,2457],"product_tag":[],"class_list":{"0":"post-255444","1":"product","2":"type-product","3":"status-publish","4":"has-post-thumbnail","6":"product_cat-hanging-shelves","7":"product_cat-liveo","9":"first","10":"instock","11":"purchasable","12":"product-type-simple"},"_links":{"self":[{"href":"https:\/\/baldumarket.lt\/lt\/wp-json\/wp\/v2\/product\/255444","targetHints":{"allow":["GET"]}}],"collection":[{"href":"https:\/\/baldumarket.lt\/lt\/wp-json\/wp\/v2\/product"}],"about":[{"href":"https:\/\/baldumarket.lt\/lt\/wp-json\/wp\/v2\/types\/product"}],"replies":[{"embeddable":true,"href":"https:\/\/baldumarket.lt\/lt\/wp-json\/wp\/v2\/comments?post=255444"}],"wp:featuredmedia":[{"embeddable":true,"href":"https:\/\/baldumarket.lt\/lt\/wp-json\/wp\/v2\/media\/255445"}],"wp:attachment":[{"href":"https:\/\/baldumarket.lt\/lt\/wp-json\/wp\/v2\/media?parent=255444"}],"wp:term":[{"taxonomy":"product_brand","embeddable":true,"href":"https:\/\/baldumarket.lt\/lt\/wp-json\/wp\/v2\/product_brand?post=255444"},{"taxonomy":"product_cat","embeddable":true,"href":"https:\/\/baldumarket.lt\/lt\/wp-json\/wp\/v2\/product_cat?post=255444"},{"taxonomy":"product_tag","embeddable":true,"href":"https:\/\/baldumarket.lt\/lt\/wp-json\/wp\/v2\/product_tag?post=255444"}],"curies":[{"name":"wp","href":"https:\/\/api.w.org\/{rel}","templated":true}]}}