{"id":255436,"date":"2026-01-10T22:35:27","date_gmt":"2026-01-10T19:35:27","guid":{"rendered":"https:\/\/baldumarket.lt\/product\/mati-mi10-szafa\/"},"modified":"2026-02-11T18:30:52","modified_gmt":"2026-02-11T15:30:52","slug":"mati-mi10-szafa","status":"publish","type":"product","link":"https:\/\/baldumarket.lt\/lt\/product\/mati-mi10-szafa\/","title":{"rendered":"MATI MI10 drabu\u017ei\u0173 spinta"},"content":{"rendered":"<p>\u201eMati MI10\u201c spinta \u2013 tai modernus baldas, kuriame dera elegancija ir funkcionalumas. Pagaminta i\u0161 tvirtos baldin\u0117s plok\u0161t\u0117s, stilingai derinant \u201eCremona Cotta\u201c \u0105\u017euolo ir juodos spalvos spalvas, ji puikiai tiks bet kokiame interjere. Erdvus vidus skirtas patogiam drabu\u017ei\u0173 ir kit\u0173 daikt\u0173 laikymui. Spintoje yra lentynos ir pakaba, tod\u0117l gal\u0117site susisteminti savo garderob\u0105 pagal savo poreikius. D\u0117l esteti\u0161kos apdailos ir auk\u0161tos kokyb\u0117s med\u017eiag\u0173 \u201eMati MI10\u201c spinta bus ne tik prakti\u0161ka, bet ir stilinga j\u016bs\u0173 namuose.<\/p>\n<p>Plotis 90,5 cm Gylis 56 cm Auk\u0161tis 202 cm Produkto svoris su pakuote 75,15 kg Gamintojo kodas \/ simbolis MI10 Kolekcijos pavadinimas MATI Pavadinimas b2b sistemoje MATI MI10 \u0104\u017dUOLAS KREM COTTA\/CZ SPINTEL\u0116 KPL Produkto pakuo\u010di\u0173 skai\u010dius 4 Stilius Modernus \u012eranga Surinkimo instrukcijos \/ surinkimo priedai Surinkimas Savaranki\u0161kam surinkimui Korpuso spalva Kremonos kota \u0105\u017euolas \/ Juoda Korpuso med\u017eiaga \/ tipas \/ storis 16 mm baldin\u0117 lenta Korpuso vir\u0161utin\u0117 dalis \/ tipas \/ storis 16 mm baldin\u0117 lenta Korpuso apa\u010dia \/ tipas \/ storis 16 mm baldin\u0117 lenta Korpuso pagrindo dalis \/ tipas \/ storis 16 mm baldin\u0117 lenta Lentynos spalva Kremonos kota \u0105\u017euolas Lentynos med\u017eiaga \/ tipas \/ storis 16 mm baldin\u0117 lenta Lentyn\u0173 kiekis 2 Galin\u0117s sienel\u0117s med\u017eiaga \/ tipas \/ storis 2,5 mm HDF baldin\u0117 plok\u0161t\u0117 Matoma galin\u0117s sienel\u0117s dalis Spalva: \u0104\u017euolo kota Priekis: Kremonos kota \u0105\u017euolas \/ Juoda Priekis: Med\u017eiaga \/ Tipas \/ Storis: 16 mm baldin\u0117 lenta \/ Lamel\u0117s: 16 mm MDF baldin\u0117 lenta Priekinis vyris: \u2300 35 mm, reguliuojamas trijose plok\u0161tumose Priekin\u0117 rankena \/ Apdaila \/ Spalva: Plastikas \/ Juoda \u0160velniai u\u017esidaranti dur\u0173 sistema Standarti\u0161kai Kojel\u0117 \/ Apdaila \/ Spalva: Nereguliuojama \/ Metalin\u0117 \/ Juoda Kojel\u0117s auk\u0161tis: 150 mm Dureli\u0173 skai\u010dius: 4 U\u017edar\u0173 ni\u0161\u0173 skai\u010dius: 5 Korpuso \u012franga: 1 pakaba (standartin\u0117 komplektacija)<\/p>","protected":false},"excerpt":{"rendered":"<p>\u201eMati MI10\u201c spinta \u2013 tai modernus baldas, kuriame dera elegancija ir funkcionalumas. Pagaminta i\u0161 tvirtos baldin\u0117s plok\u0161t\u0117s, stilingai derinant \u201eCremona Cotta\u201c \u0105\u017euolo ir juodos spalvos spalvas, ji puikiai tiks bet kokiame interjere. Erdvus vidus skirtas patogiam drabu\u017ei\u0173 ir kit\u0173 daikt\u0173 laikymui. Spinta turi lentynas [\u2026]<\/p>","protected":false},"featured_media":255437,"comment_status":"open","ping_status":"open","template":"","meta":[],"product_brand":[],"product_cat":[2457,1177],"product_tag":[],"class_list":{"0":"post-255436","1":"product","2":"type-product","3":"status-publish","4":"has-post-thumbnail","6":"product_cat-liveo","7":"product_cat-wardrobes","9":"first","10":"instock","11":"purchasable","12":"product-type-simple"},"_links":{"self":[{"href":"https:\/\/baldumarket.lt\/lt\/wp-json\/wp\/v2\/product\/255436","targetHints":{"allow":["GET"]}}],"collection":[{"href":"https:\/\/baldumarket.lt\/lt\/wp-json\/wp\/v2\/product"}],"about":[{"href":"https:\/\/baldumarket.lt\/lt\/wp-json\/wp\/v2\/types\/product"}],"replies":[{"embeddable":true,"href":"https:\/\/baldumarket.lt\/lt\/wp-json\/wp\/v2\/comments?post=255436"}],"wp:featuredmedia":[{"embeddable":true,"href":"https:\/\/baldumarket.lt\/lt\/wp-json\/wp\/v2\/media\/255437"}],"wp:attachment":[{"href":"https:\/\/baldumarket.lt\/lt\/wp-json\/wp\/v2\/media?parent=255436"}],"wp:term":[{"taxonomy":"product_brand","embeddable":true,"href":"https:\/\/baldumarket.lt\/lt\/wp-json\/wp\/v2\/product_brand?post=255436"},{"taxonomy":"product_cat","embeddable":true,"href":"https:\/\/baldumarket.lt\/lt\/wp-json\/wp\/v2\/product_cat?post=255436"},{"taxonomy":"product_tag","embeddable":true,"href":"https:\/\/baldumarket.lt\/lt\/wp-json\/wp\/v2\/product_tag?post=255436"}],"curies":[{"name":"wp","href":"https:\/\/api.w.org\/{rel}","templated":true}]}}