{"id":25543,"date":"2025-11-14T16:49:37","date_gmt":"2025-11-14T13:49:37","guid":{"rendered":"https:\/\/baldumarket.lt\/product\/lanzzi-180-komoda-czarny-mat-czarny-mat\/"},"modified":"2026-03-24T18:20:13","modified_gmt":"2026-03-24T15:20:13","slug":"lanzzi-180-komoda-czarny-mat-czarny-mat","status":"publish","type":"product","link":"https:\/\/baldumarket.lt\/lt\/product\/lanzzi-180-komoda-czarny-mat-czarny-mat\/","title":{"rendered":"Lanzzi 180 komoda, matin\u0117 juoda \/ matin\u0117 juoda"},"content":{"rendered":"<p>Didel\u0117 \u201cLanzzi\u201d komoda su vienu erdviu stal\u010diumi pasi\u017eymi \u0161variu siluetu ir neutralia, tvirta apdaila, kuri dera su beveik bet kokia spalv\u0173 palete. Stal\u010dius atsidaro skland\u017eiai ir yra prakti\u0161kai tylus d\u0117l \u0161velnaus u\u017edarymo funkcijos. Be to, komodoje yra dvi didel\u0117s lentynos, pasl\u0117ptos u\u017e poros rakinam\u0173 dureli\u0173. Tre\u010dioji lentyna yra neu\u017edengta, tod\u0117l galite joje laikyti nuotraukas ar \u017evakes. Beveik dviej\u0173 metr\u0173 plo\u010dio \u201eLanzzi\u201c komoda leid\u017eia laikyti daug papildomos patalyn\u0117s, mar\u0161kini\u0173, kelni\u0173 ir kit\u0173 b\u016btiniausi\u0173 daikt\u0173. Matin\u0117s bald\u0173 spalvos galimos \u0161iomis konfig\u016bracijomis: matin\u0117 juoda kartu su meni\u0161ku \u0105\u017euolu arba tiesiog matin\u0117 juoda. Tai leid\u017eia rinktis i\u0161 populiarios juodos spalvos arba nat\u016bralios medienos. Juod\u0105 variant\u0105 papildo auksin\u0117s ranken\u0117l\u0117s. Antrasis variantas atsidaro naudojant \u201estumiant atidaromus\u201c vyrius, kuriems pasiekti \u201eLanzzi\u201c komodos lentynas ar stal\u010di\u0173 tereikia lengvai paspausti. Juodos, metalin\u0117s, 20 centimetr\u0173 ilgio kojel\u0117s suteikia baldui stabilumo poj\u016bt\u012f ir yra \u012fdomus papildymas. Galima rinktis i\u0161 dviej\u0173 spalv\u0173: Auk\u0161tis: 80 cm; Gylis: 40 cm; Plotis: 180 cm; Svoris: 51 kg; Med\u017eiagos konfig\u016bracija: matin\u0117 juoda + meni\u0161kas \u0105\u017euolas \/ matin\u0117 juoda + matin\u0117 juoda; R\u0117mo spalva: juoda; Med\u017eiaga: MDF; Kojel\u0117s pagamintos i\u0161 metalo; Kojeli\u0173 auk\u0161tis: 20 cm; Stal\u010di\u0173 skai\u010dius: 1; Dureli\u0173 skai\u010dius: 2; U\u017edar\u0173 lentyn\u0173 skai\u010dius: 2; Atvir\u0173 lentyn\u0173 skai\u010dius: 1.<\/p>","protected":false},"excerpt":{"rendered":"<p>Didel\u0117 \u201eLanzzi\u201c komoda su vienu erdviu stal\u010diumi pasi\u017eymi \u0161variu siluetu ir neutralia, tvirta apdaila, kuri dera prie beveik bet kokios spalv\u0173 palet\u0117s. Stal\u010dius atsidaro skland\u017eiai ir yra prakti\u0161kai tylus d\u0117l \u0161velnaus u\u017edarymo funkcijos. Be to, komodoje yra dvi didel\u0117s lentynos, pasl\u0117ptos u\u017e poros rakinam\u0173 [\u2026]<\/p>","protected":false},"featured_media":25544,"comment_status":"open","ping_status":"open","template":"","meta":[],"product_brand":[],"product_cat":[1173,2012,9164],"product_tag":[],"class_list":{"0":"post-25543","1":"product","2":"type-product","3":"status-publish","4":"has-post-thumbnail","6":"product_cat-chests-of-drawers","7":"product_cat-eltap","8":"product_cat-komody-eltap","9":"pa_frame-material-undefined","10":"pa_frame-material-type-undefined","11":"pa_leg-color-undefined","12":"pa_leg-material-undefined","13":"pa_linen-box-undefined","14":"pa_main-color-black","15":"pa_price-group-basic","16":"pa_seat-depth-undefined","17":"pa_seat-width-undefined","18":"pa_sleep-function-undefined","19":"pa_sleeping-area-length-undefined","20":"pa_sleeping-area-width-undefined","21":"pa_style-modern","22":"pa_textile-czarny-mat-czarny-mat","23":"pa_upholstery-material-undefined","25":"first","26":"instock","27":"purchasable","28":"product-type-simple"},"_links":{"self":[{"href":"https:\/\/baldumarket.lt\/lt\/wp-json\/wp\/v2\/product\/25543","targetHints":{"allow":["GET"]}}],"collection":[{"href":"https:\/\/baldumarket.lt\/lt\/wp-json\/wp\/v2\/product"}],"about":[{"href":"https:\/\/baldumarket.lt\/lt\/wp-json\/wp\/v2\/types\/product"}],"replies":[{"embeddable":true,"href":"https:\/\/baldumarket.lt\/lt\/wp-json\/wp\/v2\/comments?post=25543"}],"wp:featuredmedia":[{"embeddable":true,"href":"https:\/\/baldumarket.lt\/lt\/wp-json\/wp\/v2\/media\/25544"}],"wp:attachment":[{"href":"https:\/\/baldumarket.lt\/lt\/wp-json\/wp\/v2\/media?parent=25543"}],"wp:term":[{"taxonomy":"product_brand","embeddable":true,"href":"https:\/\/baldumarket.lt\/lt\/wp-json\/wp\/v2\/product_brand?post=25543"},{"taxonomy":"product_cat","embeddable":true,"href":"https:\/\/baldumarket.lt\/lt\/wp-json\/wp\/v2\/product_cat?post=25543"},{"taxonomy":"product_tag","embeddable":true,"href":"https:\/\/baldumarket.lt\/lt\/wp-json\/wp\/v2\/product_tag?post=25543"}],"curies":[{"name":"wp","href":"https:\/\/api.w.org\/{rel}","templated":true}]}}