{"id":255429,"date":"2026-01-10T22:35:24","date_gmt":"2026-01-10T19:35:24","guid":{"rendered":"https:\/\/baldumarket.lt\/product\/mati-mi09-szafka-uniwersalna-lewostronna-prawostronna\/"},"modified":"2026-02-11T18:30:52","modified_gmt":"2026-02-11T15:30:52","slug":"mati-mi09-szafka-uniwersalna-lewostronna-prawostronna","status":"publish","type":"product","link":"https:\/\/baldumarket.lt\/lt\/product\/mati-mi09-szafka-uniwersalna-lewostronna-prawostronna\/","title":{"rendered":"MATI MI09 UNIVERSALI SPINTEL\u0116 KAIR\u0116\/DE\u0160IN\u0116"},"content":{"rendered":"<p>MATI MI09 spinta \u2013 stilingas ir prakti\u0161kas baldas, pagamintas i\u0161 auk\u0161tos kokyb\u0117s laminuotos medienos dro\u017eli\u0173 plok\u0161t\u0117s, pagamintos i\u0161 Cremona Cotta \u0105\u017euolo spalvos su eleganti\u0161kais juodais akcentais. 64 cm plo\u010dio, 40 cm gylio ir 198 cm auk\u0161\u010dio, ji yra erdvi ir funkcionali. \u0160velnaus u\u017edarymo dureli\u0173 sistema u\u017etikrina patog\u0173 ir ner\u016bpesting\u0105 naudojim\u0105. Spinta idealiai tinka \u012fvairiems kambariams, nes joje yra daug vietos drabu\u017eiams ir kitiems daiktams laikyti.<\/p>\n<p>Plotis 64 cm Gylis 40 cm Auk\u0161tis 202 cm Produkto svoris su pakuote 50,05 kg Gamintojo kodas \/ simbolis MI09 Kolekcijos pavadinimas MATI Pavadinimas b2b sistemoje MATI MI09 \u0104\u017dUOLO KREMIN\u0116 KOTTA\/\u010cESNAKIN\u0116 SPINTEL\u0116 L\/P KOMPLEKTAS Produkto pakuo\u010di\u0173 skai\u010dius 3 \u012eranga Surinkimo instrukcijos \/ surinkimo priedai Surinkimas Savaranki\u0161kam surinkimui Korpuso spalva Kremonos kota \u0105\u017euolas \/ Juoda Korpuso med\u017eiaga \/ tipas \/ storis 16 mm baldin\u0117 plok\u0161t\u0117 Korpuso vir\u0161utin\u0117 dalis \/ tipas \/ storis 16 mm baldin\u0117 plok\u0161t\u0117 Korpuso apa\u010dia \/ tipas \/ storis 16 mm baldin\u0117 plok\u0161t\u0117 Korpuso pagrindo dalis \/ tipas \/ storis 16 mm baldin\u0117 plok\u0161t\u0117 Lentynos spalva Kremonos kota \u0105\u017euolas Lentynos med\u017eiaga \/ tipas \/ storis 16 mm baldin\u0117 plok\u0161t\u0117 Lentyn\u0173 kiekis 3 Galin\u0117s sienel\u0117s med\u017eiaga \/ tipas \/ storis 2,5 mm HDF baldin\u0117 plok\u0161t\u0117 Matoma galin\u0117s sienel\u0117s dalis Spalva: \u0104\u017euolo kota Priekis: Kremonos kota \u0105\u017euolas \/ Juoda Priekis: Med\u017eiaga \/ tipas \/ storis: 16 mm baldin\u0117 plok\u0161t\u0117 \/ lamel\u0117s: 16 mm MDF baldin\u0117 plok\u0161t\u0117 Priekinis vyris: \u2300 35 mm, reguliuojamas trijose plok\u0161tumose Priekin\u0117 rankena \/ apdaila \/ spalva: Plastikas \/ juoda \u0160velnaus u\u017edarymo dureli\u0173 sistema: Standartin\u0117 Kojel\u0117 \/ apdaila \/ spalva: Nereguliuojama \/ metalin\u0117 \/ juoda Kojel\u0117s auk\u0161tis: 150 mm Dureli\u0173 skai\u010dius: 2 U\u017edar\u0173 ni\u0161\u0173 skai\u010dius: 5 Universalus korpusas: kairiarankiams \/ de\u0161iniarankiams TAIP<\/p>","protected":false},"excerpt":{"rendered":"<p>MATI MI09 spinta \u2013 stilingas ir prakti\u0161kas baldas, pagamintas i\u0161 auk\u0161tos kokyb\u0117s laminuotos lentos \u201eCremona Cotta Oak\u201c spalvos su eleganti\u0161kais juodais akcentais. 64 cm plo\u010dio, 40 cm gylio ir 198 cm auk\u0161\u010dio, ji yra erdvi ir funkcionali. \u0160velnaus u\u017edarymo dureli\u0173 sistema u\u017etikrina patog\u0173 ir be r\u016bpes\u010di\u0173 naudojim\u0105. Spinta idealiai tinka [\u2026]<\/p>","protected":false},"featured_media":255430,"comment_status":"open","ping_status":"open","template":"","meta":[],"product_brand":[],"product_cat":[2457,1177],"product_tag":[],"class_list":{"0":"post-255429","1":"product","2":"type-product","3":"status-publish","4":"has-post-thumbnail","6":"product_cat-liveo","7":"product_cat-wardrobes","9":"first","10":"instock","11":"purchasable","12":"product-type-simple"},"_links":{"self":[{"href":"https:\/\/baldumarket.lt\/lt\/wp-json\/wp\/v2\/product\/255429","targetHints":{"allow":["GET"]}}],"collection":[{"href":"https:\/\/baldumarket.lt\/lt\/wp-json\/wp\/v2\/product"}],"about":[{"href":"https:\/\/baldumarket.lt\/lt\/wp-json\/wp\/v2\/types\/product"}],"replies":[{"embeddable":true,"href":"https:\/\/baldumarket.lt\/lt\/wp-json\/wp\/v2\/comments?post=255429"}],"wp:featuredmedia":[{"embeddable":true,"href":"https:\/\/baldumarket.lt\/lt\/wp-json\/wp\/v2\/media\/255430"}],"wp:attachment":[{"href":"https:\/\/baldumarket.lt\/lt\/wp-json\/wp\/v2\/media?parent=255429"}],"wp:term":[{"taxonomy":"product_brand","embeddable":true,"href":"https:\/\/baldumarket.lt\/lt\/wp-json\/wp\/v2\/product_brand?post=255429"},{"taxonomy":"product_cat","embeddable":true,"href":"https:\/\/baldumarket.lt\/lt\/wp-json\/wp\/v2\/product_cat?post=255429"},{"taxonomy":"product_tag","embeddable":true,"href":"https:\/\/baldumarket.lt\/lt\/wp-json\/wp\/v2\/product_tag?post=255429"}],"curies":[{"name":"wp","href":"https:\/\/api.w.org\/{rel}","templated":true}]}}