{"id":255423,"date":"2026-01-10T22:35:21","date_gmt":"2026-01-10T19:35:21","guid":{"rendered":"https:\/\/baldumarket.lt\/product\/mati-mi08-regal-uniwersalny-lewostronny-prawostronny\/"},"modified":"2026-02-11T18:30:52","modified_gmt":"2026-02-11T15:30:52","slug":"mati-mi08-regal-uniwersalny-lewostronny-prawostronny","status":"publish","type":"product","link":"https:\/\/baldumarket.lt\/lt\/product\/mati-mi08-regal-uniwersalny-lewostronny-prawostronny\/","title":{"rendered":"MATI MI08 UNIVERSALIOS LENTYNOS KAIR\u0116\/DE\u0160IN\u0116"},"content":{"rendered":"<p>MATI MI08 knyg\u0173 lentyna \u2013 eleganti\u0161kas ir funkcionalus baldas, pagamintas i\u0161 auk\u0161tos kokyb\u0117s laminuotos Cremona Cotta \u0105\u017euolo medienos dro\u017eli\u0173 plok\u0161t\u0117s su juodais akcentais. Jos plotis \u2013 64 cm, gylis \u2013 40 cm, o auk\u0161tis \u2013 198 cm. \u012erengta \u0161velnaus u\u017edarymo dureli\u0173 sistema, u\u017etikrinanti patog\u0173 naudojim\u0105. Ji idealiai tinka svetainei, biurui ar jaunimo kambariui, nes suteikia vietos knygoms, dekoracijoms ir kitiems daiktams laikyti.<\/p>\n<p>Plotis 64 cm Gylis 40 cm Auk\u0161tis 202 cm Produkto svoris su pakuote 41,45 kg Gamintojo kodas \/ simbolis MI08 Kolekcijos pavadinimas MATI Pavadinimas b2b sistemoje MATI MI08 CREM COTTA OAK\/CZ LENTYN\u0172 KOMPLEKTAS Produkto pakuo\u010di\u0173 skai\u010dius 3 Stilius Modernus \u012eranga Surinkimo instrukcijos \/ surinkimo priedai Surinkimui Savaranki\u0161kam surinkimui Korpuso spalva Cremona cotta \u0105\u017euolas \/ Juoda Korpuso med\u017eiaga \/ tipas \/ storis 16 mm baldin\u0117 plok\u0161t\u0117 Korpuso vir\u0161utin\u0117 dalis \/ tipas \/ storis 16 mm baldin\u0117 plok\u0161t\u0117 Korpuso apa\u010dia \/ tipas \/ storis 16 mm baldin\u0117 plok\u0161t\u0117 Korpuso pagrindo dalis \/ tipas \/ storis 16 mm baldin\u0117 plok\u0161t\u0117 Lentynos spalva Cremona cotta \u0105\u017euolas Lentynos med\u017eiaga \/ tipas \/ storis 16 mm baldin\u0117 plok\u0161t\u0117 Lentyn\u0173 kiekis 3 Galin\u0117s sienel\u0117s med\u017eiaga \/ tipas \/ storis 2,5 mm HDF baldin\u0117 plok\u0161t\u0117 Matoma galin\u0117s sienel\u0117s dalis spalva Cotta \u0105\u017euolas Priekin\u0117 spalva Cremona cotta \u0105\u017euolas \/ Juoda Priekin\u0117s apdailos med\u017eiaga \/ tipas \/ storis 16 mm baldin\u0117 plok\u0161t\u0117 \/ lamel\u0117s 16 mm MDF baldin\u0117 plok\u0161t\u0117 Priekinis vyris \u2300 35 mm reguliuojamas trijose plok\u0161tumose Priekin\u0117 rankena \/ apdaila \/ spalva Plastikas \/ juoda \u0160velnaus u\u017edarymo dur\u0173 sistema Standartin\u0117 Kojel\u0117 \/ apdaila \/ spalva Nereguliuojama \/ metalin\u0117 \/ juoda Kojel\u0117s auk\u0161tis 150 mm Dureli\u0173 skai\u010dius 1 Atvir\u0173 ni\u0161\u0173 skai\u010dius 3 U\u017edar\u0173 ni\u0161\u0173 skai\u010dius 2 Universalus korpusas kairinis \/ de\u0161ininis TAIP<\/p>","protected":false},"excerpt":{"rendered":"<p>MATI MI08 knyg\u0173 lentyna \u2013 eleganti\u0161kas ir funkcionalus baldas, pagamintas i\u0161 auk\u0161tos kokyb\u0117s laminuotos Cremona Cotta \u0105\u017euolo medienos dro\u017eli\u0173 plok\u0161t\u0117s su juodais akcentais. Jos plotis \u2013 64 cm, gylis \u2013 40 cm, o auk\u0161tis \u2013 198 cm. \u012erengta \u0161velnaus u\u017edarymo dureli\u0173 sistema, u\u017etikrinanti patog\u0173 naudojim\u0105. Ji idealiai tinka svetainei, biurui ar jaunimo [\u2026]<\/p>","protected":false},"featured_media":255400,"comment_status":"open","ping_status":"open","template":"","meta":[],"product_brand":[],"product_cat":[2457,1177],"product_tag":[],"class_list":{"0":"post-255423","1":"product","2":"type-product","3":"status-publish","4":"has-post-thumbnail","6":"product_cat-liveo","7":"product_cat-wardrobes","9":"first","10":"instock","11":"purchasable","12":"product-type-simple"},"_links":{"self":[{"href":"https:\/\/baldumarket.lt\/lt\/wp-json\/wp\/v2\/product\/255423","targetHints":{"allow":["GET"]}}],"collection":[{"href":"https:\/\/baldumarket.lt\/lt\/wp-json\/wp\/v2\/product"}],"about":[{"href":"https:\/\/baldumarket.lt\/lt\/wp-json\/wp\/v2\/types\/product"}],"replies":[{"embeddable":true,"href":"https:\/\/baldumarket.lt\/lt\/wp-json\/wp\/v2\/comments?post=255423"}],"wp:featuredmedia":[{"embeddable":true,"href":"https:\/\/baldumarket.lt\/lt\/wp-json\/wp\/v2\/media\/255400"}],"wp:attachment":[{"href":"https:\/\/baldumarket.lt\/lt\/wp-json\/wp\/v2\/media?parent=255423"}],"wp:term":[{"taxonomy":"product_brand","embeddable":true,"href":"https:\/\/baldumarket.lt\/lt\/wp-json\/wp\/v2\/product_brand?post=255423"},{"taxonomy":"product_cat","embeddable":true,"href":"https:\/\/baldumarket.lt\/lt\/wp-json\/wp\/v2\/product_cat?post=255423"},{"taxonomy":"product_tag","embeddable":true,"href":"https:\/\/baldumarket.lt\/lt\/wp-json\/wp\/v2\/product_tag?post=255423"}],"curies":[{"name":"wp","href":"https:\/\/api.w.org\/{rel}","templated":true}]}}