{"id":255415,"date":"2026-01-10T22:35:18","date_gmt":"2026-01-10T19:35:18","guid":{"rendered":"https:\/\/baldumarket.lt\/product\/mati-mi07-witryna-uniwersalna-lewostronna-prawostronna\/"},"modified":"2026-02-11T18:30:52","modified_gmt":"2026-02-11T15:30:52","slug":"mati-mi07-witryna-uniwersalna-lewostronna-prawostronna","status":"publish","type":"product","link":"https:\/\/baldumarket.lt\/lt\/product\/mati-mi07-witryna-uniwersalna-lewostronna-prawostronna\/","title":{"rendered":"MATI MI07 UNIVERSALUS KAIR\u0116S \/ DE\u0160IN\u0116S PUS\u0116S VITRINA"},"content":{"rendered":"<p>M\u016bs\u0173 MI07 vitrina pasi\u017eymi rafinuota Kremonos \u0105\u017euolo ir juodos spalv\u0173 gama \u2013 tobulu modernaus dizaino ir klasikinio stiliaus deriniu. Kiekvienas m\u016bs\u0173 vitrinos elementas yra kruop\u0161\u010diai pagamintas, kad atitikt\u0173 auk\u0161\u010diausius kokyb\u0117s standartus. Tiksli apdaila, tvirtas meistri\u0161kumas ir d\u0117mesys smulkiausioms detal\u0117ms garantuoja, kad gaminys tarnaus daugel\u012f met\u0173 neprarandant savo \u017eavesio. Tiems, kurie nori savo interjerui suteikti dar daugiau unikalumo, si\u016blome pasirinktin\u012f fonin\u012f ap\u0161vietim\u0105. Subtilus ap\u0161vietimas, diskreti\u0161kai integruotas \u012f vitrinos konstrukcij\u0105, i\u0161ry\u0161kina eksponuojam\u0173 daikt\u0173 gro\u017e\u012f, sukurdamas \u0161ilt\u0105 ir jauki\u0105 atmosfer\u0105.<\/p>\n<p>Plotis 64 cm Gylis 40 cm Auk\u0161tis 202 cm Produkto svoris su pakuote 51,58 kg Gamintojo kodas \/ simbolis MI07 Kolekcijos pavadinimas MATI Pavadinimas b2b sistemoje MATI MI07 \u0104\u017dUOLO KREMIN\u0116 KOTTA\/\u010cESNAKIN\u0116 VITRIN\u0116 L\/P KOMPLEKTAS Produkto pakuo\u010di\u0173 skai\u010dius 3 Stilius Moderni \u012eranga Surinkimo instrukcijos \/ surinkimo priedai Surinkimas Savaranki\u0161kam surinkimui Korpuso spalva Kremonos kota \u0105\u017euolas \/ Juoda Korpuso med\u017eiaga \/ tipas \/ storis 16 mm baldin\u0117 plok\u0161t\u0117 Vir\u0161utinio korpuso vir\u0161utinio sluoksnio med\u017eiaga \/ tipas \/ storis 16 mm baldin\u0117 plok\u0161t\u0117 Apatinio korpuso vir\u0161utinio sluoksnio med\u017eiaga \/ tipas \/ storis 16 mm baldin\u0117 plok\u0161t\u0117 Pagrindo korpuso med\u017eiaga \/ tipas \/ storis 16 mm baldin\u0117 plok\u0161t\u0117 Lentynos spalva Kremonos kota \u0105\u017euolas Lentynos med\u017eiaga \/ tipas \/ storis 16 mm baldin\u0117 plok\u0161t\u0117 Lentyn\u0173 kiekis 1 Galin\u0117s sienel\u0117s med\u017eiaga \/ tipas \/ storis 2,5 mm HDF baldin\u0117 plok\u0161t\u0117 Matomos galin\u0117s sienel\u0117s dalies spalva Kota \u0105\u017euolas Priekin\u0117 spalva Kremonos kota \u0105\u017euolas \/ Juoda Priekin\u0117s med\u017eiagos \/ tipas \/ storis 16 mm baldin\u0117 plok\u0161t\u0117 \/ lentjuost\u0117s 16 mm MDF baldin\u0117 plok\u0161t\u0117 Priekinis vyris \u2300 35 mm, reguliuojamas trimis kryptimis Plok\u0161tumos Priekin\u0117 rankena \/ med\u017eiaga \/ spalva Plastikas \/ juoda Stiklin\u0117s priekin\u0117s dalies med\u017eiaga \/ stiklo spalva Gr\u016bdintas \/ skaidrus Stiklin\u0117s priekinio stiklo storis 4 mm Stiklin\u0117s lentynos stiklo spalva Skaidrus Stiklin\u0117s lentynos stiklo storis 5 mm Stiklini\u0173 lentyn\u0173 kiekis 2 \u0160velnaus u\u017edarymo dureli\u0173 sistema Standarti\u0161kai Kojel\u0117 \/ med\u017eiaga \/ spalva Nereguliuojama \/ metalin\u0117 \/ juoda Kojel\u0117s auk\u0161tis 150 mm Dureli\u0173 skai\u010dius 2 U\u017edar\u0173 ni\u0161\u0173 skai\u010dius u\u017e priekinio stiklo 3 U\u017edar\u0173 ni\u0161\u0173 skai\u010dius 2 Universalus korpusas kairinis \/ de\u0161ininis TAIP<\/p>","protected":false},"excerpt":{"rendered":"<p>M\u016bs\u0173 vitrina MI07 pasi\u017eymi rafinuota Kremonos \u0105\u017euolo ir juodos spalv\u0173 gama \u2013 tobulu modernaus dizaino ir klasikinio stiliaus deriniu. Kiekvienas m\u016bs\u0173 vitrinos elementas yra kruop\u0161\u010diai pagamintas, kad atitikt\u0173 auk\u0161\u010diausius kokyb\u0117s standartus. Tiksli apdaila, tvirtas meistri\u0161kumas ir d\u0117mesys smulkiausioms detal\u0117ms garantuoja, kad produktas [\u2026]<\/p>","protected":false},"featured_media":255416,"comment_status":"open","ping_status":"open","template":"","meta":[],"product_brand":[],"product_cat":[2457,2006],"product_tag":[],"class_list":{"0":"post-255415","1":"product","2":"type-product","3":"status-publish","4":"has-post-thumbnail","6":"product_cat-liveo","7":"product_cat-vitrines","9":"first","10":"instock","11":"purchasable","12":"product-type-simple"},"_links":{"self":[{"href":"https:\/\/baldumarket.lt\/lt\/wp-json\/wp\/v2\/product\/255415","targetHints":{"allow":["GET"]}}],"collection":[{"href":"https:\/\/baldumarket.lt\/lt\/wp-json\/wp\/v2\/product"}],"about":[{"href":"https:\/\/baldumarket.lt\/lt\/wp-json\/wp\/v2\/types\/product"}],"replies":[{"embeddable":true,"href":"https:\/\/baldumarket.lt\/lt\/wp-json\/wp\/v2\/comments?post=255415"}],"wp:featuredmedia":[{"embeddable":true,"href":"https:\/\/baldumarket.lt\/lt\/wp-json\/wp\/v2\/media\/255416"}],"wp:attachment":[{"href":"https:\/\/baldumarket.lt\/lt\/wp-json\/wp\/v2\/media?parent=255415"}],"wp:term":[{"taxonomy":"product_brand","embeddable":true,"href":"https:\/\/baldumarket.lt\/lt\/wp-json\/wp\/v2\/product_brand?post=255415"},{"taxonomy":"product_cat","embeddable":true,"href":"https:\/\/baldumarket.lt\/lt\/wp-json\/wp\/v2\/product_cat?post=255415"},{"taxonomy":"product_tag","embeddable":true,"href":"https:\/\/baldumarket.lt\/lt\/wp-json\/wp\/v2\/product_tag?post=255415"}],"curies":[{"name":"wp","href":"https:\/\/api.w.org\/{rel}","templated":true}]}}