{"id":255407,"date":"2026-01-10T22:35:14","date_gmt":"2026-01-10T19:35:14","guid":{"rendered":"https:\/\/baldumarket.lt\/product\/mati-mi06-witryna-niska\/"},"modified":"2026-02-11T18:30:52","modified_gmt":"2026-02-11T15:30:52","slug":"mati-mi06-witryna-niska","status":"publish","type":"product","link":"https:\/\/baldumarket.lt\/lt\/product\/mati-mi06-witryna-niska\/","title":{"rendered":"MATI MI06 \u017dEMA VITRINA"},"content":{"rendered":"<p>\u017dema vitrina MI06 yra eleganti\u0161kas ir funkcionalus baldas, kuris papildo bet kok\u012f interjer\u0105, suteikdamas jam stiliaus ir klas\u0117s. D\u0117l kompakti\u0161ko dizaino ji idealiai tinka laikyti \u012fvairius daiktus, tokius kaip knygos, dekoracijos, elektronika ir nam\u0173 aksesuarai, neu\u017eimant erdv\u0117s. \u012erengta \u012fvairi\u0173 lentyn\u0173, stal\u010di\u0173 ir durel\u0117mis, ji leid\u017eia prakti\u0161kai valdyti erdv\u0119 ir lengvai pasiekti laikomus daiktus. Papildomas privalumas yra foninio ap\u0161vietimo galimyb\u0117, o stiklin\u0117s durel\u0117mis ji suteikia interjerui elegancijos ir modernumo, tapdama ne tik prakti\u0161ku, bet ir dekoratyviniu elementu.<\/p>\n<p>Plotis 90,5 cm Gylis 40 cm Auk\u0161tis 149 cm Produkto svoris su pakuote 53,35 kg Gamintojo kodas \/ simbolis MI06 Kolekcijos pavadinimas MATI Pavadinimas b2b sistemoje MATI MI06 \u0104\u017dUOLO KREMINIS COTTA\/CZ \u017dEMAS VITRIN\u0116S SPINTEL\u0116S KOMPLEKTAS Produkto pakuo\u010di\u0173 skai\u010dius 3 Stilius Modernus \u012eranga Surinkimo instrukcijos \/ surinkimo priedai Surinkimui Savaranki\u0161kam surinkimui Korpuso spalva Kremonos kota \u0105\u017euolas \/ Juoda Korpuso med\u017eiaga \/ tipas \/ storis 16 mm baldin\u0117 plok\u0161t\u0117 Vir\u0161utinio korpuso vir\u0161utinio sluoksnio med\u017eiaga \/ tipas \/ storis 16 mm baldin\u0117 plok\u0161t\u0117 Apatinio korpuso vir\u0161utinio sluoksnio med\u017eiaga \/ tipas \/ storis 16 mm baldin\u0117 plok\u0161t\u0117 Pagrindo korpuso med\u017eiaga \/ tipas \/ storis 16 mm baldin\u0117 plok\u0161t\u0117 Lentynos spalva Kremonos kota \u0105\u017euolas Lentynos med\u017eiaga \/ tipas \/ storis 16 mm baldin\u0117 plok\u0161t\u0117 Lentyn\u0173 kiekis 2 Galin\u0117s sienel\u0117s med\u017eiaga \/ tipas \/ storis 2,5 mm HDF baldin\u0117 plok\u0161t\u0117 Sienos galin\u0117s matomos dalies spalva Kota \u0105\u017euolas Priekin\u0117s spalvos Kremonos kota \u0105\u017euolas \/ Juoda Priekin\u0117s med\u017eiagos \/ tipas \/ storis 16 mm baldin\u0117 plok\u0161t\u0117 \/ lentjuost\u0117s 16 mm MDF baldin\u0117 plok\u0161t\u0117 Priekinis vyris \u2300 35 mm reguliuojamas Trys plok\u0161tumos Priekin\u0117 rankena \/ med\u017eiaga \/ spalva Plastikas \/ juoda Stiklin\u0117s priekin\u0117s dalies med\u017eiaga \/ stiklo spalva Gr\u016bdintas \/ skaidrus Stiklin\u0117s priekinio stiklo storis 4 mm Stiklin\u0117s lentynos stiklo spalva Skaidrus Stiklin\u0117s lentynos stiklo storis 6 mm Stiklini\u0173 lentyn\u0173 kiekis 1 \u0160velnaus u\u017edarymo dureli\u0173 sistema Standartin\u0117 konfig\u016bracija Kojel\u0117 \/ med\u017eiaga \/ spalva Nereguliuojama \/ metalin\u0117 \/ juoda Kojel\u0117s auk\u0161tis 150 mm Dureli\u0173 skai\u010dius 4 U\u017edaryt\u0173 ni\u0161\u0173 u\u017e priekinio stiklo skai\u010dius 2 U\u017edaryt\u0173 ni\u0161\u0173 skai\u010dius 4<\/p>","protected":false},"excerpt":{"rendered":"<p>\u017dema vitrina MI06 yra eleganti\u0161kas ir funkcionalus baldas, kuris papildo bet kok\u012f interjer\u0105, suteikdamas jam stiliaus ir klas\u0117s. D\u0117l kompakti\u0161ko dizaino ji idealiai tinka laikyti \u012fvairius daiktus, tokius kaip knygos, dekoracijos, elektronika ir nam\u0173 aksesuarai, neu\u017eimant erdv\u0117s. \u012erengta \u012fvairiomis lentynomis, stal\u010diais ir durel\u0117mis, ji [\u2026]<\/p>","protected":false},"featured_media":255408,"comment_status":"open","ping_status":"open","template":"","meta":[],"product_brand":[],"product_cat":[2457,2006],"product_tag":[],"class_list":{"0":"post-255407","1":"product","2":"type-product","3":"status-publish","4":"has-post-thumbnail","6":"product_cat-liveo","7":"product_cat-vitrines","9":"first","10":"instock","11":"purchasable","12":"product-type-simple"},"_links":{"self":[{"href":"https:\/\/baldumarket.lt\/lt\/wp-json\/wp\/v2\/product\/255407","targetHints":{"allow":["GET"]}}],"collection":[{"href":"https:\/\/baldumarket.lt\/lt\/wp-json\/wp\/v2\/product"}],"about":[{"href":"https:\/\/baldumarket.lt\/lt\/wp-json\/wp\/v2\/types\/product"}],"replies":[{"embeddable":true,"href":"https:\/\/baldumarket.lt\/lt\/wp-json\/wp\/v2\/comments?post=255407"}],"wp:featuredmedia":[{"embeddable":true,"href":"https:\/\/baldumarket.lt\/lt\/wp-json\/wp\/v2\/media\/255408"}],"wp:attachment":[{"href":"https:\/\/baldumarket.lt\/lt\/wp-json\/wp\/v2\/media?parent=255407"}],"wp:term":[{"taxonomy":"product_brand","embeddable":true,"href":"https:\/\/baldumarket.lt\/lt\/wp-json\/wp\/v2\/product_brand?post=255407"},{"taxonomy":"product_cat","embeddable":true,"href":"https:\/\/baldumarket.lt\/lt\/wp-json\/wp\/v2\/product_cat?post=255407"},{"taxonomy":"product_tag","embeddable":true,"href":"https:\/\/baldumarket.lt\/lt\/wp-json\/wp\/v2\/product_tag?post=255407"}],"curies":[{"name":"wp","href":"https:\/\/api.w.org\/{rel}","templated":true}]}}