{"id":255394,"date":"2026-01-10T22:35:07","date_gmt":"2026-01-10T19:35:07","guid":{"rendered":"https:\/\/baldumarket.lt\/product\/mati-mi04-komoda\/"},"modified":"2026-02-11T18:30:52","modified_gmt":"2026-02-11T15:30:52","slug":"mati-mi04-komoda","status":"publish","type":"product","link":"https:\/\/baldumarket.lt\/lt\/product\/mati-mi04-komoda\/","title":{"rendered":"MATI MI04 komoda su stal\u010diais"},"content":{"rendered":"<p>\u201eMATI\u201c kolekcijos \u201eMI04\u201c \u2013 stilinga ir funkcionali komoda, tinkanti bet kokiam interjerui. Ji derina elegancij\u0105 ir prakti\u0161kum\u0105. Idealiai tinka svetainei, miegamajam ar biurui ir yra puikus sprendimas daikt\u0173 laikymui bei organizavimui. Ji pasi\u017eymi eleganti\u0161ku dizainu, didele talpa, tvirta konstrukcija ir modernia estetika. Su \u201eMI04\u201c komoda galite lengvai sutvarkyti savo erdv\u0119 ir pagerinti jos estetik\u0105.<\/p>\n<p>Plotis 155 cm Gylis 40 cm Auk\u0161tis 91 cm Produkto svoris su pakuote 57,20 kg Gamintojo kodas \/ simbolis MI04 Kolekcijos pavadinimas MATI Pavadinimas b2b sistemoje MATI MI04 \u0104\u017dUOLO KREMIN\u0116 KOTTA\/\u010cESNAKIN\u0116 KOMODOS KPL Produkto pakuo\u010di\u0173 skai\u010dius 3 Stilius Moderni \u012eranga Surinkimo instrukcijos \/ surinkimo priedai Surinkimas Savaranki\u0161kam surinkimui Korpuso spalva Kremonos kota \u0105\u017euolas \/ Juoda Korpuso med\u017eiaga \/ tipas \/ storis 16 mm baldin\u0117 plok\u0161t\u0117 Korpuso vir\u0161utin\u0117s dalies \/ tipas \/ storis 16 mm baldin\u0117 plok\u0161t\u0117 Korpuso apatin\u0117s dalies \/ tipas \/ storis 16 mm baldin\u0117 plok\u0161t\u0117 Korpuso pagrindo \/ tipo \/ storis 16 mm baldin\u0117 plok\u0161t\u0117 Lentynos spalva Kremonos kota \u0105\u017euolas Lentynos med\u017eiaga \/ tipas \/ storis 16 mm baldin\u0117 plok\u0161t\u0117 Lentyn\u0173 kiekis 2 Galin\u0117s sienel\u0117s med\u017eiaga \/ tipas \/ storis 2,5 mm HDF baldin\u0117 plok\u0161t\u0117 Matoma galin\u0117s sienel\u0117s dalis Spalva: \u0104\u017euolo kota Priekis: Kremonos kota \u0105\u017euolas \/ Juoda Priekis: Med\u017eiaga \/ tipas \/ storis: 16 mm baldin\u0117 plok\u0161t\u0117 \/ lamel\u0117s: 16 mm MDF baldin\u0117 plok\u0161t\u0117 Priekinis vyris: \u2300 35 mm reguliuojamas trijose plok\u0161tumose Priekin\u0117 rankena \/ Apdaila \/ Spalva: Plastikas \/ Juoda \u0160velnaus u\u017edarymo dureli\u0173 sistema Standartin\u0117 Pilno i\u0161traukimo stal\u010di\u0173 b\u0117geliai Kojel\u0117 \/ Apdaila \/ Spalva: Nereguliuojama \/ Metalin\u0117 \/ Juoda Kojel\u0117s auk\u0161tis: 150 mm Dureli\u0173 skai\u010dius: 2 Stal\u010di\u0173 skai\u010dius: 3 U\u017edar\u0173 ni\u0161\u0173 skai\u010dius: 4<\/p>","protected":false},"excerpt":{"rendered":"<p>\u201eMATI\u201c kolekcijos komoda \u201eMI04\u201c \u2013 stilinga ir funkcionali bet kokiam interjerui tinkanti komoda. Ji derina elegancij\u0105 ir prakti\u0161kum\u0105. Idealiai tinka svetainei, miegamajam ar biurui ir yra puikus sprendimas daikt\u0173 laikymui bei organizavimui. Ji pasi\u017eymi eleganti\u0161ku dizainu, didele talpa, tvirta konstrukcija ir modernia estetika. Su \u201eMI04\u201c komoda [\u2026]<\/p>","protected":false},"featured_media":255377,"comment_status":"open","ping_status":"open","template":"","meta":[],"product_brand":[],"product_cat":[1173,2457],"product_tag":[],"class_list":{"0":"post-255394","1":"product","2":"type-product","3":"status-publish","4":"has-post-thumbnail","6":"product_cat-chests-of-drawers","7":"product_cat-liveo","9":"first","10":"instock","11":"purchasable","12":"product-type-simple"},"_links":{"self":[{"href":"https:\/\/baldumarket.lt\/lt\/wp-json\/wp\/v2\/product\/255394","targetHints":{"allow":["GET"]}}],"collection":[{"href":"https:\/\/baldumarket.lt\/lt\/wp-json\/wp\/v2\/product"}],"about":[{"href":"https:\/\/baldumarket.lt\/lt\/wp-json\/wp\/v2\/types\/product"}],"replies":[{"embeddable":true,"href":"https:\/\/baldumarket.lt\/lt\/wp-json\/wp\/v2\/comments?post=255394"}],"wp:featuredmedia":[{"embeddable":true,"href":"https:\/\/baldumarket.lt\/lt\/wp-json\/wp\/v2\/media\/255377"}],"wp:attachment":[{"href":"https:\/\/baldumarket.lt\/lt\/wp-json\/wp\/v2\/media?parent=255394"}],"wp:term":[{"taxonomy":"product_brand","embeddable":true,"href":"https:\/\/baldumarket.lt\/lt\/wp-json\/wp\/v2\/product_brand?post=255394"},{"taxonomy":"product_cat","embeddable":true,"href":"https:\/\/baldumarket.lt\/lt\/wp-json\/wp\/v2\/product_cat?post=255394"},{"taxonomy":"product_tag","embeddable":true,"href":"https:\/\/baldumarket.lt\/lt\/wp-json\/wp\/v2\/product_tag?post=255394"}],"curies":[{"name":"wp","href":"https:\/\/api.w.org\/{rel}","templated":true}]}}