{"id":255370,"date":"2026-01-10T22:34:56","date_gmt":"2026-01-10T19:34:56","guid":{"rendered":"https:\/\/baldumarket.lt\/product\/mati-mi01-rtv\/"},"modified":"2026-02-11T18:30:53","modified_gmt":"2026-02-11T15:30:53","slug":"mati-mi01-rtv","status":"publish","type":"product","link":"https:\/\/baldumarket.lt\/lt\/product\/mati-mi01-rtv\/","title":{"rendered":"MATI MI01 RTV"},"content":{"rendered":"<p>Su \u0161iuo stilingu MATI kolekcijos televizoriaus staliuku suteikite savo svetainei modernaus elegancijos ir prakti\u0161kumo. MI01 \u2013 tai tobulas modernaus dizaino ir prakti\u0161k\u0173 sprendim\u0173 derinys. Pagamintas i\u0161 auk\u0161tos kokyb\u0117s med\u017eiag\u0173, jis puikiai tiks bet kokiam interjerui, suteikdamas jam klas\u0117s ir funkcionalumo. D\u0117l panaudot\u0173 med\u017eiag\u0173 stovo pavir\u0161ius yra lengvai valomas ir atsparus \u012fbr\u0117\u017eimams, tod\u0117l jis tarnaus ilgai. Modernus dizainas su vertikaliais grioveliais ant dureli\u0173 suteikia stovui unikalaus charakterio. Kremonos kotos \u0105\u017euolo ir juod\u0173 element\u0173 derinys paver\u010dia \u0161\u012f bald\u0105 eleganti\u0161ku j\u016bs\u0173 svetain\u0117s akcentu.<\/p>\n<p>Plotis 155 cm Gylis 40 cm Auk\u0161tis 66 cm Produkto svoris su pakuote 36,50 kg Gamintojo kodas \/ simbolis MI01 Kolekcijos pavadinimas MATI Pavadinimas b2b sistemoje MATI MI01 \u0104\u017dUOLAS KREM COTTA\/CZ RTV KPL Produkto pakuo\u010di\u0173 skai\u010dius 3 Stilius Moderni \u012franga Surinkimo instrukcijos \/ surinkimo priedai Surinkimas Savaranki\u0161kam surinkimui Korpuso spalva Kremonos kota \u0105\u017euolas \/ Juoda Korpuso med\u017eiaga \/ tipas \/ storis 16 mm baldin\u0117 lenta Korpuso vir\u0161utin\u0117 dalis \/ tipas \/ storis 16 mm baldin\u0117 lenta Korpuso apa\u010dia \/ tipas \/ storis 16 mm baldin\u0117 lenta Korpuso pagrindo dalis \/ tipas \/ storis 16 mm baldin\u0117 lenta Lentynos spalva Kremonos kota \u0105\u017euolas Lentynos med\u017eiaga \/ tipas \/ storis 16 mm baldin\u0117 lenta Lentyn\u0173 kiekis 1 Galin\u0117s sienel\u0117s med\u017eiaga \/ tipas \/ storis 2,5 mm HDF baldin\u0117 lenta Matoma galin\u0117s sienel\u0117s dalis \u0104\u017euolo kota Priekin\u0117s spalvos Kremonos kota \u0105\u017euolas \/ Juoda Priekin\u0117s apdailos med\u017eiaga \/ tipas \/ storis 16 mm baldin\u0117 lenta \/ lentjuost\u0117s 16 mm MDF baldin\u0117 lenta Priekinis vyris \u2300 35 mm, reguliuojamas trimis kryptimis Plok\u0161tumos RTV kabeli\u0173 angos \u2300 50 mm \u0160velnaus u\u017edarymo dur\u0173 sistema Standartin\u0117 Kojel\u0117 \/ apdaila \/ spalva Nereguliuojama \/ metalin\u0117 \/ juoda Kojel\u0117s auk\u0161tis 150 mm Dureli\u0173 skai\u010dius 2 Atvir\u0173 ni\u0161\u0173 skai\u010dius 2 U\u017edar\u0173 ni\u0161\u0173 skai\u010dius 2<\/p>","protected":false},"excerpt":{"rendered":"<p>Su \u0161iuo stilingu MATI kolekcijos televizoriaus staliuku savo svetainei suteikite modernaus elegancijos ir prakti\u0161kumo. MI01 \u2013 tai puikus modernaus dizaino ir prakti\u0161k\u0173 sprendim\u0173 derinys. Pagamintas i\u0161 auk\u0161tos kokyb\u0117s med\u017eiag\u0173, jis puikiai tiks bet kokiam interjerui, suteikdamas klas\u0117s ir funkcionalumo. D\u0117l panaudot\u0173 med\u017eiag\u0173 stovo [\u2026]<\/p>","protected":false},"featured_media":255371,"comment_status":"open","ping_status":"open","template":"","meta":[],"product_brand":[],"product_cat":[2457,1175],"product_tag":[],"class_list":{"0":"post-255370","1":"product","2":"type-product","3":"status-publish","4":"has-post-thumbnail","6":"product_cat-liveo","7":"product_cat-tv-stands","9":"first","10":"instock","11":"purchasable","12":"product-type-simple"},"_links":{"self":[{"href":"https:\/\/baldumarket.lt\/lt\/wp-json\/wp\/v2\/product\/255370","targetHints":{"allow":["GET"]}}],"collection":[{"href":"https:\/\/baldumarket.lt\/lt\/wp-json\/wp\/v2\/product"}],"about":[{"href":"https:\/\/baldumarket.lt\/lt\/wp-json\/wp\/v2\/types\/product"}],"replies":[{"embeddable":true,"href":"https:\/\/baldumarket.lt\/lt\/wp-json\/wp\/v2\/comments?post=255370"}],"wp:featuredmedia":[{"embeddable":true,"href":"https:\/\/baldumarket.lt\/lt\/wp-json\/wp\/v2\/media\/255371"}],"wp:attachment":[{"href":"https:\/\/baldumarket.lt\/lt\/wp-json\/wp\/v2\/media?parent=255370"}],"wp:term":[{"taxonomy":"product_brand","embeddable":true,"href":"https:\/\/baldumarket.lt\/lt\/wp-json\/wp\/v2\/product_brand?post=255370"},{"taxonomy":"product_cat","embeddable":true,"href":"https:\/\/baldumarket.lt\/lt\/wp-json\/wp\/v2\/product_cat?post=255370"},{"taxonomy":"product_tag","embeddable":true,"href":"https:\/\/baldumarket.lt\/lt\/wp-json\/wp\/v2\/product_tag?post=255370"}],"curies":[{"name":"wp","href":"https:\/\/api.w.org\/{rel}","templated":true}]}}