{"id":255362,"date":"2026-01-10T22:34:53","date_gmt":"2026-01-10T19:34:53","guid":{"rendered":"https:\/\/baldumarket.lt\/product\/mata-do-naroznika\/"},"modified":"2026-02-11T18:30:53","modified_gmt":"2026-02-11T15:30:53","slug":"mata-do-naroznika","status":"publish","type":"product","link":"https:\/\/baldumarket.lt\/lt\/product\/mata-do-naroznika\/","title":{"rendered":"Kampinis kilim\u0117lis"},"content":{"rendered":"<p>\u0160is kilim\u0117lis i\u0161lygina bet kokius mink\u0161t\u0173 bald\u0173 nelygumus ir padidina miego komfort\u0105. Tinka \u201eBenett\u201c, \u201eNello\u201c, \u201eMateo 2\u201c, \u201eLargo 2\u201c, \u201eWega\u201c, \u201eMexico II\u201c ir \u201eImperial 2\u201c kolekcijoms.<\/p>\n<p>MAR\u0160KINI\u0172 Vir\u0161elis:<br \/>\nU\u017evalkalas turi u\u017etrauktuk\u0105, kad j\u012f b\u016bt\u0173 lengva nuimti ir valyti. Auk\u0161tos kokyb\u0117s, hipoalerginis, malonus liesti audinys pavers j\u016bs\u0173 mieg\u0105 geriausiu \u012fmanomu laiku. Jis apsaugo nuo dulki\u0173 erku\u010di\u0173 ir alergen\u0173. Pagamintas i\u0161 d\u017eersio audinio (100% poliesteris), i\u0161 abiej\u0173 pusi\u0173 dygsniuotas 250 g\/m\u00b2 antialerginiu p\u016bkuotu flisu. U\u017etrauktukas leid\u017eia lengvai nuimti u\u017evalkal\u0105. U\u017evalkal\u0105 galima skalbti 40 \u00b0C temperat\u016broje.<\/p>\n<p>Plotis 185 cm Gylis 120 cm Auk\u0161tis 3 cm Preki\u0173 pakuo\u010di\u0173 skai\u010dius 1<\/p>","protected":false},"excerpt":{"rendered":"<p>\u0160is kilim\u0117lis i\u0161lygina bet kokius mink\u0161t\u0173 bald\u0173 nelygumus ir padidina miego komfort\u0105. Tinka \u201eBenett\u201c, \u201eNello\u201c, \u201eMateo 2\u201c, \u201eLargo 2\u201c, \u201eWega\u201c, \u201eMexico II\u201c ir \u201eImperial 2\u201c kolekcijoms. D\u017dERSINIS u\u017evalkalas: u\u017evalkalas turi u\u017etrauktuk\u0105, kad b\u016bt\u0173 lengva j\u012f nuimti ir valyti. Auk\u0161tos kokyb\u0117s, hipoalerginis audinys, malonus liesti, pavers j\u016bs\u0173 mieg\u0105 [\u2026]<\/p>","protected":false},"featured_media":255363,"comment_status":"open","ping_status":"open","template":"","meta":[],"product_brand":[],"product_cat":[1043,2457],"product_tag":[],"class_list":{"0":"post-255362","1":"product","2":"type-product","3":"status-publish","4":"has-post-thumbnail","6":"product_cat-extras","7":"product_cat-liveo","9":"first","10":"instock","11":"purchasable","12":"product-type-simple"},"_links":{"self":[{"href":"https:\/\/baldumarket.lt\/lt\/wp-json\/wp\/v2\/product\/255362","targetHints":{"allow":["GET"]}}],"collection":[{"href":"https:\/\/baldumarket.lt\/lt\/wp-json\/wp\/v2\/product"}],"about":[{"href":"https:\/\/baldumarket.lt\/lt\/wp-json\/wp\/v2\/types\/product"}],"replies":[{"embeddable":true,"href":"https:\/\/baldumarket.lt\/lt\/wp-json\/wp\/v2\/comments?post=255362"}],"wp:featuredmedia":[{"embeddable":true,"href":"https:\/\/baldumarket.lt\/lt\/wp-json\/wp\/v2\/media\/255363"}],"wp:attachment":[{"href":"https:\/\/baldumarket.lt\/lt\/wp-json\/wp\/v2\/media?parent=255362"}],"wp:term":[{"taxonomy":"product_brand","embeddable":true,"href":"https:\/\/baldumarket.lt\/lt\/wp-json\/wp\/v2\/product_brand?post=255362"},{"taxonomy":"product_cat","embeddable":true,"href":"https:\/\/baldumarket.lt\/lt\/wp-json\/wp\/v2\/product_cat?post=255362"},{"taxonomy":"product_tag","embeddable":true,"href":"https:\/\/baldumarket.lt\/lt\/wp-json\/wp\/v2\/product_tag?post=255362"}],"curies":[{"name":"wp","href":"https:\/\/api.w.org\/{rel}","templated":true}]}}