{"id":255355,"date":"2026-01-10T22:34:50","date_gmt":"2026-01-10T19:34:50","guid":{"rendered":"https:\/\/baldumarket.lt\/product\/marco-mr12-stol-rozkladany\/"},"modified":"2026-02-11T18:30:53","modified_gmt":"2026-02-11T15:30:53","slug":"marco-mr12-stol-rozkladany","status":"publish","type":"product","link":"https:\/\/baldumarket.lt\/lt\/product\/marco-mr12-stol-rozkladany\/","title":{"rendered":"MARCO MR12 I\u0160PL\u0116STAMAS STALAS"},"content":{"rendered":"<p>I\u0161skleid\u017eiamas stalas MARCO MR12 puikiai atrodys modernioje svetain\u0117je arba valgomajame. \u0160i\u0105 stabili\u0105 konstrukcij\u0105 papildomai palaiko plati koja su stalvir\u0161iu, kuri taip pat atlieka dekoratyvinio elemento funkcij\u0105. D\u0117l 40 cm \u012fd\u0117klo j\u012f galima lengvai transformuoti \u012f pilnai funkcional\u0173 stal\u0105, kurio pavir\u0161iaus plotas yra 200 cm. Jis nepakei\u010diamas tiek jaukiems \u0161eimos susib\u016brimams, tiek proginiams vakar\u0117liams. Dominuojan\u010di\u0105 balt\u0105 spalv\u0105 pertraukia juodos spalvos akcentai, pabr\u0117\u017eiantys bendr\u0105 stalo stili\u0173. \u0160viesios stalo spalvos ir minimalistin\u0117 forma sukurs \u012fdom\u0173 modern\u0173 interjer\u0105 ir vizualiai pagyvins kambar\u012f. Stalas idealiai tinka derinti su kitais MARCO serijos baldais arba kaip atskiras baldas, prisitaikant prie j\u016bs\u0173 kambario dizaino.<\/p>\n<p>I\u0161traukiama TAIP \u012ed\u0117kl\u0173 skai\u010dius 1 Plotis 90 cm Ilgis 160 cm Ilgis po i\u0161skleidimo 200 cm Auk\u0161tis 76,5 cm Produkto svoris su pakuote 72,55 kg Gamintojo kodas \/ simbolis MR12 Kolekcijos pavadinimas MARCO Pavadinimas b2b sistemoje MARCO MR-12 balta-juoda STALO komplektas Produkto pakuo\u010di\u0173 skai\u010dius 3 Stilius Modernus \u012eranga Surinkimo instrukcijos \/ surinkimo priedai Surinkimas Savaranki\u0161kam surinkimui Spalva Balta \/ Juoda Stalvir\u0161io med\u017eiaga \/ tipas \/ storis 28 mm baldin\u0117 lenta R\u0117mo med\u017eiaga \/ tipas \/ storis 22 mm baldin\u0117 lenta Kolonos med\u017eiaga \/ tipas \/ storis 16 mm baldin\u0117 lenta Kolonos pagrindo med\u017eiaga \/ tipas \/ storis 28 mm baldin\u0117 lenta Kojel\u0117 \/ med\u017eiaga \/ spalva Nereguliuojama \/ Bald\u0173 b\u0117geliai \/ plastikas \/ Juoda<\/p>","protected":false},"excerpt":{"rendered":"<p>I\u0161skleid\u017eiamas stalas \u201eMARCO MR12\u201c puikiai atrodys modernioje svetain\u0117je arba valgomajame. \u0160i\u0105 stabili\u0105 konstrukcij\u0105 papildomai palaiko plati koja su stalvir\u0161iu, kuri taip pat tarnauja kaip dekoratyvinis elementas. D\u0117l 40 cm \u012fd\u0117klo j\u012f galima lengvai transformuoti \u012f pilnai funkcional\u0173 stal\u0105 su pavir\u0161iumi [\u2026]<\/p>","protected":false},"featured_media":255306,"comment_status":"open","ping_status":"open","template":"","meta":[],"product_brand":[],"product_cat":[2457,1934],"product_tag":[],"class_list":{"0":"post-255355","1":"product","2":"type-product","3":"status-publish","4":"has-post-thumbnail","6":"product_cat-liveo","7":"product_cat-tables","9":"first","10":"instock","11":"product-type-simple"},"_links":{"self":[{"href":"https:\/\/baldumarket.lt\/lt\/wp-json\/wp\/v2\/product\/255355","targetHints":{"allow":["GET"]}}],"collection":[{"href":"https:\/\/baldumarket.lt\/lt\/wp-json\/wp\/v2\/product"}],"about":[{"href":"https:\/\/baldumarket.lt\/lt\/wp-json\/wp\/v2\/types\/product"}],"replies":[{"embeddable":true,"href":"https:\/\/baldumarket.lt\/lt\/wp-json\/wp\/v2\/comments?post=255355"}],"wp:featuredmedia":[{"embeddable":true,"href":"https:\/\/baldumarket.lt\/lt\/wp-json\/wp\/v2\/media\/255306"}],"wp:attachment":[{"href":"https:\/\/baldumarket.lt\/lt\/wp-json\/wp\/v2\/media?parent=255355"}],"wp:term":[{"taxonomy":"product_brand","embeddable":true,"href":"https:\/\/baldumarket.lt\/lt\/wp-json\/wp\/v2\/product_brand?post=255355"},{"taxonomy":"product_cat","embeddable":true,"href":"https:\/\/baldumarket.lt\/lt\/wp-json\/wp\/v2\/product_cat?post=255355"},{"taxonomy":"product_tag","embeddable":true,"href":"https:\/\/baldumarket.lt\/lt\/wp-json\/wp\/v2\/product_tag?post=255355"}],"curies":[{"name":"wp","href":"https:\/\/api.w.org\/{rel}","templated":true}]}}