{"id":255348,"date":"2026-01-10T22:34:47","date_gmt":"2026-01-10T19:34:47","guid":{"rendered":"https:\/\/baldumarket.lt\/product\/marco-mr11-lawa-rozkladana\/"},"modified":"2026-02-11T18:30:53","modified_gmt":"2026-02-11T15:30:53","slug":"marco-mr11-lawa-rozkladana","status":"publish","type":"product","link":"https:\/\/baldumarket.lt\/lt\/product\/marco-mr11-lawa-rozkladana\/","title":{"rendered":"MARCO MR11 SULANKSTOMAS SUOLAS"},"content":{"rendered":"<p>I\u0161skleid\u017eiamas kavos staliukas MARCO MR11 atrodo i\u0161skirtinai eleganti\u0161kai bet kurioje svetain\u0117je ar darbo kambaryje. D\u0117l i\u0161skleid\u017eiamos funkcijos jis puikiai tinka tiek kasdieniam naudojimui, tiek didesniems susib\u016brimams ir renginiams. Modernus pagrindo ir kolonos formos r\u0117mo dizainas yra \u012fsp\u016bdingas ir u\u017etikrina tinkam\u0105 stabilum\u0105. Dominuojan\u010di\u0105 balt\u0105 spalv\u0105 papildo juodos spalvos akcentai, pabr\u0117\u017eiantys bendr\u0105 kavos staliuko stili\u0173. \u0160viesios kavos staliuko spalvos ir minimalistin\u0117 forma sukurs patraukl\u0173, modern\u0173 interjer\u0105 ir vizualiai pagyvins kambar\u012f. Kavos staliukas idealiai dera su kitais MARCO serijos baldais arba yra atskiras baldas, prisitaikantis prie j\u016bs\u0173 kambario interjero.<\/p>\n<p>I\u0161traukiama TAIP \u012ed\u0117kl\u0173 skai\u010dius 1 Plotis 68 cm Ilgis 114 cm Ilgis po i\u0161skleidimo 144 cm Auk\u0161tis 51,5 cm Produkto svoris su pakuote 41,10 kg Gamintojo kodas \/ simbolis MR11 Kolekcijos pavadinimas MARCO Pavadinimas b2b sistemoje MARCO MR-11 balta-juoda KAVOS STALIUKO komplektas Produkto pakuo\u010di\u0173 skai\u010dius 3 Stilius Modernus \u012eranga Surinkimo instrukcijos \/ surinkimo priedai Surinkimas Savaranki\u0161kam surinkimui Spalva Balta \/ Juoda Stalvir\u0161io med\u017eiaga \/ tipas \/ storis 28 mm baldin\u0117 lenta R\u0117mo med\u017eiaga \/ tipas \/ storis 16 mm baldin\u0117 lenta Kolonos med\u017eiaga \/ tipas \/ storis 16 mm baldin\u0117 lenta Kolonos pagrindo med\u017eiaga \/ tipas \/ storis 28 mm baldin\u0117 lenta Kojel\u0117 \/ med\u017eiaga \/ spalva Nereguliuojama \/ Bald\u0173 b\u0117geliai \/ plastikas \/ Juoda<\/p>","protected":false},"excerpt":{"rendered":"<p>I\u0161skleid\u017eiamas kavos staliukas MARCO MR11 atrodo i\u0161skirtinai eleganti\u0161kai bet kurioje svetain\u0117je ar darbo kambaryje. D\u0117l i\u0161skleid\u017eiamos funkcijos jis puikiai tinka tiek kasdieniam naudojimui, tiek didesniems susib\u016brimams ir renginiams. Modernus pagrindo ir kolonos formos r\u0117mo dizainas yra \u012fsp\u016bdingas ir u\u017etikrina pakankam\u0105 stabilum\u0105. Dominuojan\u010di\u0105 balt\u0105 spalv\u0105 papildo juodi akcentai, [\u2026]<\/p>","protected":false},"featured_media":255300,"comment_status":"open","ping_status":"open","template":"","meta":[],"product_brand":[],"product_cat":[866,2457],"product_tag":[],"class_list":{"0":"post-255348","1":"product","2":"type-product","3":"status-publish","4":"has-post-thumbnail","6":"product_cat-coffee-tables","7":"product_cat-liveo","9":"first","10":"instock","11":"product-type-simple"},"_links":{"self":[{"href":"https:\/\/baldumarket.lt\/lt\/wp-json\/wp\/v2\/product\/255348","targetHints":{"allow":["GET"]}}],"collection":[{"href":"https:\/\/baldumarket.lt\/lt\/wp-json\/wp\/v2\/product"}],"about":[{"href":"https:\/\/baldumarket.lt\/lt\/wp-json\/wp\/v2\/types\/product"}],"replies":[{"embeddable":true,"href":"https:\/\/baldumarket.lt\/lt\/wp-json\/wp\/v2\/comments?post=255348"}],"wp:featuredmedia":[{"embeddable":true,"href":"https:\/\/baldumarket.lt\/lt\/wp-json\/wp\/v2\/media\/255300"}],"wp:attachment":[{"href":"https:\/\/baldumarket.lt\/lt\/wp-json\/wp\/v2\/media?parent=255348"}],"wp:term":[{"taxonomy":"product_brand","embeddable":true,"href":"https:\/\/baldumarket.lt\/lt\/wp-json\/wp\/v2\/product_brand?post=255348"},{"taxonomy":"product_cat","embeddable":true,"href":"https:\/\/baldumarket.lt\/lt\/wp-json\/wp\/v2\/product_cat?post=255348"},{"taxonomy":"product_tag","embeddable":true,"href":"https:\/\/baldumarket.lt\/lt\/wp-json\/wp\/v2\/product_tag?post=255348"}],"curies":[{"name":"wp","href":"https:\/\/api.w.org\/{rel}","templated":true}]}}