{"id":255343,"date":"2026-01-10T22:34:44","date_gmt":"2026-01-10T19:34:44","guid":{"rendered":"https:\/\/baldumarket.lt\/product\/marco-mr10-polka-wiszaca\/"},"modified":"2026-02-11T18:30:53","modified_gmt":"2026-02-11T15:30:53","slug":"marco-mr10-polka-wiszaca","status":"publish","type":"product","link":"https:\/\/baldumarket.lt\/lt\/product\/marco-mr10-polka-wiszaca\/","title":{"rendered":"MARCO MR10 PAKABINAME LENTYNA"},"content":{"rendered":"<p>D\u0117l savo paprasto dizaino lentyna MARCO MR10 puikiai der\u0117s prie bet kokio interjero, pad\u0117dama jums gra\u017eiai eksponuoti \u0161eimos nuotraukas, albumus ir knygas. Dominuojan\u010di\u0105 balt\u0105 spalv\u0105 pertraukia juodi akcentai, pabr\u0117\u017eiantys bendr\u0105 lentynos stili\u0173. \u0160viesios lentynos spalvos ir minimalistin\u0117 forma sukurs patraukl\u0173, modern\u0173 interjer\u0105 ir vizualiai pagyvins kambar\u012f. Lentyna idealiai dera su kitais MARCO serijos baldais arba kaip atskiras baldas, prisitaikantis prie j\u016bs\u0173 kambario dekoro.<\/p>\n<p>Plotis 153 cm Gylis 23,5 cm Auk\u0161tis 22 cm Produkto svoris su pakuote 10,30 kg Gamintojo kodas \/ simbolis MR10 Kolekcijos pavadinimas MARCO Pavadinimas b2b sistemoje MARCO MR-10 balta-juoda PAKABINAM\u0172 LENTYN\u0172 komplektas Produkto pakuo\u010di\u0173 skai\u010dius 1 Stilius Modernus \u012eranga Surinkimo instrukcijos \/ surinkimo priedai Surinkimas Savaranki\u0161kam surinkimui Spalva Balta \/ Juoda Korpuso med\u017eiaga \/ tipas \/ storis 16 mm bald\u0173 plok\u0161t\u0117 Korpuso vir\u0161utin\u0117s dalies med\u017eiaga \/ tipas \/ storis 22 mm bald\u0173 plok\u0161t\u0117 Korpuso \u012franga Reguliuojami bald\u0173 pakabos<\/p>","protected":false},"excerpt":{"rendered":"<p>D\u0117l savo paprasto dizaino lentyna MARCO MR10 puikiai der\u0117s prie bet kokio interjero dizaino, pad\u0117dama jums gra\u017eiai eksponuoti \u0161eimos nuotraukas, albumus ir knygas. Dominuojan\u010di\u0105 balt\u0105 spalv\u0105 pertraukia juodos spalvos akcentai, pabr\u0117\u017eiantys bendr\u0105 lentynos stili\u0173. \u0160viesios lentynos spalvos ir minimalistin\u0117 forma sukurs patraukl\u0173, modern\u0173 interjer\u0105 ir vizualiai [\u2026]<\/p>","protected":false},"featured_media":255344,"comment_status":"open","ping_status":"open","template":"","meta":[],"product_brand":[],"product_cat":[1174,2457],"product_tag":[],"class_list":{"0":"post-255343","1":"product","2":"type-product","3":"status-publish","4":"has-post-thumbnail","6":"product_cat-hanging-shelves","7":"product_cat-liveo","9":"first","10":"instock","11":"product-type-simple"},"_links":{"self":[{"href":"https:\/\/baldumarket.lt\/lt\/wp-json\/wp\/v2\/product\/255343","targetHints":{"allow":["GET"]}}],"collection":[{"href":"https:\/\/baldumarket.lt\/lt\/wp-json\/wp\/v2\/product"}],"about":[{"href":"https:\/\/baldumarket.lt\/lt\/wp-json\/wp\/v2\/types\/product"}],"replies":[{"embeddable":true,"href":"https:\/\/baldumarket.lt\/lt\/wp-json\/wp\/v2\/comments?post=255343"}],"wp:featuredmedia":[{"embeddable":true,"href":"https:\/\/baldumarket.lt\/lt\/wp-json\/wp\/v2\/media\/255344"}],"wp:attachment":[{"href":"https:\/\/baldumarket.lt\/lt\/wp-json\/wp\/v2\/media?parent=255343"}],"wp:term":[{"taxonomy":"product_brand","embeddable":true,"href":"https:\/\/baldumarket.lt\/lt\/wp-json\/wp\/v2\/product_brand?post=255343"},{"taxonomy":"product_cat","embeddable":true,"href":"https:\/\/baldumarket.lt\/lt\/wp-json\/wp\/v2\/product_cat?post=255343"},{"taxonomy":"product_tag","embeddable":true,"href":"https:\/\/baldumarket.lt\/lt\/wp-json\/wp\/v2\/product_tag?post=255343"}],"curies":[{"name":"wp","href":"https:\/\/api.w.org\/{rel}","templated":true}]}}