{"id":255338,"date":"2026-01-10T22:34:41","date_gmt":"2026-01-10T19:34:41","guid":{"rendered":"https:\/\/baldumarket.lt\/product\/marco-mr09-szafa\/"},"modified":"2026-02-11T18:30:53","modified_gmt":"2026-02-11T15:30:53","slug":"marco-mr09-szafa","status":"publish","type":"product","link":"https:\/\/baldumarket.lt\/lt\/product\/marco-mr09-szafa\/","title":{"rendered":"MARCO MR09 DRABU\u017dIN\u0116"},"content":{"rendered":"<p>Spinta MARCO MR09 \u2013 universalus baldas, kuris lengvai tilps bet kurioje svetain\u0117je ar darbo kambaryje. Dviej\u0173 dur\u0173 spinta pasi\u017eymi funkcionalia erdve, turi du stal\u010dius, drabu\u017ei\u0173 kabykl\u0105 ir vir\u0161utin\u0119 ni\u0161\u0105 patogiam drabu\u017ei\u0173 laikymui. Dominuojan\u010di\u0105 balt\u0105 spalv\u0105 pertraukia juodos spalvos akcentai, pabr\u0117\u017eiantys bendr\u0105 spintos stili\u0173. Nat\u016bralaus med\u017eio juostel\u0117, ap\u0161viesta LED lempomis, suteikia papildomo \u017eavesio. \u0160viesios spintos spalvos ir minimalistin\u0117 forma sukurs patraukl\u0173, modern\u0173 interjer\u0105 ir vizualiai pagyvins kambar\u012f. Spinta idealiai tinka derinti su kitais MARCO serijos baldais arba kaip atskiras baldas, prisitaikant prie j\u016bs\u0173 kambario dizaino.<\/p>\n<p>Plotis 94,5 cm Gylis 54 cm Auk\u0161tis 192 cm Produkto svoris su pakuote 87,90 kg Gamintojo kodas \/ simbolis MR09 Kolekcijos pavadinimas MARCO Pavadinimas b2b sistemoje MARCO MR-9 balta-juoda\/balta-blizgi SPINTEL\u0116 2D komplektas Produkto pakuo\u010di\u0173 skai\u010dius 3 Stilius Modernus \u012eranga Surinkimo instrukcijos \/ surinkimo priedai Surinkimas Savaranki\u0161kam surinkimui Korpuso spalva Balta \/ Juoda Korpuso med\u017eiaga \/ tipas \/ storis 16 mm baldin\u0117 plok\u0161t\u0117 \/ Juostel\u0117 16 mm MDF baldin\u0117 plok\u0161t\u0117 Vir\u0161utin\u0117 korpuso apdaila \/ med\u017eiaga \/ tipas \/ storis 22 mm baldin\u0117 plok\u0161t\u0117 Apatin\u0117 korpuso apdaila \/ med\u017eiaga \/ tipas \/ storis 22 mm baldin\u0117 plok\u0161t\u0117 Pagrindo apdaila \/ med\u017eiaga \/ tipas \/ storis 16 mm baldin\u0117 plok\u0161t\u0117 Lentynos spalva Balta Lentynos med\u017eiaga \/ tipas \/ storis 16 mm baldin\u0117 plok\u0161t\u0117 Kar\u016bn\u0117l\u0117s tipo lentyn\u0173 kiekis 1 Galin\u0117s sienel\u0117s med\u017eiaga \/ tipas \/ storis 2,5 mm HDF baldin\u0117 plok\u0161t\u0117 Galin\u0117s sienel\u0117s \u2013 matomos dalies spalva Juoda Priekin\u0117s spalvos Balta Blizgi Priekin\u0117s med\u017eiagos \/ tipas \/ storis 18 mm MDF baldin\u0117 plok\u0161t\u0117 Priekinis vyris \u2300 35 mm, reguliuojamas trijose plok\u0161tumose Priekin\u0117 rankena \/ apdaila \/ spalva Plastikas \/ juoda I\u0161orinis ap\u0161vietimas Standartinis I\u0161orinis ap\u0161vietimas \u0160viesos spalva: \u0160altai balta I\u0161orinis ap\u0161vietimas: Energijos klas\u0117: A++ \u0160velnaus u\u017edarymo dureli\u0173 sistema: Standartin\u0117 Pilnai i\u0161traukiamos stal\u010di\u0173 b\u0117gel\u0117s Kojel\u0117 \/ apdaila \/ spalva: Be reguliavimo \/ Bald\u0173 b\u0117gelis \/ plastikas \/ Juoda Dureli\u0173 skai\u010dius: 2 Stal\u010di\u0173 skai\u010dius: 2 U\u017edar\u0173 ni\u0161\u0173 skai\u010dius: 2 Korpuso \u012franga: Standartin\u0117 1 pakabinimo b\u0117gelis<\/p>","protected":false},"excerpt":{"rendered":"<p>Spinta \u201eMARCO MR09\u201c \u2013 universalus baldas, kuris lengvai tilps bet kurioje svetain\u0117je ar darbo kambaryje. Dviej\u0173 dur\u0173 spinta pasi\u017eymi funkcionalia erdve, turi du stal\u010dius, drabu\u017ei\u0173 kabykl\u0105 ir vir\u0161utin\u0119 ni\u0161\u0105 patogiam drabu\u017ei\u0173 laikymui. Dominuojan\u010di\u0105 balt\u0105 spalv\u0105 pertraukia juodi akcentai, pabr\u0117\u017eiantys bendr\u0105 spintos stili\u0173. [\u2026]<\/p>","protected":false},"featured_media":255339,"comment_status":"open","ping_status":"open","template":"","meta":[],"product_brand":[],"product_cat":[2457,1177],"product_tag":[],"class_list":{"0":"post-255338","1":"product","2":"type-product","3":"status-publish","4":"has-post-thumbnail","6":"product_cat-liveo","7":"product_cat-wardrobes","9":"first","10":"instock","11":"product-type-simple"},"_links":{"self":[{"href":"https:\/\/baldumarket.lt\/lt\/wp-json\/wp\/v2\/product\/255338","targetHints":{"allow":["GET"]}}],"collection":[{"href":"https:\/\/baldumarket.lt\/lt\/wp-json\/wp\/v2\/product"}],"about":[{"href":"https:\/\/baldumarket.lt\/lt\/wp-json\/wp\/v2\/types\/product"}],"replies":[{"embeddable":true,"href":"https:\/\/baldumarket.lt\/lt\/wp-json\/wp\/v2\/comments?post=255338"}],"wp:featuredmedia":[{"embeddable":true,"href":"https:\/\/baldumarket.lt\/lt\/wp-json\/wp\/v2\/media\/255339"}],"wp:attachment":[{"href":"https:\/\/baldumarket.lt\/lt\/wp-json\/wp\/v2\/media?parent=255338"}],"wp:term":[{"taxonomy":"product_brand","embeddable":true,"href":"https:\/\/baldumarket.lt\/lt\/wp-json\/wp\/v2\/product_brand?post=255338"},{"taxonomy":"product_cat","embeddable":true,"href":"https:\/\/baldumarket.lt\/lt\/wp-json\/wp\/v2\/product_cat?post=255338"},{"taxonomy":"product_tag","embeddable":true,"href":"https:\/\/baldumarket.lt\/lt\/wp-json\/wp\/v2\/product_tag?post=255338"}],"curies":[{"name":"wp","href":"https:\/\/api.w.org\/{rel}","templated":true}]}}