{"id":255333,"date":"2026-01-10T22:34:38","date_gmt":"2026-01-10T19:34:38","guid":{"rendered":"https:\/\/baldumarket.lt\/product\/marco-mr08-bielizniarka-uniwersalna-lewostronna-prawostronna\/"},"modified":"2026-02-11T18:30:53","modified_gmt":"2026-02-11T15:30:53","slug":"marco-mr08-bielizniarka-uniwersalna-lewostronna-prawostronna","status":"publish","type":"product","link":"https:\/\/baldumarket.lt\/lt\/product\/marco-mr08-bielizniarka-uniwersalna-lewostronna-prawostronna\/","title":{"rendered":"MARCO MR08 UNIVERSALUS S\u016aRIO PADA\u017dAS KAIR\u0116\/DE\u0160IN\u0116"},"content":{"rendered":"<p>MARCO MR08 L\/R komoda \u2013 tai baldas, puikiai tinkantis svetain\u0117ms ir darbo erdv\u0117ms. Ji pasi\u017eymi standartiniu i\u0161planavimu su penkiais erdviais skyriais. Ji puikiai tinka tvarkyti ir tvarkingai susid\u0117ti svarbiausius daiktus ir drabu\u017eius. Komoda yra universali, j\u0105 galima atidaryti i\u0161 kair\u0117s arba de\u0161in\u0117s. Dominuojan\u010di\u0105 balt\u0105 spalv\u0105 pertraukia juodos spalvos akcentai, pabr\u0117\u017eiantys bendr\u0105 spintel\u0117s stili\u0173. Nat\u016bralaus med\u017eio juostel\u0117 su LED foniniu ap\u0161vietimu suteikia papildomo \u017eavesio. \u0160viesios komodos spalvos ir minimalistin\u0117 forma sukurs patraukl\u0173, modern\u0173 interjer\u0105 ir vizualiai pagyvins kambar\u012f. Komoda idealiai dera su kitais MARCO serijos baldais arba yra atskiras baldas, prisitaikantis prie j\u016bs\u0173 kambario dizaino.<\/p>\n<p>Plotis 63,5 cm Gylis 39,5 cm Auk\u0161tis 192 cm Produkto svoris su pakuote 56,50 kg Gamintojo kodas \/ simbolis MR08 Kolekcijos pavadinimas MARCO Pavadinimas b2b sistemoje MARCO MR-8 balta-juoda\/balta blizgi APATINI\u0172 KOMOD\u0172 LP komplektas Produkto pakuo\u010di\u0173 skai\u010dius 3 Stilius Modernus \u012eranga Surinkimo instrukcijos \/ surinkimo priedai Surinkimas Savaranki\u0161kam surinkimui Korpuso spalva Balta \/ Juoda Korpuso med\u017eiaga \/ tipas \/ storis 16 mm baldin\u0117 plok\u0161t\u0117 \/ Juostel\u0117 16 mm MDF baldin\u0117 plok\u0161t\u0117 Vir\u0161utin\u0117 korpuso apdaila \/ med\u017eiaga \/ tipas \/ storis 22 mm baldin\u0117 plok\u0161t\u0117 Apatin\u0117 korpuso apdaila \/ med\u017eiaga \/ tipas \/ storis 22 mm baldin\u0117 plok\u0161t\u0117 Pagrindo apdaila \/ med\u017eiaga \/ tipas \/ storis 16 mm baldin\u0117 plok\u0161t\u0117 Lentynos spalva Balta Lentynos med\u017eiaga \/ tipas \/ storis 16 mm baldin\u0117 plok\u0161t\u0117 Lentyn\u0173 kiekis 3 Galin\u0117s sienel\u0117s med\u017eiaga \/ tipas \/ storis 2,5 mm HDF baldin\u0117 plok\u0161t\u0117 Galin\u0117s sienel\u0117s \u2013 matomos dalies spalva Juoda Priekin\u0117s spalvos Balta Blizgi Priekin\u0117s med\u017eiagos \/ tipas \/ storis 18 mm MDF baldin\u0117 plok\u0161t\u0117 Priekinis vyris \u2300 35 mm reguliuojamas trijose plok\u0161tumose Priekin\u0117 rankena \/ apdaila \/ spalva Plastikas \/ juoda I\u0161orinis ap\u0161vietimas Standartinis I\u0161orinio ap\u0161vietimo \u0161viesos spalva \u0160altai balta I\u0161orinio ap\u0161vietimo energijos klas\u0117 A++ \u0160velnaus u\u017edarymo dur\u0173 sistema Standartinis Kojel\u0117 \/ apdaila \/ spalva Be reguliavimo \/ Bald\u0173 b\u0117geliai \/ plastikas \/ juoda Dur\u0173 skai\u010dius 2 U\u017edar\u0173 ni\u0161\u0173 skai\u010dius 5 Universalus korpusas kairysis \/ de\u0161inysis TAIP<\/p>","protected":false},"excerpt":{"rendered":"<p>MARCO MR08 L\/R komoda \u2013 tai baldas, puikiai tinkantis svetain\u0117ms ir darbo erdv\u0117ms. Ji pasi\u017eymi standartiniu i\u0161planavimu, penkiais erdviais skyriais. Ji puikiai tinka tvarkyti ir tvarkingai susid\u0117ti svarbiausius daiktus ir drabu\u017eius. Komoda yra universali, j\u0105 galima atidaryti i\u0161 kair\u0117s arba [\u2026]<\/p>","protected":false},"featured_media":255334,"comment_status":"open","ping_status":"open","template":"","meta":[],"product_brand":[],"product_cat":[2457,1177],"product_tag":[],"class_list":{"0":"post-255333","1":"product","2":"type-product","3":"status-publish","4":"has-post-thumbnail","6":"product_cat-liveo","7":"product_cat-wardrobes","9":"first","10":"instock","11":"purchasable","12":"product-type-simple"},"_links":{"self":[{"href":"https:\/\/baldumarket.lt\/lt\/wp-json\/wp\/v2\/product\/255333","targetHints":{"allow":["GET"]}}],"collection":[{"href":"https:\/\/baldumarket.lt\/lt\/wp-json\/wp\/v2\/product"}],"about":[{"href":"https:\/\/baldumarket.lt\/lt\/wp-json\/wp\/v2\/types\/product"}],"replies":[{"embeddable":true,"href":"https:\/\/baldumarket.lt\/lt\/wp-json\/wp\/v2\/comments?post=255333"}],"wp:featuredmedia":[{"embeddable":true,"href":"https:\/\/baldumarket.lt\/lt\/wp-json\/wp\/v2\/media\/255334"}],"wp:attachment":[{"href":"https:\/\/baldumarket.lt\/lt\/wp-json\/wp\/v2\/media?parent=255333"}],"wp:term":[{"taxonomy":"product_brand","embeddable":true,"href":"https:\/\/baldumarket.lt\/lt\/wp-json\/wp\/v2\/product_brand?post=255333"},{"taxonomy":"product_cat","embeddable":true,"href":"https:\/\/baldumarket.lt\/lt\/wp-json\/wp\/v2\/product_cat?post=255333"},{"taxonomy":"product_tag","embeddable":true,"href":"https:\/\/baldumarket.lt\/lt\/wp-json\/wp\/v2\/product_tag?post=255333"}],"curies":[{"name":"wp","href":"https:\/\/api.w.org\/{rel}","templated":true}]}}