{"id":255321,"date":"2026-01-10T22:34:32","date_gmt":"2026-01-10T19:34:32","guid":{"rendered":"https:\/\/baldumarket.lt\/product\/marco-mr06-witryna-lewostronna\/"},"modified":"2026-02-11T18:30:53","modified_gmt":"2026-02-11T15:30:53","slug":"marco-mr06-witryna-lewostronna","status":"publish","type":"product","link":"https:\/\/baldumarket.lt\/lt\/product\/marco-mr06-witryna-lewostronna\/","title":{"rendered":"MARCO MR06 KAIR\u0116S PUS\u0116S VITRINA"},"content":{"rendered":"<p>Kairin\u0117 vitrina MARCO MR06 puikiai tinka svetainei arba darbo kambariui. Tai baldas, kuris suteiks j\u016bs\u0173 svetainei elegancijos ir stiliaus. Joje \u012frengtos penkios prakti\u0161kos ni\u0161os daiktams susid\u0117ti. Pagrindinis spintel\u0117s bruo\u017eas \u2013 stiklin\u0117s lentynos, esan\u010dios u\u017e stiklinio fasado. Stiklas leid\u017eia eksponuoti dekoratyvinius daiktus, o galimyb\u0117 \u012fsigyti LED ap\u0161vietim\u0105 suteiks jiems eleganti\u0161k\u0105 i\u0161vaizd\u0105. Apatin\u0117je spintel\u0117s dalyje yra vietos kitiems daiktams. Dominuojan\u010di\u0105 balt\u0105 spalv\u0105 pertraukia juodos spalvos akcentai, pabr\u0117\u017eiantys bendr\u0105 spintel\u0117s dizain\u0105. Nat\u016bralaus med\u017eio juostel\u0117, ap\u0161viesta LED ap\u0161vietimu, suteikia papildomo \u017eavesio. \u0160viesios spintel\u0117s spalvos ir minimalistin\u0117 forma sukurs \u012fdom\u0173, modern\u0173 interjer\u0105 ir vizualiai pagyvins kambar\u012f. Spintel\u0117 idealiai dera su kitais MARCO serijos baldais arba kaip atskiras baldas, prisitaikantis prie j\u016bs\u0173 kambario interjero.<\/p>\n<p>Plotis 63,5 cm Gylis 39,5 cm Auk\u0161tis 192 cm Produkto svoris su pakuote 56,15 kg Gamintojo kodas \/ simbolis MR06 Kolekcijos pavadinimas MARCO Pavadinimas b2b sistemoje MARCO MR-6 balta-juoda\/balta-blizgi vitrina L komplektas Produkto pakuo\u010di\u0173 skai\u010dius 3 Stilius Moderni \u012franga Surinkimo instrukcijos \/ surinkimo priedai Surinkimas Savaranki\u0161kam surinkimui Korpuso spalva Balta \/ Juoda Korpuso med\u017eiaga \/ tipas \/ storis 16 mm bald\u0173 plok\u0161t\u0117 \/ Juosta 16 mm MDF bald\u0173 plok\u0161t\u0117 Vir\u0161utinio korpuso med\u017eiaga \/ tipas \/ storis 22 mm bald\u0173 plok\u0161t\u0117 Apatinio korpuso med\u017eiaga \/ tipas \/ storis 22 mm bald\u0173 plok\u0161t\u0117 Pagrindo korpuso med\u017eiaga \/ tipas \/ storis 16 mm bald\u0173 plok\u0161t\u0117 Galin\u0117s sienel\u0117s med\u017eiaga \/ tipas \/ storis 2,5 mm HDF bald\u0173 plok\u0161t\u0117 Matomos galin\u0117s sienel\u0117s dalies spalva Juoda Priekin\u0117s spalvos Balta Blizgi Priekin\u0117s med\u017eiagos \/ tipas \/ storis 18 mm MDF bald\u0173 plok\u0161t\u0117 Priekinis vyris \u2300 35 mm, reguliuojamas trijose plok\u0161tumose Priekin\u0117 rankena \/ med\u017eiaga \/ spalva Plastikas \/ juoda Glaz\u016bruotos priekin\u0117s dalies med\u017eiaga \/ stiklo spalva Gr\u016bdintas \/ Antisol grafitas Glaz\u016bruoto priekinio stiklo storis 4 mm Stiklin\u0117s lentynos stiklo spalva Bespalv\u0117 Stiklin\u0117 lentyna Stiklo storis 6 mm Stiklini\u0173 lentyn\u0173 kiekis 2 I\u0161orinis ap\u0161vietimas Standartinis variantas I\u0161orinio ap\u0161vietimo \u0161viesos spalva \u0160altai balta I\u0161orinio ap\u0161vietimo energijos klas\u0117 A++ \u0160velnaus u\u017edarymo dureli\u0173 sistema Standartinis variantas Kojel\u0117 \/ apdaila \/ spalva Nereguliuojama \/ Bald\u0173 b\u0117geliai \/ plastikas \/ Juoda Dureli\u0173 skai\u010dius 2 U\u017edaryt\u0173 ni\u0161\u0173 u\u017e priekinio stiklo skai\u010dius 3 U\u017edaryt\u0173 ni\u0161\u0173 skai\u010dius 2<\/p>","protected":false},"excerpt":{"rendered":"<p>Kairin\u0117 vitrina MARCO MR06 puikiai tinka svetainei ar darbo kambariui. Tai baldas, kuris suteiks j\u016bs\u0173 svetainei elegancijos ir stiliaus. Joje \u012frengtos penkios prakti\u0161kos ni\u0161os daiktams susid\u0117ti. Pagrindinis spintel\u0117s bruo\u017eas \u2013 stiklin\u0117s lentynos, esan\u010dios u\u017e stiklinio priekio. Stiklas leid\u017eia [\u2026]<\/p>","protected":false},"featured_media":255322,"comment_status":"open","ping_status":"open","template":"","meta":[],"product_brand":[],"product_cat":[2457,2006],"product_tag":[],"class_list":{"0":"post-255321","1":"product","2":"type-product","3":"status-publish","4":"has-post-thumbnail","6":"product_cat-liveo","7":"product_cat-vitrines","9":"first","10":"instock","11":"product-type-simple"},"_links":{"self":[{"href":"https:\/\/baldumarket.lt\/lt\/wp-json\/wp\/v2\/product\/255321","targetHints":{"allow":["GET"]}}],"collection":[{"href":"https:\/\/baldumarket.lt\/lt\/wp-json\/wp\/v2\/product"}],"about":[{"href":"https:\/\/baldumarket.lt\/lt\/wp-json\/wp\/v2\/types\/product"}],"replies":[{"embeddable":true,"href":"https:\/\/baldumarket.lt\/lt\/wp-json\/wp\/v2\/comments?post=255321"}],"wp:featuredmedia":[{"embeddable":true,"href":"https:\/\/baldumarket.lt\/lt\/wp-json\/wp\/v2\/media\/255322"}],"wp:attachment":[{"href":"https:\/\/baldumarket.lt\/lt\/wp-json\/wp\/v2\/media?parent=255321"}],"wp:term":[{"taxonomy":"product_brand","embeddable":true,"href":"https:\/\/baldumarket.lt\/lt\/wp-json\/wp\/v2\/product_brand?post=255321"},{"taxonomy":"product_cat","embeddable":true,"href":"https:\/\/baldumarket.lt\/lt\/wp-json\/wp\/v2\/product_cat?post=255321"},{"taxonomy":"product_tag","embeddable":true,"href":"https:\/\/baldumarket.lt\/lt\/wp-json\/wp\/v2\/product_tag?post=255321"}],"curies":[{"name":"wp","href":"https:\/\/api.w.org\/{rel}","templated":true}]}}