{"id":255314,"date":"2026-01-10T22:34:29","date_gmt":"2026-01-10T19:34:29","guid":{"rendered":"https:\/\/baldumarket.lt\/product\/marco-mr05-kredens\/"},"modified":"2026-02-11T18:30:53","modified_gmt":"2026-02-11T15:30:53","slug":"marco-mr05-kredens","status":"publish","type":"product","link":"https:\/\/baldumarket.lt\/lt\/product\/marco-mr05-kredens\/","title":{"rendered":"MARCO MR05 indauja"},"content":{"rendered":"<p>MARCO MR05 indauja \u2013 \u012fdomus pasirinkimas j\u016bs\u0173 svetainei ar valgomajam. Tai baldas, kuris suteiks j\u016bs\u0173 erdvei elegancijos ir stiliaus. Interjere yra septynios erdvios, rakinamos ni\u0161os, kuriose yra daug vietos daiktams susid\u0117ti. I\u0161 dalies \u012fstiklintas priekis leid\u017eia eksponuoti stalo \u012frankius, stiklines ar dekoratyvinius daiktus, o papildomas LED ap\u0161vietimas i\u0161ry\u0161kina viduje esan\u010dius daiktus. Dominuojan\u010di\u0105 balt\u0105 spalv\u0105 papildo juodos spalvos akcentai, pary\u0161kinantys bendr\u0105 indaujai b\u016bding\u0105 stili\u0173. Nat\u016bralaus med\u017eio juostel\u0117, ap\u0161viesta LED ap\u0161vietimo, suteikia dar daugiau \u017eavesio. \u0160viesios indauja ir minimalistin\u0117 forma sukurs \u012fdom\u0173, modern\u0173 interjer\u0105 ir vizualiai pagyvins kambar\u012f. Indauj\u0105 idealiai galima derinti su kitais MARCO serijos baldais arba naudoti kaip atskir\u0105 bald\u0105, prisitaikant prie j\u016bs\u0173 kambario dizaino.<\/p>\n<p>Plotis 94,5 cm Gylis 39,5 cm Auk\u0161tis 144,5 cm Produkto svoris su pakuote 63,90 kg Gamintojo kodas \/ simbolis MR05 Kolekcijos pavadinimas MARCO Pavadinimas b2b sistemoje MARCO MR-5 balta-juoda\/balta-blizgi INDAUJA komplektas Produkt\u0173 pakuo\u010di\u0173 skai\u010dius 3 Stilius Modernus \u012eranga Surinkimo instrukcijos \/ surinkimo priedai Surinkimas Savaranki\u0161kam surinkimui Korpuso spalva Balta \/ Juoda Korpuso med\u017eiaga \/ tipas \/ storis 16 mm bald\u0173 plok\u0161t\u0117 \/ Juosta 16 mm MDF bald\u0173 plok\u0161t\u0117 Vir\u0161utin\u0117 korpuso apdaila \/ med\u017eiaga \/ tipas \/ storis 22 mm bald\u0173 plok\u0161t\u0117 Apatin\u0117 korpuso apdaila \/ med\u017eiaga \/ tipas \/ storis 22 mm bald\u0173 plok\u0161t\u0117 Pagrindo apdaila \/ med\u017eiaga \/ tipas \/ storis 16 mm bald\u0173 plok\u0161t\u0117 Lentynos spalva Balta Lentynos med\u017eiaga \/ tipas \/ storis 16 mm bald\u0173 plok\u0161t\u0117 Lentyn\u0173 kiekis 2 Kar\u016bn\u0117l\u0117s tipo lentyn\u0173 kiekis 2 Galin\u0117s sienel\u0117s med\u017eiaga \/ tipas \/ storis 2,5 mm HDF bald\u0173 plok\u0161t\u0117 Galin\u0117s sienel\u0117s \u2013 matomos dalies spalva Juoda Priekin\u0117s spalvos Balta Blizgi Priekin\u0117s med\u017eiagos \/ tipas \/ storis 18 mm MDF bald\u0173 plok\u0161t\u0117 Priekinis vyris \u2300 35 mm, reguliuojamas trijose plok\u0161tumose Priekin\u0117 rankena \/ apdaila \/ spalva Plastikas \/ juoda Priekis Glaz\u016bruota apdaila \/ stiklo spalva Gr\u016bdintas \/ Antisol grafitas Glaz\u016bruoto priekinio stiklo storis 4 mm Stiklin\u0117s lentynos stiklo spalva Skaidri Stiklin\u0117s lentynos stiklo storis 6 mm Stiklini\u0173 lentyn\u0173 kiekis 1 I\u0161orinis ap\u0161vietimas Standarti\u0161kai I\u0161orinio ap\u0161vietimo \u0161viesos spalva \u0160altai balta I\u0161orinio ap\u0161vietimo energijos klas\u0117 A++ \u0160velnaus u\u017edarymo dureli\u0173 sistema Standarti\u0161kai Kojel\u0117 \/ apdaila \/ spalva Nereguliuojama \/ Bald\u0173 slankiklis \/ plastikas \/ juoda Dureli\u0173 skai\u010dius 3 U\u017edar\u0173 ni\u0161\u0173 skai\u010dius u\u017e priekinio stiklo 2 U\u017edar\u0173 ni\u0161\u0173 skai\u010dius 6<\/p>","protected":false},"excerpt":{"rendered":"<p>MARCO MR05 indauja \u2013 \u012fdomus pasirinkimas j\u016bs\u0173 svetainei ar valgomajam. Tai baldas, kuris suteiks j\u016bs\u0173 erdvei elegancijos ir stiliaus. Viduje yra septynios erdvios, u\u017erakinamos ni\u0161os, kuriose yra daug vietos daiktams susid\u0117ti. I\u0161 dalies \u012fstiklinta priekin\u0117 dalis leid\u017eia eksponuoti stalo \u012frankius, stiklinius indus ar dekoratyvinius daiktus, o [\u2026]<\/p>","protected":false},"featured_media":255315,"comment_status":"open","ping_status":"open","template":"","meta":[],"product_brand":[],"product_cat":[2457,1177],"product_tag":[],"class_list":{"0":"post-255314","1":"product","2":"type-product","3":"status-publish","4":"has-post-thumbnail","6":"product_cat-liveo","7":"product_cat-wardrobes","9":"first","10":"instock","11":"product-type-simple"},"_links":{"self":[{"href":"https:\/\/baldumarket.lt\/lt\/wp-json\/wp\/v2\/product\/255314","targetHints":{"allow":["GET"]}}],"collection":[{"href":"https:\/\/baldumarket.lt\/lt\/wp-json\/wp\/v2\/product"}],"about":[{"href":"https:\/\/baldumarket.lt\/lt\/wp-json\/wp\/v2\/types\/product"}],"replies":[{"embeddable":true,"href":"https:\/\/baldumarket.lt\/lt\/wp-json\/wp\/v2\/comments?post=255314"}],"wp:featuredmedia":[{"embeddable":true,"href":"https:\/\/baldumarket.lt\/lt\/wp-json\/wp\/v2\/media\/255315"}],"wp:attachment":[{"href":"https:\/\/baldumarket.lt\/lt\/wp-json\/wp\/v2\/media?parent=255314"}],"wp:term":[{"taxonomy":"product_brand","embeddable":true,"href":"https:\/\/baldumarket.lt\/lt\/wp-json\/wp\/v2\/product_brand?post=255314"},{"taxonomy":"product_cat","embeddable":true,"href":"https:\/\/baldumarket.lt\/lt\/wp-json\/wp\/v2\/product_cat?post=255314"},{"taxonomy":"product_tag","embeddable":true,"href":"https:\/\/baldumarket.lt\/lt\/wp-json\/wp\/v2\/product_tag?post=255314"}],"curies":[{"name":"wp","href":"https:\/\/api.w.org\/{rel}","templated":true}]}}