{"id":255308,"date":"2026-01-10T22:34:25","date_gmt":"2026-01-10T19:34:25","guid":{"rendered":"https:\/\/baldumarket.lt\/product\/marco-mr04-kredens\/"},"modified":"2026-02-11T18:30:53","modified_gmt":"2026-02-11T15:30:53","slug":"marco-mr04-kredens","status":"publish","type":"product","link":"https:\/\/baldumarket.lt\/lt\/product\/marco-mr04-kredens\/","title":{"rendered":"MARCO MR04 indauja"},"content":{"rendered":"<p>MARCO MR04 indauja puikiai tinka kaip funkcionalus ir eksponuojamas elementas svetain\u0117je, svetain\u0117je ar valgomajame. Viduje yra \u0161e\u0161ios erdvios, rakinamos ni\u0161os, kuriose yra daug vietos daiktams susid\u0117ti. U\u017e i\u0161 dalies \u012fstiklint\u0173 fasad\u0173 yra stiklin\u0117 lentyna, kuri\u0105 galima dar labiau pary\u0161kinti LED ap\u0161vietimu. \u0160is sprendimas palengvina dekoracij\u0173 ir aksesuar\u0173, taip pat \u0161ventini\u0173 stalo \u012franki\u0173 eksponavim\u0105. Dominuojan\u010di\u0105 balt\u0105 spalv\u0105 pertraukia juodi akcentai, pabr\u0117\u017eiantys bendr\u0105 indauja stili\u0173. Nat\u016bralaus med\u017eio juostel\u0117, ap\u0161viesta LED ap\u0161vietimu, suteikia papildomo \u017eavesio. \u0160viesios indaujaus spalvos ir minimalistin\u0117 forma sukurs \u012fdom\u0173, modern\u0173 interjer\u0105 ir vizualiai pagyvins kambar\u012f. Indauja idealiai dera su kitais MARCO serijos baldais arba kaip atskiras baldas, prisitaikantis prie j\u016bs\u0173 kambario dizaino.<\/p>\n<p>Plotis 153 cm Gylis 39,5 cm Auk\u0161tis 84 cm Produkto svoris su pakuote 59,45 kg Gamintojo kodas \/ simbolis MR04 Kolekcijos pavadinimas MARCO Pavadinimas b2b sistemoje MARCO MR-4 balta-juoda\/balta-blizgi INDAUJA komplektas Produkt\u0173 pakuo\u010di\u0173 skai\u010dius 3 Stilius Modernus \u012eranga Surinkimo instrukcijos \/ surinkimo priedai Surinkimas Savaranki\u0161kam surinkimui Korpuso spalva Balta \/ Juoda Korpuso med\u017eiaga \/ tipas \/ storis 16 mm baldin\u0117 plok\u0161t\u0117 \/ Juostel\u0117 16 mm MDF baldin\u0117 plok\u0161t\u0117 Vir\u0161utin\u0117 korpuso apdaila \/ med\u017eiaga \/ tipas \/ storis 22 mm baldin\u0117 plok\u0161t\u0117 Apatin\u0117 korpuso apdaila \/ med\u017eiaga \/ tipas \/ storis 22 mm baldin\u0117 plok\u0161t\u0117 Pagrindo apdaila \/ med\u017eiaga \/ tipas \/ storis 16 mm baldin\u0117 plok\u0161t\u0117 Lentynos spalva Balta Lentynos med\u017eiaga \/ tipas \/ storis 16 mm baldin\u0117 plok\u0161t\u0117 Kar\u016bn\u0117l\u0117s tipo lentyn\u0173 kiekis 1 Galin\u0117s sienel\u0117s med\u017eiaga \/ tipas \/ storis 2,5 mm HDF baldin\u0117 plok\u0161t\u0117 Galin\u0117s sienel\u0117s \u2013 matomos dalies spalva Juoda Priekin\u0117s spalvos Balta Blizgi Priekin\u0117s med\u017eiagos \/ tipas \/ storis 18 mm MDF baldin\u0117 plok\u0161t\u0117 Priekinis vyris \u2300 35 mm reguliuojamas trijose plok\u0161tumose Priekin\u0117 rankena \/ apdaila \/ spalva Plastikas \/ juoda Glaz\u016bruota priekin\u0117 apdaila \/ Stiklas Spalva Gr\u016bdintas \/ Antisol grafitas Glaz\u016bruoto priekinio stiklo storis 4 mm Stiklin\u0117s lentynos stiklo spalva Bespalv\u0117 Stiklin\u0117s lentynos stiklo storis 6 mm Stiklini\u0173 lentyn\u0173 kiekis 1 I\u0161orinis ap\u0161vietimas Standarti\u0161kai I\u0161orinio ap\u0161vietimo \u0161viesos spalva \u0160altai balta I\u0161orinio ap\u0161vietimo energijos klas\u0117 A++ \u0160velnaus u\u017edarymo dureli\u0173 sistema Standarti\u0161kai Kojel\u0117 \/ apdaila \/ spalva Nereguliuojama \/ Bald\u0173 slankiklis \/ plastikas \/ Juoda Dureli\u0173 skai\u010dius 4 U\u017edar\u0173 ni\u0161\u0173 skai\u010dius u\u017e priekinio stiklo 2 U\u017edar\u0173 ni\u0161\u0173 skai\u010dius 3<\/p>","protected":false},"excerpt":{"rendered":"<p>MARCO MR04 indauja puikiai tinka kaip funkcionalus ir eksponuojamas elementas svetain\u0117je, poilsio kambaryje ar valgomajame. Viduje yra \u0161e\u0161ios erdvios, rakinamos ni\u0161os, kuriose yra daug vietos daiktams susid\u0117ti. U\u017e i\u0161 dalies \u012fstiklint\u0173 fasad\u0173 yra stiklin\u0117 lentyna, kuri\u0105 galima dar labiau pary\u0161kinti LED ap\u0161vietimu. \u0160is sprendimas palengvina [\u2026]<\/p>","protected":false},"featured_media":255309,"comment_status":"open","ping_status":"open","template":"","meta":[],"product_brand":[],"product_cat":[1173,2457],"product_tag":[],"class_list":{"0":"post-255308","1":"product","2":"type-product","3":"status-publish","4":"has-post-thumbnail","6":"product_cat-chests-of-drawers","7":"product_cat-liveo","9":"first","10":"instock","11":"product-type-simple"},"_links":{"self":[{"href":"https:\/\/baldumarket.lt\/lt\/wp-json\/wp\/v2\/product\/255308","targetHints":{"allow":["GET"]}}],"collection":[{"href":"https:\/\/baldumarket.lt\/lt\/wp-json\/wp\/v2\/product"}],"about":[{"href":"https:\/\/baldumarket.lt\/lt\/wp-json\/wp\/v2\/types\/product"}],"replies":[{"embeddable":true,"href":"https:\/\/baldumarket.lt\/lt\/wp-json\/wp\/v2\/comments?post=255308"}],"wp:featuredmedia":[{"embeddable":true,"href":"https:\/\/baldumarket.lt\/lt\/wp-json\/wp\/v2\/media\/255309"}],"wp:attachment":[{"href":"https:\/\/baldumarket.lt\/lt\/wp-json\/wp\/v2\/media?parent=255308"}],"wp:term":[{"taxonomy":"product_brand","embeddable":true,"href":"https:\/\/baldumarket.lt\/lt\/wp-json\/wp\/v2\/product_brand?post=255308"},{"taxonomy":"product_cat","embeddable":true,"href":"https:\/\/baldumarket.lt\/lt\/wp-json\/wp\/v2\/product_cat?post=255308"},{"taxonomy":"product_tag","embeddable":true,"href":"https:\/\/baldumarket.lt\/lt\/wp-json\/wp\/v2\/product_tag?post=255308"}],"curies":[{"name":"wp","href":"https:\/\/api.w.org\/{rel}","templated":true}]}}