{"id":255301,"date":"2026-01-10T22:34:22","date_gmt":"2026-01-10T19:34:22","guid":{"rendered":"https:\/\/baldumarket.lt\/product\/marco-mr03-komoda\/"},"modified":"2026-02-11T18:30:53","modified_gmt":"2026-02-11T15:30:53","slug":"marco-mr03-komoda","status":"publish","type":"product","link":"https:\/\/baldumarket.lt\/lt\/product\/marco-mr03-komoda\/","title":{"rendered":"MARCO MR03 komoda su stal\u010diais"},"content":{"rendered":"<p>MARCO MR03 indauja puikiai tinka svetainei, darbo kambariui ar valgomajam. \u0160i moderni indauja su trimis stal\u010diais ir viena atidaroma spintele si\u016blo daug vietos b\u016btiniausiems daiktams laikyti bet kuriuose namuose. Ant vir\u0161aus galima laikyti stilingas dekoracijas, suvenyrus ar nuotraukas. Dominuojan\u010di\u0105 balt\u0105 spalv\u0105 pertraukia juodos spalvos akcentai, pabr\u0117\u017eiantys bendr\u0105 indaujai b\u016bding\u0105 stili\u0173. Nat\u016bralaus med\u017eio juostel\u0117, ap\u0161viesta LED lempomis, suteikia papildomo \u017eavesio. \u0160viesios indauja ir minimalistin\u0117 forma sukurs patraukl\u0173, modern\u0173 interjer\u0105 ir vizualiai pagyvins kambar\u012f. Indauja puikiai dera su kitais MARCO serijos baldais arba yra atskiras baldas, prisitaikantis prie j\u016bs\u0173 kambario dizaino.<\/p>\n<p>Plotis 153 cm Gylis 39,5 cm Auk\u0161tis 84 cm Produkto svoris su pakuote 63,85 kg Gamintojo kodas \/ simbolis MR03 Kolekcijos pavadinimas MARCO Pavadinimas b2b sistemoje MARCO MR-3 balta-juoda\/balta-blizgi KOMODOS komplektas Produkto pakuo\u010di\u0173 skai\u010dius 3 Stilius Modernus \u012eranga Surinkimo instrukcijos \/ surinkimo priedai Surinkimas Savaranki\u0161kam surinkimui Korpuso spalva Balta \/ Juoda Korpuso med\u017eiaga \/ tipas \/ storis 16 mm bald\u0173 plok\u0161t\u0117 \/ Juosta 16 mm MDF bald\u0173 plok\u0161t\u0117 Vir\u0161utin\u0117 korpuso apdaila \/ med\u017eiaga \/ tipas \/ storis 22 mm bald\u0173 plok\u0161t\u0117 Apatin\u0117 korpuso apdaila \/ med\u017eiaga \/ tipas \/ storis 22 mm bald\u0173 plok\u0161t\u0117 Pagrindo apdaila \/ med\u017eiaga \/ tipas \/ storis 16 mm bald\u0173 plok\u0161t\u0117 Lentynos spalva Balta Lentynos med\u017eiaga \/ tipas \/ storis 16 mm bald\u0173 plok\u0161t\u0117 Kar\u016bn\u0117l\u0117s tipo lentyn\u0173 kiekis 1 Galin\u0117s sienel\u0117s med\u017eiaga \/ tipas \/ storis 2,5 mm HDF bald\u0173 plok\u0161t\u0117 Galin\u0117s sienel\u0117s \u2013 matomos dalies spalva Juoda Priekin\u0117s spalvos Balta Blizgi Priekin\u0117s med\u017eiagos \/ tipas \/ storis 18 mm MDF bald\u0173 plok\u0161t\u0117 Priekinis vyris \u2300 35 mm reguliuojamas trijose plok\u0161tumose Priekin\u0117 rankena \/ apdaila \/ spalva Plastikas \/ juoda I\u0161orinis ap\u0161vietimas Standartinis I\u0161orinis ap\u0161vietimas \u0160viesos spalva: \u0160altai balta I\u0161orinis ap\u0161vietimas: Energijos klas\u0117: A++ \u0160velnaus u\u017edarymo dureli\u0173 sistema: Standartin\u0117 Pilnai i\u0161traukiami stal\u010di\u0173 b\u0117geliai Kojel\u0117 \/ apdaila \/ spalva: Nereguliuojama \/ Bald\u0173 b\u0117geliai \/ plastikin\u0117 \/ juoda Dureli\u0173 skai\u010dius: 2 Stal\u010di\u0173 skai\u010dius: 3 U\u017edar\u0173 ni\u0161\u0173 skai\u010dius: 2<\/p>","protected":false},"excerpt":{"rendered":"<p>MARCO MR03 indauja puikiai tinka svetainei, darbo kambariui ar valgomajam. \u0160i moderni indauja su trimis stal\u010diais ir viena atidaroma spintele si\u016blo daug vietos b\u016btiniausiems daiktams laikyti bet kuriuose namuose. Ant stalvir\u0161io galima laikyti stilingas dekoracijas, suvenyrus ar nuotraukas. Dominuojan\u010di\u0105 balt\u0105 spalv\u0105 pertraukia juodi akcentai, [\u2026]<\/p>","protected":false},"featured_media":255302,"comment_status":"open","ping_status":"open","template":"","meta":[],"product_brand":[],"product_cat":[1173,2457],"product_tag":[],"class_list":{"0":"post-255301","1":"product","2":"type-product","3":"status-publish","4":"has-post-thumbnail","6":"product_cat-chests-of-drawers","7":"product_cat-liveo","9":"first","10":"instock","11":"product-type-simple"},"_links":{"self":[{"href":"https:\/\/baldumarket.lt\/lt\/wp-json\/wp\/v2\/product\/255301","targetHints":{"allow":["GET"]}}],"collection":[{"href":"https:\/\/baldumarket.lt\/lt\/wp-json\/wp\/v2\/product"}],"about":[{"href":"https:\/\/baldumarket.lt\/lt\/wp-json\/wp\/v2\/types\/product"}],"replies":[{"embeddable":true,"href":"https:\/\/baldumarket.lt\/lt\/wp-json\/wp\/v2\/comments?post=255301"}],"wp:featuredmedia":[{"embeddable":true,"href":"https:\/\/baldumarket.lt\/lt\/wp-json\/wp\/v2\/media\/255302"}],"wp:attachment":[{"href":"https:\/\/baldumarket.lt\/lt\/wp-json\/wp\/v2\/media?parent=255301"}],"wp:term":[{"taxonomy":"product_brand","embeddable":true,"href":"https:\/\/baldumarket.lt\/lt\/wp-json\/wp\/v2\/product_brand?post=255301"},{"taxonomy":"product_cat","embeddable":true,"href":"https:\/\/baldumarket.lt\/lt\/wp-json\/wp\/v2\/product_cat?post=255301"},{"taxonomy":"product_tag","embeddable":true,"href":"https:\/\/baldumarket.lt\/lt\/wp-json\/wp\/v2\/product_tag?post=255301"}],"curies":[{"name":"wp","href":"https:\/\/api.w.org\/{rel}","templated":true}]}}