{"id":25529,"date":"2025-11-14T16:49:13","date_gmt":"2025-11-14T13:49:13","guid":{"rendered":"https:\/\/baldumarket.lt\/product\/lanzzi-120-witryna-czarny-mat-dab-artisan\/"},"modified":"2026-04-07T01:31:40","modified_gmt":"2026-04-06T22:31:40","slug":"lanzzi-120-witryna-czarny-mat-dab-artisan","status":"publish","type":"product","link":"https:\/\/baldumarket.lt\/lt\/product\/lanzzi-120-witryna-czarny-mat-dab-artisan\/","title":{"rendered":"Lanzzi 120 vitrina, matin\u0117 juoda \/ \u0105\u017euolo spalvos"},"content":{"rendered":"<p>\u201eLanzzi\u201c vitrina sutvarkys j\u016bs\u0173 erdv\u0119 ir suteiks \u017eavingo stiliaus. Visa tai d\u0117ka penki\u0173 lentyn\u0173 dizaino (keturios u\u017edaros ir vienas atviras) ir erdvaus stal\u010diaus su \u0161velnaus u\u017edarymo funkcija. \u0160i moderni ir stilinga vitrina gali b\u016bti naudojama svetain\u0117je, miegamajame ar koridoriuje. D\u0117l daugyb\u0117s u\u017edar\u0173 lentyn\u0173 ji puikiai tinka darbo kambariui ar biurui. Matmenys: 120 x 40 x 150 cm. \u201eBalduMarket\u201c \u201eLanzzi\u201c kolekcijos vitrina su juodo metalo r\u0117mu ir laminuota MDF plok\u0161te \u2013 patvaria, atsparia pa\u017eeidimams med\u017eiaga, kuri tarnaus ilgus metus. \u201eLanzzi\u201c vitrinos yra dviej\u0173 stili\u0173: juodos su auksin\u0117mis rankenomis arba juodos su \u0105\u017euolo spalvos priekiu, tod\u0117l spalv\u0105 galite pritaikyti pagal savo poreikius. Galima rinktis i\u0161 dviej\u0173 spalv\u0173 variant\u0173. Galite rinktis i\u0161 bald\u0173 atidarymo\/u\u017edarymo: ranken\u0173 arba spragtel\u0117jimo sistemos. Auk\u0161tis: 150 cm. Gylis: 40 cm. Plotis: 120 cm. Svoris: 62 kg. R\u0117mo spalva: juoda. Med\u017eiag\u0173 konfig\u016bracija: matin\u0117 juoda + meni\u0161kas \u0105\u017euolas \/ matin\u0117 juoda + matin\u0117 juoda. Med\u017eiaga: MDF plok\u0161t\u0117. Kojel\u0117s: metalin\u0117s. Kojeli\u0173 auk\u0161tis: 20 cm. Dureli\u0173 skai\u010dius: 2. Lentyn\u0173 skai\u010dius: 5. Stal\u010di\u0173 skai\u010dius: 1. Atvir\u0173 lentyn\u0173 skai\u010dius: 1.<\/p>","protected":false},"excerpt":{"rendered":"<p>\u201eLanzzi\u201c vitrina sutvarkys j\u016bs\u0173 erdv\u0119 ir suteiks \u017eavingo stiliaus. Visa tai d\u0117ka penki\u0173 lentyn\u0173 (keturios u\u017edarytos ir viena atvira) ir erdvaus stal\u010diaus su \u0161velnaus u\u017edarymo funkcija. \u0160i moderni ir stilinga vitrina gali b\u016bti naudojama svetain\u0117je, miegamajame ar koridoriuje. Ji puikiai tinka [\u2026]<\/p>","protected":false},"featured_media":25530,"comment_status":"open","ping_status":"open","template":"","meta":[],"product_brand":[],"product_cat":[1173,2012,9164],"product_tag":[],"class_list":{"0":"post-25529","1":"product","2":"type-product","3":"status-publish","4":"has-post-thumbnail","6":"product_cat-chests-of-drawers","7":"product_cat-eltap","8":"product_cat-komody-eltap","9":"pa_frame-material-undefined","10":"pa_frame-material-type-undefined","11":"pa_leg-color-undefined","12":"pa_leg-material-undefined","13":"pa_linen-box-undefined","14":"pa_main-color-black","15":"pa_price-group-basic","16":"pa_seat-depth-undefined","17":"pa_seat-width-undefined","18":"pa_sleep-function-undefined","19":"pa_sleeping-area-length-undefined","20":"pa_sleeping-area-width-undefined","21":"pa_style-undefined","22":"pa_textile-czarny-mat-dab-artisan","23":"pa_upholstery-material-undefined","25":"first","26":"instock","27":"purchasable","28":"product-type-simple"},"_links":{"self":[{"href":"https:\/\/baldumarket.lt\/lt\/wp-json\/wp\/v2\/product\/25529","targetHints":{"allow":["GET"]}}],"collection":[{"href":"https:\/\/baldumarket.lt\/lt\/wp-json\/wp\/v2\/product"}],"about":[{"href":"https:\/\/baldumarket.lt\/lt\/wp-json\/wp\/v2\/types\/product"}],"replies":[{"embeddable":true,"href":"https:\/\/baldumarket.lt\/lt\/wp-json\/wp\/v2\/comments?post=25529"}],"wp:featuredmedia":[{"embeddable":true,"href":"https:\/\/baldumarket.lt\/lt\/wp-json\/wp\/v2\/media\/25530"}],"wp:attachment":[{"href":"https:\/\/baldumarket.lt\/lt\/wp-json\/wp\/v2\/media?parent=25529"}],"wp:term":[{"taxonomy":"product_brand","embeddable":true,"href":"https:\/\/baldumarket.lt\/lt\/wp-json\/wp\/v2\/product_brand?post=25529"},{"taxonomy":"product_cat","embeddable":true,"href":"https:\/\/baldumarket.lt\/lt\/wp-json\/wp\/v2\/product_cat?post=25529"},{"taxonomy":"product_tag","embeddable":true,"href":"https:\/\/baldumarket.lt\/lt\/wp-json\/wp\/v2\/product_tag?post=25529"}],"curies":[{"name":"wp","href":"https:\/\/api.w.org\/{rel}","templated":true}]}}