{"id":255287,"date":"2026-01-10T22:34:16","date_gmt":"2026-01-10T19:34:16","guid":{"rendered":"https:\/\/baldumarket.lt\/product\/marco-mr01-rtv\/"},"modified":"2026-02-11T18:30:54","modified_gmt":"2026-02-11T15:30:54","slug":"marco-mr01-rtv","status":"publish","type":"product","link":"https:\/\/baldumarket.lt\/lt\/product\/marco-mr01-rtv\/","title":{"rendered":"MARCO MR01 RTV"},"content":{"rendered":"<p>MARCO MR01 televizoriaus staliukas \u2013 prakti\u0161kas baldas, kuris puikiai tiks tiek svetain\u0117je, tiek darbo kambaryje. Viduje yra du erdv\u016bs, rakinami skyriai, vienas atviras skyrius ir stal\u010dius, kuriuose gal\u0117site susid\u0117ti b\u016btiniausius daiktus. Didelis stalvir\u0161io pavir\u0161ius leid\u017eia j\u012f puikiai eksponuoti. Dominuojan\u010di\u0105 balt\u0105 spalv\u0105 pertraukia juodos spalvos akcentai, pabr\u0117\u017eiantys bendr\u0105 stovo stili\u0173. Nat\u016bralaus med\u017eio juostel\u0117, ap\u0161viesta LED lempomis, suteikia papildomo \u017eavesio. \u0160viesios stovo spalvos ir minimalistin\u0117 forma sukurs patraukl\u0173, modern\u0173 interjer\u0105 ir vizualiai pagyvins kambar\u012f. Televizoriaus staliukas idealiai dera su kitais MARCO serijos baldais arba yra atskiras baldas, prisitaikantis prie j\u016bs\u0173 kambario interjero.<\/p>\n<p>Plotis 153 cm Gylis 39,5 cm Auk\u0161tis 54 cm Produkto svoris su pakuote 43,75 kg Gamintojo kodas \/ simbolis MR01 Kolekcijos pavadinimas MARCO Pavadinimas b2b sistemoje MARCO MR-1 balta-juoda\/balta-blizgi RTV komplektas Produkto pakuo\u010di\u0173 skai\u010dius 2 Stilius Modernus \u012eranga Surinkimo instrukcijos \/ surinkimo priedai Surinkimas Savaranki\u0161kam surinkimui Korpuso spalva Balta \/ Juoda Korpuso med\u017eiaga \/ tipas \/ storis 16 mm bald\u0173 plok\u0161t\u0117 \/ Juosta 16 mm MDF bald\u0173 plok\u0161t\u0117 Vir\u0161utin\u0117 korpuso apdaila \/ med\u017eiaga \/ tipas \/ storis 22 mm bald\u0173 plok\u0161t\u0117 Apatin\u0117 korpuso apdaila \/ med\u017eiaga \/ tipas \/ storis 22 mm bald\u0173 plok\u0161t\u0117 Korpuso pagrindo apdaila \/ med\u017eiaga \/ tipas \/ storis 16 mm bald\u0173 plok\u0161t\u0117 Galin\u0117s sienel\u0117s med\u017eiaga \/ tipas \/ storis 2,5 mm HDF bald\u0173 plok\u0161t\u0117 Matomos galin\u0117s sienel\u0117s dalies spalva Juoda Priekin\u0117 spalva Blizgi Balta Priekin\u0117 med\u017eiaga \/ tipas \/ storis 18 mm MDF bald\u0173 plok\u0161t\u0117 Priekinis vyris \u2300 35 mm, reguliuojamas trijose plok\u0161tumose Priekin\u0117 rankena \/ med\u017eiaga \/ spalva Plastikas \/ juoda Skyl\u0117 RTV laidams \u2300 50 mm I\u0161orinis ap\u0161vietimas Standartinis I\u0161orinio ap\u0161vietimo \u0161viesos spalva \u0160iltai balta I\u0161orinio ap\u0161vietimo energijos klas\u0117 A++ \u0160velnaus u\u017edarymo dureli\u0173 sistema Standartin\u0117 Pilno i\u0161traukimo stal\u010di\u0173 b\u0117geliai Kojel\u0117 \/ apdaila \/ spalva Nereguliuojama \/ Bald\u0173 b\u0117gelis \/ plastikas \/ juoda Dureli\u0173 skai\u010dius 2 Stal\u010di\u0173 skai\u010dius 1 Atvir\u0173 ni\u0161\u0173 skai\u010dius 1 U\u017edar\u0173 ni\u0161\u0173 skai\u010dius 1<\/p>","protected":false},"excerpt":{"rendered":"<p>MARCO MR01 televizoriaus staliukas yra prakti\u0161kas baldas, kuris puikiai tiks tiek svetain\u0117je, tiek darbo kambaryje. Viduje yra du erdv\u016bs, u\u017erakinami skyriai, vienas atviras skyrius ir stal\u010dius, leid\u017eiantys susitvarkyti svarbiausius daiktus. Didelis stalvir\u0161io pavir\u0161ius leid\u017eia j\u012f eksponuoti. Dominuojanti balta spalva [\u2026]<\/p>","protected":false},"featured_media":255288,"comment_status":"open","ping_status":"open","template":"","meta":[],"product_brand":[],"product_cat":[2457,1175],"product_tag":[],"class_list":{"0":"post-255287","1":"product","2":"type-product","3":"status-publish","4":"has-post-thumbnail","6":"product_cat-liveo","7":"product_cat-tv-stands","9":"first","10":"instock","11":"product-type-simple"},"_links":{"self":[{"href":"https:\/\/baldumarket.lt\/lt\/wp-json\/wp\/v2\/product\/255287","targetHints":{"allow":["GET"]}}],"collection":[{"href":"https:\/\/baldumarket.lt\/lt\/wp-json\/wp\/v2\/product"}],"about":[{"href":"https:\/\/baldumarket.lt\/lt\/wp-json\/wp\/v2\/types\/product"}],"replies":[{"embeddable":true,"href":"https:\/\/baldumarket.lt\/lt\/wp-json\/wp\/v2\/comments?post=255287"}],"wp:featuredmedia":[{"embeddable":true,"href":"https:\/\/baldumarket.lt\/lt\/wp-json\/wp\/v2\/media\/255288"}],"wp:attachment":[{"href":"https:\/\/baldumarket.lt\/lt\/wp-json\/wp\/v2\/media?parent=255287"}],"wp:term":[{"taxonomy":"product_brand","embeddable":true,"href":"https:\/\/baldumarket.lt\/lt\/wp-json\/wp\/v2\/product_brand?post=255287"},{"taxonomy":"product_cat","embeddable":true,"href":"https:\/\/baldumarket.lt\/lt\/wp-json\/wp\/v2\/product_cat?post=255287"},{"taxonomy":"product_tag","embeddable":true,"href":"https:\/\/baldumarket.lt\/lt\/wp-json\/wp\/v2\/product_tag?post=255287"}],"curies":[{"name":"wp","href":"https:\/\/api.w.org\/{rel}","templated":true}]}}