{"id":255268,"date":"2026-01-10T22:34:04","date_gmt":"2026-01-10T19:34:04","guid":{"rendered":"https:\/\/baldumarket.lt\/product\/luxor-lx10-szafka-nocna\/"},"modified":"2026-02-11T18:30:54","modified_gmt":"2026-02-11T15:30:54","slug":"luxor-lx10-szafka-nocna","status":"publish","type":"product","link":"https:\/\/baldumarket.lt\/lt\/product\/luxor-lx10-szafka-nocna\/","title":{"rendered":"LUXOR LX10 naktinis staliukas"},"content":{"rendered":"<p>\u0160is eleganti\u0161kas naktinis staliukas \u2013 tai tobulas modernaus dizaino ir subtilaus \u017eavesio derinys. Minimalistin\u0119 form\u0105 papildo i\u0161rai\u0161kingos detal\u0117s, suteikian\u010dios baldui unikal\u0173 charakter\u012f. Blizgus baltas fasad\u0173 pavir\u0161ius harmoningai dera su chromuotomis kojel\u0117mis, kurios traukia ak\u012f lengva, \u0161velniai i\u0161lenkta forma. \u0160is baldas yra ne tik prakti\u0161kas, bet ir stilingas bet kurio miegamojo akcentas. Du erdv\u016bs stal\u010diai suteikia daug vietos b\u016btiniausiems daiktams susid\u0117ti \u2013 nuo knyg\u0173 prie\u0161 mieg\u0105 iki kosmetikos ir elektronini\u0173 pried\u0173. J\u0173 skland\u017eiai apdailintas fasadus papildo dekoratyvin\u0117s ranken\u0117l\u0117s su Sworowski kristalais, primenan\u010diomis kri\u0161tolo ranken\u0117les, suteikian\u010dios bendram dizainui subtilaus blizgesio ir elegancijos. D\u0117l gerai apgalvoto dizaino ir kruop\u0161taus meistri\u0161kumo, naktinis staliukas yra ne tik esteti\u0161kai patrauklus, bet ir patvarus bei patogus naudoti. \u0160is baldas puikiai der\u0117s tiek prie modernaus, tiek prie klasikinio interjero, suteikdamas skoning\u0105 papildym\u0105. Jis puikiai tinka ne tik kaip naktinis staliukas, bet ir kaip ma\u017eas \u0161oninis staliukas svetain\u0117je ar persirengimo kambaryje. Tai pasirinkimas tiems, kurie vertina rafinuot\u0105 dizain\u0105, funkcionalum\u0105 ir auk\u0161\u010diausi\u0105 gamybos kokyb\u0119.<\/p>\n<p>Plotis 49,6 cm Gylis 37,5 cm Auk\u0161tis 56 cm Produkto svoris su pakuote 17,10 kg Gamintojo kodas \/ simbolis LX10 Kolekcijos pavadinimas LUXOR Pavadinimas b2b sistemoje LUXOR LX10 BALTA\/BALTA BLIZGIO NAKTIN\u0116L\u0116 KOMPLEKTAS Produkto pakuo\u010di\u0173 skai\u010dius 3 Stilius GLAMOUR \u012eranga Surinkimo instrukcijos \/ surinkimo priedai Korpuso spalva Balta \/ Blizgi Balta Korpuso med\u017eiaga \/ tipas \/ storis 16 mm baldin\u0117 plok\u0161t\u0117 Vir\u0161utin\u0117 korpuso apdaila \/ med\u017eiaga \/ tipas \/ storis 18 mm MDF baldin\u0117 plok\u0161t\u0117 Apatin\u0117 korpuso apdaila \/ med\u017eiaga \/ tipas \/ storis 16 mm baldin\u0117 plok\u0161t\u0117 Priekin\u0117 spalva Balta Blizgi Priekin\u0117 med\u017eiaga \/ tipas \/ storis 18 mm MDF baldin\u0117 plok\u0161t\u0117 Priekin\u0117 rankena \/ apdaila \/ spalva Kri\u0161tolin\u0117 Pilno i\u0161traukimo stal\u010di\u0173 b\u0117geliai Kojel\u0117 \/ apdaila \/ spalva Nereguliuojama \/ metalin\u0117 \/ chromuota Kojel\u0117s auk\u0161tis 170 mm Stal\u010di\u0173 skai\u010dius 2<\/p>","protected":false},"excerpt":{"rendered":"<p>\u0160is eleganti\u0161kas naktinis staliukas \u2013 tai tobulas modernaus dizaino ir subtilaus \u017eavesio derinys. Minimalistin\u0119 form\u0105 papildo i\u0161rai\u0161kingos detal\u0117s, suteikian\u010dios baldui unikal\u0173 charakter\u012f. Blizgus baltas fasad\u0173 pavir\u0161ius harmoningai dera su chromuotomis kojel\u0117mis, kurios traukia ak\u012f savo lengva, \u0161velniai i\u0161lenkta forma. \u0160is baldas [\u2026]<\/p>","protected":false},"featured_media":255269,"comment_status":"open","ping_status":"open","template":"","meta":[],"product_brand":[],"product_cat":[1176,2457],"product_tag":[],"class_list":{"0":"post-255268","1":"product","2":"type-product","3":"status-publish","4":"has-post-thumbnail","6":"product_cat-bedside-tables","7":"product_cat-liveo","9":"first","10":"instock","11":"purchasable","12":"product-type-simple"},"_links":{"self":[{"href":"https:\/\/baldumarket.lt\/lt\/wp-json\/wp\/v2\/product\/255268","targetHints":{"allow":["GET"]}}],"collection":[{"href":"https:\/\/baldumarket.lt\/lt\/wp-json\/wp\/v2\/product"}],"about":[{"href":"https:\/\/baldumarket.lt\/lt\/wp-json\/wp\/v2\/types\/product"}],"replies":[{"embeddable":true,"href":"https:\/\/baldumarket.lt\/lt\/wp-json\/wp\/v2\/comments?post=255268"}],"wp:featuredmedia":[{"embeddable":true,"href":"https:\/\/baldumarket.lt\/lt\/wp-json\/wp\/v2\/media\/255269"}],"wp:attachment":[{"href":"https:\/\/baldumarket.lt\/lt\/wp-json\/wp\/v2\/media?parent=255268"}],"wp:term":[{"taxonomy":"product_brand","embeddable":true,"href":"https:\/\/baldumarket.lt\/lt\/wp-json\/wp\/v2\/product_brand?post=255268"},{"taxonomy":"product_cat","embeddable":true,"href":"https:\/\/baldumarket.lt\/lt\/wp-json\/wp\/v2\/product_cat?post=255268"},{"taxonomy":"product_tag","embeddable":true,"href":"https:\/\/baldumarket.lt\/lt\/wp-json\/wp\/v2\/product_tag?post=255268"}],"curies":[{"name":"wp","href":"https:\/\/api.w.org\/{rel}","templated":true}]}}