{"id":255260,"date":"2026-01-10T22:34:00","date_gmt":"2026-01-10T19:34:00","guid":{"rendered":"https:\/\/baldumarket.lt\/product\/luxor-lx09-toaletka\/"},"modified":"2026-02-11T18:30:54","modified_gmt":"2026-02-11T15:30:54","slug":"luxor-lx09-toaletka","status":"publish","type":"product","link":"https:\/\/baldumarket.lt\/lt\/product\/luxor-lx09-toaletka\/","title":{"rendered":"LUXOR LX09 TUALETINIS STALIUKAS"},"content":{"rendered":"<p>\u0160is modernus ir eleganti\u0161kas minimalistinio dizaino tualetinis staliukas \u2013 puikus pasirinkimas tiems, kurie vertina paprastum\u0105, funkcionalum\u0105 ir stili\u0173. D\u0117l kompakti\u0161kos formos jis puikiai tinka tiek miegamiesiems, tiek persirengimo kambariams, sukurdamas patogi\u0105 erdv\u0119 kasdienei prie\u017ei\u016brai ir smulki\u0173 daikt\u0173 tvarkymui. \u0160is staliukas sukurtas kruop\u0161\u010diai, kruop\u0161\u010diai \u2013 lyg\u016bs, blizg\u016bs fasadai suteikia jam subtilios elegancijos, o chromuotos, dekoratyvin\u0117s ranken\u0117l\u0117s formos ranken\u0117l\u0117s \u2013 rafinuotumo. Du erdv\u016bs stal\u010diai u\u017etikrina prakti\u0161k\u0105 kosmetikos, papuo\u0161al\u0173 ar kit\u0173 aksesuar\u0173 laikym\u0105 ir padeda palaikyti tvark\u0105 ant stalvir\u0161io. D\u0117l tvirtos konstrukcijos, pagamintos i\u0161 auk\u0161tos kokyb\u0117s baldin\u0117s plok\u0161t\u0117s, tualetinis staliukas yra stabilus ir atsparus kasdieniam naudojimui. Ry\u0161kus, blizgus pavir\u0161ius ap\u0161vie\u010dia interjer\u0105, vizualiai j\u012f padidindamas ir sukurdamas lengvumo poj\u016bt\u012f. Baltas, blizgus tualetinis staliukas puikiai dera tiek su moderniu, tiek su klasikiniu interjeru, tarnaudamas kaip prakti\u0161kas ir dekoratyvus elementas. Jis taip pat gali b\u016bti naudojamas kaip ra\u0161omasis stalas arba konsolinis staliukas, tod\u0117l j\u012f galima universaliai panaudoti bet kokiame interjere.<\/p>\n<p>Plotis 109,6 cm Gylis 41,6 cm Auk\u0161tis 77,1 cm Produkto svoris su pakuote 26,40 kg Gamintojo kodas \/ simbolis LX09 Kolekcijos pavadinimas LUXOR Pavadinimas b2b sistemoje LUXOR LX09 BALTA\/BALTA BLIZGIO TUALETINIO STALIUKO RINKINYS Produkto pakuo\u010di\u0173 skai\u010dius 2 Stilius GLAMOUR \u012eranga Surinkimo instrukcijos \/ surinkimo priedai Surinkimas Savaranki\u0161kam surinkimui Korpuso spalva Balta \/ Blizgi Balta Korpuso apdailos med\u017eiaga \/ tipas \/ storis 16 mm baldin\u0117 plok\u0161t\u0117 \/ Dekoratyvinis veidrodis Vir\u0161utinio korpuso apdailos med\u017eiaga \/ tipas \/ storis 18 mm MDF baldin\u0117 plok\u0161t\u0117 Kojeli\u0173 apdailos med\u017eiaga \/ tipas \/ storis 16 mm baldin\u0117 plok\u0161t\u0117 Priekin\u0117 spalva Balta Blizgi Priekin\u0117s apdailos med\u017eiaga \/ tipas \/ storis 18 mm MDF baldin\u0117 plok\u0161t\u0117 Priekin\u0117 ranken\u0117l\u0117 \/ apdaila \/ spalva Kri\u0161tolin\u0117 Pilno i\u0161traukimo stal\u010di\u0173 b\u0117geliai Kojel\u0117 \/ apdaila \/ spalva Nereguliuojami \/ Bald\u0173 b\u0117geliai \/ plastikas \/ Juoda Stal\u010di\u0173 skai\u010dius 2<\/p>","protected":false},"excerpt":{"rendered":"<p>\u0160is modernus ir eleganti\u0161kas minimalistinio dizaino tualetinis staliukas yra puikus pasirinkimas tiems, kurie vertina paprastum\u0105, funkcionalum\u0105 ir stili\u0173. D\u0117l kompakti\u0161kos formos jis puikiai tinka tiek miegamiesiems, tiek persirengimo kambariams, sukurdamas patogi\u0105 erdv\u0119 kasdienei prie\u017ei\u016brai ir smulki\u0173 daikt\u0173 organizavimui. \u0160is staliukas buvo sukurtas atsi\u017evelgiant \u012f [\u2026]<\/p>","protected":false},"featured_media":255261,"comment_status":"open","ping_status":"open","template":"","meta":[],"product_brand":[],"product_cat":[1237,2457],"product_tag":[],"class_list":{"0":"post-255260","1":"product","2":"type-product","3":"status-publish","4":"has-post-thumbnail","6":"product_cat-dressing-tables","7":"product_cat-liveo","9":"first","10":"instock","11":"purchasable","12":"product-type-simple"},"_links":{"self":[{"href":"https:\/\/baldumarket.lt\/lt\/wp-json\/wp\/v2\/product\/255260","targetHints":{"allow":["GET"]}}],"collection":[{"href":"https:\/\/baldumarket.lt\/lt\/wp-json\/wp\/v2\/product"}],"about":[{"href":"https:\/\/baldumarket.lt\/lt\/wp-json\/wp\/v2\/types\/product"}],"replies":[{"embeddable":true,"href":"https:\/\/baldumarket.lt\/lt\/wp-json\/wp\/v2\/comments?post=255260"}],"wp:featuredmedia":[{"embeddable":true,"href":"https:\/\/baldumarket.lt\/lt\/wp-json\/wp\/v2\/media\/255261"}],"wp:attachment":[{"href":"https:\/\/baldumarket.lt\/lt\/wp-json\/wp\/v2\/media?parent=255260"}],"wp:term":[{"taxonomy":"product_brand","embeddable":true,"href":"https:\/\/baldumarket.lt\/lt\/wp-json\/wp\/v2\/product_brand?post=255260"},{"taxonomy":"product_cat","embeddable":true,"href":"https:\/\/baldumarket.lt\/lt\/wp-json\/wp\/v2\/product_cat?post=255260"},{"taxonomy":"product_tag","embeddable":true,"href":"https:\/\/baldumarket.lt\/lt\/wp-json\/wp\/v2\/product_tag?post=255260"}],"curies":[{"name":"wp","href":"https:\/\/api.w.org\/{rel}","templated":true}]}}