{"id":255253,"date":"2026-01-10T22:33:57","date_gmt":"2026-01-10T19:33:57","guid":{"rendered":"https:\/\/baldumarket.lt\/product\/luxor-lx08-polka-wiszaca\/"},"modified":"2026-02-11T18:30:54","modified_gmt":"2026-02-11T15:30:54","slug":"luxor-lx08-polka-wiszaca","status":"publish","type":"product","link":"https:\/\/baldumarket.lt\/lt\/product\/luxor-lx08-polka-wiszaca\/","title":{"rendered":"LUXOR LX08 PAKABINAME LENTYNA"},"content":{"rendered":"<p>\u0160i eleganti\u0161ka sienin\u0117 lentyna derina paprast\u0105 form\u0105 su moderniu dizainu, puikiai atspindin\u010dia dabartines interjero dizaino tendencijas. Minimalistin\u0117 konstrukcija paver\u010dia j\u0105 subtiliu, ta\u010diau \u012fsp\u016bdingu interjero dizaino elementu. Lygus, blizgus priekis pabr\u0117\u017eia modern\u0173 baldo charakter\u012f, o neutrali spalv\u0173 gama leid\u017eia jam harmoningai dera su \u012fvairiais stiliais \u2013 nuo skandinavi\u0161ko iki minimalistinio ir modernaus \u017eavesio. Lentyna idealiai tinka m\u0117gstamoms dekoracijoms, nuotrauk\u0173 r\u0117meliams, knygoms ar ma\u017eiems vazoniniams augalams eksponuoti. D\u0117l tvirtos konstrukcijos ir auk\u0161tos kokyb\u0117s med\u017eiag\u0173 ji yra patvari, stabili ir atspari kasdieniam naudojimui. Tai puikus pasirinkimas tiems, kurie vertina estetikos ir funkcionalumo derin\u012f. Lentyna ne tik padeda sutvarkyti erdv\u0119, bet ir suteikia stiling\u0105 akcent\u0105, suteikdama interjerui lengvumo ir elegancijos. Ji puikiai atrodo tiek pati savaime, tiek derinama su kitais pana\u0161ios apdailos baldais, sukurdama darni\u0105 ir harmoning\u0105 kompozicij\u0105.<\/p>\n<p>Plotis 153 cm Gylis 23,6 cm Auk\u0161tis 21,8 cm Produkto svoris su pakuote 8,85 kg Gamintojo kodas \/ simbolis LX08 Kolekcijos pavadinimas LUXOR Pavadinimas b2b sistemoje LUXOR LX08 BALTA\/BALTA BLIZGI\u0172 LENTYN\u0172 KOMPLEKTAS Produkto pakuo\u010di\u0173 skai\u010dius 1 Stilius GLAMOUR \u012eranga Surinkimo instrukcijos \/ surinkimo priedai Surinkimas Savaranki\u0161kam surinkimui Spalvos Blizgi Balta \/ Balta Korpuso med\u017eiaga \/ tipas \/ storis 18 mm MDF bald\u0173 plok\u0161t\u0117 Korpuso vir\u0161utin\u0117s dalies med\u017eiaga \/ tipas \/ storis 16 mm bald\u0173 plok\u0161t\u0117 Korpuso \u012franga Reguliuojami bald\u0173 pakabos<\/p>","protected":false},"excerpt":{"rendered":"<p>\u0160i eleganti\u0161ka sienin\u0117 lentyna sujungia paprast\u0105 form\u0105 su moderniu dizainu, puikiai atspindin\u010dia dabartines interjero dizaino tendencijas. Minimalistin\u0117 konstrukcija paver\u010dia j\u0105 subtiliu, ta\u010diau \u012fsp\u016bdingu interjero dizaino elementu. Lygus, blizgus priekis pabr\u0117\u017eia modern\u0173 baldo charakter\u012f, o neutrali spalv\u0173 gama leid\u017eia jam harmoningai dera su \u012fvairiais stiliais \u2013 nuo skandinavi\u0161ko iki minimalistinio ir [\u2026]<\/p>","protected":false},"featured_media":255254,"comment_status":"open","ping_status":"open","template":"","meta":[],"product_brand":[],"product_cat":[1174,2457],"product_tag":[],"class_list":{"0":"post-255253","1":"product","2":"type-product","3":"status-publish","4":"has-post-thumbnail","6":"product_cat-hanging-shelves","7":"product_cat-liveo","9":"first","10":"instock","11":"purchasable","12":"product-type-simple"},"_links":{"self":[{"href":"https:\/\/baldumarket.lt\/lt\/wp-json\/wp\/v2\/product\/255253","targetHints":{"allow":["GET"]}}],"collection":[{"href":"https:\/\/baldumarket.lt\/lt\/wp-json\/wp\/v2\/product"}],"about":[{"href":"https:\/\/baldumarket.lt\/lt\/wp-json\/wp\/v2\/types\/product"}],"replies":[{"embeddable":true,"href":"https:\/\/baldumarket.lt\/lt\/wp-json\/wp\/v2\/comments?post=255253"}],"wp:featuredmedia":[{"embeddable":true,"href":"https:\/\/baldumarket.lt\/lt\/wp-json\/wp\/v2\/media\/255254"}],"wp:attachment":[{"href":"https:\/\/baldumarket.lt\/lt\/wp-json\/wp\/v2\/media?parent=255253"}],"wp:term":[{"taxonomy":"product_brand","embeddable":true,"href":"https:\/\/baldumarket.lt\/lt\/wp-json\/wp\/v2\/product_brand?post=255253"},{"taxonomy":"product_cat","embeddable":true,"href":"https:\/\/baldumarket.lt\/lt\/wp-json\/wp\/v2\/product_cat?post=255253"},{"taxonomy":"product_tag","embeddable":true,"href":"https:\/\/baldumarket.lt\/lt\/wp-json\/wp\/v2\/product_tag?post=255253"}],"curies":[{"name":"wp","href":"https:\/\/api.w.org\/{rel}","templated":true}]}}