{"id":255247,"date":"2026-01-10T22:33:54","date_gmt":"2026-01-10T19:33:54","guid":{"rendered":"https:\/\/baldumarket.lt\/product\/luxor-lx07-szafa\/"},"modified":"2026-02-11T18:30:54","modified_gmt":"2026-02-11T15:30:54","slug":"luxor-lx07-szafa","status":"publish","type":"product","link":"https:\/\/baldumarket.lt\/lt\/product\/luxor-lx07-szafa\/","title":{"rendered":"LUXOR LX07 drabu\u017ei\u0173 spinta"},"content":{"rendered":"<p>\u0160i moderni spinta su eleganti\u0161ka, blizgia apdaila derina stili\u0173, funkcionalum\u0105 ir auk\u0161tos kokyb\u0117s meistri\u0161kum\u0105. Sukurta tiems, kurie vertina tvark\u0105 ir estetik\u0105, ji puikiai tiks tiek moderniame, tiek klasikiniame interjere. D\u0117l plonos, vertikalios formos ji maksimaliai i\u0161naudoja erdv\u0119, tod\u0117l puikiai tinka tiek erdvioms svetain\u0117ms, tiek ma\u017eesn\u0117ms erdv\u0117ms, tokioms kaip koridorius ar miegamasis. Centrin\u0117je dalyje yra funkcionalus stal\u010dius, puikiai tinkantis smulkiems daiktams laikyti, o apatin\u0117 ir vir\u0161utin\u0117 spintel\u0117s suteikia daug vietos drabu\u017eiams, tekstilei ir kitiems nam\u0173 aksesuarams. Ma\u017eos, chromuotos ranken\u0117l\u0117s su \u201eSworowski\u201c kristalais papildo dizain\u0105, pabr\u0117\u017edamos modern\u0173 baldo charakter\u012f ir u\u017etikrindamos lengv\u0105 dureli\u0173 atidarym\u0105. Spinta stovi ant plon\u0173, chromuot\u0173 metalini\u0173 kojeli\u0173, pasi\u017eymin\u010di\u0173 \u0161velniai i\u0161lenkta forma, suteikian\u010di\u0173 jai lengvumo poj\u016bt\u012f ir subtil\u0173, dizainerio \u012fvaizd\u012f. Tai u\u017etikrina, kad baldas neu\u017egriozdint\u0173 erdv\u0117s, tuo pa\u010diu i\u0161likdamas stabilus ir tvirtas. Pagaminta i\u0161 patvari\u0173 med\u017eiag\u0173, kurios atlaiko kasdien\u012f naudojim\u0105, u\u017etikrina ilgaam\u017ei\u0161kum\u0105 ir lengv\u0105 valym\u0105. \u0160is universalus baldas derina prakti\u0161kum\u0105 ir elegancij\u0105. Puikiai tinka interjerams, sukurtiems minimalizmo, modernaus \u017eavesio ar skandinavi\u0161ko paprastumo dvasia. \u0160i blizgi balta spinta suteikia kambariui tvarkos, gaivumo ir harmonijos poj\u016bt\u012f, tapdama ne tik daikt\u0173 laikymo vieta, bet ir stilingu akcentu.<\/p>\n<p>Plotis 83 cm Gylis 54 cm Auk\u0161tis 194,4 cm Produkto svoris su pakuote 71,65 kg Gamintojo kodas \/ simbolis LX07 Kolekcijos pavadinimas LUXOR Pavadinimas b2b sistemoje LUXOR LX07 BALTA\/BALTA BLIZGIO SPINTEL\u0116S KOMPLEKTAS Produkt\u0173 pakuo\u010di\u0173 skai\u010dius 4 Stilius GLAMOUR \u012eranga Surinkimo instrukcijos \/ surinkimo priedai Surinkimas Savaranki\u0161kam surinkimui Korpuso spalva Balta \/ Blizgi Balta Korpuso apdailos med\u017eiaga \/ tipas \/ storis 16 mm baldin\u0117 plok\u0161t\u0117 \/ Dekoratyvinis veidrodis Vir\u0161utin\u0117 korpuso apdaila \/ med\u017eiaga \/ tipas \/ storis 18 mm MDF baldin\u0117 plok\u0161t\u0117 Apatin\u0117 korpuso apdaila \/ med\u017eiaga \/ tipas \/ storis 16 mm baldin\u0117 plok\u0161t\u0117 Galin\u0117s sienel\u0117s apdailos med\u017eiaga \/ tipas \/ storis 2,5 mm HDF baldin\u0117 plok\u0161t\u0117 Galin\u0117s sienel\u0117s matomos dalies spalva Balta Priekin\u0117s spalvos Balta Blizgi Priekin\u0117s apdailos med\u017eiaga \/ tipas \/ storis 18 mm MDF baldin\u0117 plok\u0161t\u0117 Priekinis vyris \u2300 35 mm reguliuojamas trijose pad\u0117tyse Priekin\u0117 rankena \/ apdaila \/ spalva Kri\u0161tolin\u0117 \u0160velniai u\u017esidaranti dur\u0173 sistema Standarti\u0161kai Pilnai i\u0161traukiami stal\u010di\u0173 b\u0117geliai Kojel\u0117 \/ apdaila \/ spalva Nereguliuojama \/ metalin\u0117 \/ chromuota Kojel\u0117s auk\u0161tis 170 mm Dureli\u0173 skai\u010dius 4 Stal\u010di\u0173 skai\u010dius 1 U\u017edar\u0173 ni\u0161\u0173 skai\u010dius 2 Korpuso \u012franga Standartin\u0117 komplektacija 1 pakabinimo karnizas<\/p>","protected":false},"excerpt":{"rendered":"<p>\u0160i moderni spinta su eleganti\u0161ka, blizgia apdaila derina stili\u0173, funkcionalum\u0105 ir auk\u0161tos kokyb\u0117s meistri\u0161kum\u0105. Sukurta tiems, kurie vertina tvark\u0105 ir estetik\u0105, ji puikiai tiks tiek moderniame, tiek klasikiniame interjere. D\u0117l plonos, vertikalios formos ji maksimaliai i\u0161naudoja erdv\u0119, tod\u0117l puikiai tinka tiek erdvioms svetain\u0117ms, tiek ma\u017eesn\u0117ms erdv\u0117ms, tokioms kaip koridoriai ar [\u2026]<\/p>","protected":false},"featured_media":255231,"comment_status":"open","ping_status":"open","template":"","meta":[],"product_brand":[],"product_cat":[2457,1177],"product_tag":[],"class_list":{"0":"post-255247","1":"product","2":"type-product","3":"status-publish","4":"has-post-thumbnail","6":"product_cat-liveo","7":"product_cat-wardrobes","9":"first","10":"instock","11":"purchasable","12":"product-type-simple"},"_links":{"self":[{"href":"https:\/\/baldumarket.lt\/lt\/wp-json\/wp\/v2\/product\/255247","targetHints":{"allow":["GET"]}}],"collection":[{"href":"https:\/\/baldumarket.lt\/lt\/wp-json\/wp\/v2\/product"}],"about":[{"href":"https:\/\/baldumarket.lt\/lt\/wp-json\/wp\/v2\/types\/product"}],"replies":[{"embeddable":true,"href":"https:\/\/baldumarket.lt\/lt\/wp-json\/wp\/v2\/comments?post=255247"}],"wp:featuredmedia":[{"embeddable":true,"href":"https:\/\/baldumarket.lt\/lt\/wp-json\/wp\/v2\/media\/255231"}],"wp:attachment":[{"href":"https:\/\/baldumarket.lt\/lt\/wp-json\/wp\/v2\/media?parent=255247"}],"wp:term":[{"taxonomy":"product_brand","embeddable":true,"href":"https:\/\/baldumarket.lt\/lt\/wp-json\/wp\/v2\/product_brand?post=255247"},{"taxonomy":"product_cat","embeddable":true,"href":"https:\/\/baldumarket.lt\/lt\/wp-json\/wp\/v2\/product_cat?post=255247"},{"taxonomy":"product_tag","embeddable":true,"href":"https:\/\/baldumarket.lt\/lt\/wp-json\/wp\/v2\/product_tag?post=255247"}],"curies":[{"name":"wp","href":"https:\/\/api.w.org\/{rel}","templated":true}]}}