{"id":255240,"date":"2026-01-10T22:33:51","date_gmt":"2026-01-10T19:33:51","guid":{"rendered":"https:\/\/baldumarket.lt\/product\/luxor-lx06-witryna\/"},"modified":"2026-02-11T18:30:54","modified_gmt":"2026-02-11T15:30:54","slug":"luxor-lx06-witryna","status":"publish","type":"product","link":"https:\/\/baldumarket.lt\/lt\/product\/luxor-lx06-witryna\/","title":{"rendered":"LUXOR LX06 VITRINA"},"content":{"rendered":"<p>\u0160i eleganti\u0161ka vitrina sujungia modern\u0173 stili\u0173, funkcionalum\u0105 ir subtili\u0105 form\u0105, kuri puikiai papildys bet kok\u012f modern\u0173 interjer\u0105. Blizgi balta spalva suteikia kambariui lengvumo, gaivumo ir vizualinio ap\u0161vietimo, sukurdama erdvumo ir harmonijos poj\u016bt\u012f. Vir\u0161utin\u0117je dalyje yra stiklin\u0117s durys su gr\u016bdinto stiklo lentynomis \u2013 puiki vieta eksponuoti m\u0117gstamus porcelianus, kristalus ar dekoratyvinius aksesuarus. Galimyb\u0117 \u012frengti ap\u0161vietim\u0105 suteikia vitrinai i\u0161skirtinio gylio, i\u0161ry\u0161kina eksponuojamus daiktus ir sukuria jauki\u0105 atmosfer\u0105. Apatinis stal\u010dius suteikia prakti\u0161k\u0105 viet\u0105 smulkiems daiktams, kuri\u0173 visada reik\u0117s po ranka, o apatin\u0117 dalis su dviem rakinamomis spintel\u0117mis si\u016blo viet\u0105 kasdieniams daiktams, padeda palaikyti tvark\u0105 ir estetik\u0105. Plonos, chromuotos metalin\u0117s kojel\u0117s papildo dizain\u0105, suteikia baldui lengvumo poj\u016bt\u012f ir palengvina valym\u0105. Subtilios, blizgan\u010dios kri\u0161tolin\u0117s ranken\u0117l\u0117s subtiliai pabr\u0117\u017eia eleganti\u0161k\u0105 vitrinos charakter\u012f, paversdamos j\u0105 unikaliu dizaino elementu. \u0160is baldas puikiai derina stili\u0173 ir prakti\u0161kum\u0105 \u2013 puikiai tinka svetainei, valgomajam ar darbo kambariui. Vitrina yra ne tik \u012fsp\u016bdinga interjero puo\u0161mena, bet ir funkcionalus elementas, kuris suteiks j\u016bs\u0173 namams tvarkos, elegancijos ir spindesio.<\/p>\n<p>Plotis 83 cm Gylis 39,9 cm Auk\u0161tis 194,4 cm Produkto svoris su pakuote 64,55 kg Gamintojo kodas \/ simbolis LX06 Kolekcijos pavadinimas LUXOR Pavadinimas b2b sistemoje LUXOR LX06 BALTA\/BALTA BLIZGIO VITRIN\u0116S SPINTEL\u0116S KOMPLEKTAS Produkt\u0173 pakuo\u010di\u0173 skai\u010dius 4 Stilius GLAMOUR \u012eranga Surinkimo instrukcijos \/ surinkimo priedai Surinkimas Savaranki\u0161kam surinkimui Korpuso spalva Balta \/ Blizgi Balta Korpuso apdailos med\u017eiaga \/ tipas \/ storis 16 mm baldin\u0117 plok\u0161t\u0117 \/ Dekoratyvinis veidrodis Vir\u0161utin\u0117 korpuso apdaila \/ med\u017eiaga \/ tipas \/ storis 18 mm baldin\u0117 plok\u0161t\u0117 MDF baldin\u0117 plok\u0161t\u0117 Apatin\u0117 korpuso apdaila \/ med\u017eiaga \/ tipas \/ storis 16 mm baldin\u0117 plok\u0161t\u0117 Galin\u0117s sienel\u0117s apdailos med\u017eiaga \/ tipas \/ storis 2,5 mm HDF baldin\u0117 plok\u0161t\u0117 Matoma galin\u0117s sienel\u0117s dalis Balta Priekin\u0117 spalva Balta Blizgi Priekin\u0117s apdailos med\u017eiaga \/ tipas \/ storis 18 mm MDF baldin\u0117 plok\u0161t\u0117 Priekinis vyris \u2300 35 mm reguliuojamas trijose plok\u0161tumose Priekin\u0117 rankena \/ apdaila \/ spalva Kri\u0161tolin\u0117 Glaz\u016bruota priekin\u0117 apdaila \/ stiklo spalva Gr\u016bdintas \/ bespalvis Glaz\u016bruoto priekinio stiklo storis 4 mm Stiklin\u0117s lentynos stiklo spalva Bespalv\u0117 Stiklin\u0117s lentynos stiklo storis 6 mm Stiklin\u0117 lentyna kiekis 2 \u0160velnaus u\u017edarymo dureli\u0173 sistema Standarti\u0161kai Pilnai i\u0161traukiamos stal\u010di\u0173 b\u0117gel\u0117s Kojel\u0117 \/ apdaila \/ spalva Nereguliuojama \/ metalin\u0117 \/ chromuota Kojel\u0117s auk\u0161tis 170 mm Dureli\u0173 skai\u010dius 4 Stal\u010di\u0173 skai\u010dius 1 U\u017edaryt\u0173 ni\u0161\u0173 u\u017e stiklinio priekio skai\u010dius 3 U\u017edaryt\u0173 ni\u0161\u0173 skai\u010dius 1<\/p>","protected":false},"excerpt":{"rendered":"<p>\u0160i eleganti\u0161ka vitrina sujungia modern\u0173 stili\u0173, funkcionalum\u0105 ir subtili\u0105 form\u0105, kuri puikiai papildys bet kok\u012f modern\u0173 interjer\u0105. Blizgi balta spalva suteikia kambariui lengvumo, gaivumo ir vizualinio ap\u0161vietimo, sukurdama erdvumo ir harmonijos poj\u016bt\u012f. Vir\u0161utin\u0117je dalyje yra stiklin\u0117s durys su gr\u016bdinto stiklo lentynomis \u2013 puiki vieta eksponuoti [\u2026]<\/p>","protected":false},"featured_media":255241,"comment_status":"open","ping_status":"open","template":"","meta":[],"product_brand":[],"product_cat":[2457,2006],"product_tag":[],"class_list":{"0":"post-255240","1":"product","2":"type-product","3":"status-publish","4":"has-post-thumbnail","6":"product_cat-liveo","7":"product_cat-vitrines","9":"first","10":"instock","11":"purchasable","12":"product-type-simple"},"_links":{"self":[{"href":"https:\/\/baldumarket.lt\/lt\/wp-json\/wp\/v2\/product\/255240","targetHints":{"allow":["GET"]}}],"collection":[{"href":"https:\/\/baldumarket.lt\/lt\/wp-json\/wp\/v2\/product"}],"about":[{"href":"https:\/\/baldumarket.lt\/lt\/wp-json\/wp\/v2\/types\/product"}],"replies":[{"embeddable":true,"href":"https:\/\/baldumarket.lt\/lt\/wp-json\/wp\/v2\/comments?post=255240"}],"wp:featuredmedia":[{"embeddable":true,"href":"https:\/\/baldumarket.lt\/lt\/wp-json\/wp\/v2\/media\/255241"}],"wp:attachment":[{"href":"https:\/\/baldumarket.lt\/lt\/wp-json\/wp\/v2\/media?parent=255240"}],"wp:term":[{"taxonomy":"product_brand","embeddable":true,"href":"https:\/\/baldumarket.lt\/lt\/wp-json\/wp\/v2\/product_brand?post=255240"},{"taxonomy":"product_cat","embeddable":true,"href":"https:\/\/baldumarket.lt\/lt\/wp-json\/wp\/v2\/product_cat?post=255240"},{"taxonomy":"product_tag","embeddable":true,"href":"https:\/\/baldumarket.lt\/lt\/wp-json\/wp\/v2\/product_tag?post=255240"}],"curies":[{"name":"wp","href":"https:\/\/api.w.org\/{rel}","templated":true}]}}