{"id":255232,"date":"2026-01-10T22:33:47","date_gmt":"2026-01-10T19:33:47","guid":{"rendered":"https:\/\/baldumarket.lt\/product\/luxor-lx05-witryna-l-p\/"},"modified":"2026-02-11T18:30:54","modified_gmt":"2026-02-11T15:30:54","slug":"luxor-lx05-witryna-l-p","status":"publish","type":"product","link":"https:\/\/baldumarket.lt\/lt\/product\/luxor-lx05-witryna-l-p\/","title":{"rendered":"LUXOR LX05 vitrina (k\/d)"},"content":{"rendered":"<p>\u0160i moderni vitrina \u2013 eleganti\u0161kas baldas, puikiai derinantis funkcionalum\u0105 ir rafinuot\u0105 stili\u0173. D\u0117l plonos, vertikalios formos ji idealiai tinka tiek ma\u017eesn\u0117ms erdv\u0117ms, tiek kaip didesni\u0173 svetaini\u0173 ar valgom\u0173j\u0173 papildymas. Blizg\u016bs balti da\u017eai suteikia interjerui gaivumo, \u0161viesos ir erdvumo poj\u016bt\u012f, o subtilios detal\u0117s suteikia visam baldui unikal\u0173 charakter\u012f. Vir\u0161utin\u0117je spintel\u0117s dalyje yra stiklin\u0117s durys su gr\u016bdinto stiklo lentynomis \u2013 puiki vieta eksponuoti m\u0117gstamus stalo \u012frankius, dekoratyvines taures ar dekoracijas, kurios, d\u0117ka pasirenkamo subtilaus ap\u0161vietimo, gali tapti tikru interjero akcentu. Apa\u010dioje esantis erdvus stal\u010dius suteikia prakti\u0161k\u0105 viet\u0105 smulkiems daiktams, kuriuos visada nor\u0117site tur\u0117ti po ranka. Apatin\u0117je dalyje yra dvi rakinamos spintel\u0117s, idealiai tinkan\u010dios kasdieniams daiktams laikyti, i\u0161laikant tvark\u0105 ir harmonij\u0105 erdv\u0117je. Visas baldas sumontuotas ant eleganti\u0161k\u0173, chromuot\u0173 metalini\u0173 kojeli\u0173, kurios suteikia lengvumo ir modernumo, taip pat palengvina erdv\u0117s \u0161var\u0105. Blizgan\u010dios rankenos su \u201eSworowski\u201c kristalais u\u017ebaigia i\u0161vaizd\u0105, pabr\u0117\u017edamos prabang\u0173, ta\u010diau subtil\u0173 vitrinos stili\u0173. \u0160is baldas \u017eavi savo paprasta forma ir rafinuotomis detal\u0117mis. Jis puikiai papildys modern\u0173 interjer\u0105, suteikdamas jam elegancijos ir spindesio, tuo pa\u010diu i\u0161likdamas itin prakti\u0161ku nam\u0173 baldu.<\/p>\n<p>Plotis 58,8 cm Gylis 39,9 cm Auk\u0161tis 194,4 cm Produkto svoris su pakuote 51,10 kg Gamintojo kodas \/ simbolis LX05 Kolekcijos pavadinimas LUXOR Pavadinimas b2b sistemoje LUXOR LX05 BALTA\/BALTA BLIZGIO VITRIN\u0116 L\/P KOMPLEKTAS Produkt\u0173 pakuo\u010di\u0173 skai\u010dius 4 Stilius GLAMOUR \u012eranga Surinkimo instrukcijos \/ surinkimo priedai Surinkimas Savaranki\u0161kam surinkimui Korpuso spalva Balta \/ Blizgi Balta Korpuso apdailos med\u017eiaga \/ tipas \/ storis 16 mm baldin\u0117 plok\u0161t\u0117 \/ Dekoratyvinis veidrodis Vir\u0161utin\u0117 korpuso apdaila \/ med\u017eiaga \/ tipas \/ storis 18 mm MDF baldin\u0117 plok\u0161t\u0117 Apatin\u0117 korpuso apdaila \/ med\u017eiaga \/ tipas \/ storis 16 mm baldin\u0117 plok\u0161t\u0117 Galin\u0117s sienel\u0117s apdailos med\u017eiaga \/ tipas \/ storis 2,5 mm HDF baldin\u0117 plok\u0161t\u0117 Matoma galin\u0117s sienel\u0117s dalis Balta Priekin\u0117 spalva Balta Blizgi Priekin\u0117s apdailos med\u017eiaga \/ tipas \/ storis 18 mm MDF baldin\u0117 plok\u0161t\u0117 Priekinis vyris \u2300 35 mm reguliuojamas trijose plok\u0161tumose Priekinis universalus atidarymas kair\u0117n \/ de\u0161in\u0117n TAIP Priekin\u0117 rankena \/ apdaila \/ spalva Kri\u0161tolin\u0117 Glaz\u016bruota priekin\u0117 apdaila \/ stiklo spalva Gr\u016bdintas \/ skaidrus Glaz\u016bruoto priekinio stiklo storis 4 mm Stiklin\u0117s lentynos stiklas Spalva Permatoma Stiklin\u0117s lentynos stiklo storis 5 mm Stiklini\u0173 lentyn\u0173 kiekis 2 \u0160velnaus u\u017edarymo sistema Standarti\u0161kai Pilnai i\u0161traukiamos stal\u010di\u0173 b\u0117gel\u0117s Kojel\u0117 \/ apdaila \/ spalva Nereguliuojama \/ metalin\u0117 \/ chromuota Kojel\u0117s auk\u0161tis 170 mm Dureli\u0173 skai\u010dius 3 Stal\u010di\u0173 skai\u010dius 1 U\u017edaryt\u0173 ni\u0161\u0173 u\u017e stiklinio priekio skai\u010dius 3 U\u017edaryt\u0173 ni\u0161\u0173 skai\u010dius 1<\/p>","protected":false},"excerpt":{"rendered":"<p>\u0160i moderni vitrina yra eleganti\u0161kas baldas, puikiai derinantis funkcionalum\u0105 su rafinuotu stiliumi. D\u0117l savo plonos, vertikalios formos ji idealiai tinka tiek ma\u017eesn\u0117ms erdv\u0117ms, tiek kaip didesni\u0173 svetaini\u0173 ar valgom\u0173j\u0173 papildymas. Blizg\u016bs balti da\u017eai suteikia interjerui gaivumo, \u0161viesos ir erdv\u0117s poj\u016bt\u012f, o [\u2026]<\/p>","protected":false},"featured_media":255233,"comment_status":"open","ping_status":"open","template":"","meta":[],"product_brand":[],"product_cat":[2457,2006],"product_tag":[],"class_list":{"0":"post-255232","1":"product","2":"type-product","3":"status-publish","4":"has-post-thumbnail","6":"product_cat-liveo","7":"product_cat-vitrines","9":"first","10":"instock","11":"purchasable","12":"product-type-simple"},"_links":{"self":[{"href":"https:\/\/baldumarket.lt\/lt\/wp-json\/wp\/v2\/product\/255232","targetHints":{"allow":["GET"]}}],"collection":[{"href":"https:\/\/baldumarket.lt\/lt\/wp-json\/wp\/v2\/product"}],"about":[{"href":"https:\/\/baldumarket.lt\/lt\/wp-json\/wp\/v2\/types\/product"}],"replies":[{"embeddable":true,"href":"https:\/\/baldumarket.lt\/lt\/wp-json\/wp\/v2\/comments?post=255232"}],"wp:featuredmedia":[{"embeddable":true,"href":"https:\/\/baldumarket.lt\/lt\/wp-json\/wp\/v2\/media\/255233"}],"wp:attachment":[{"href":"https:\/\/baldumarket.lt\/lt\/wp-json\/wp\/v2\/media?parent=255232"}],"wp:term":[{"taxonomy":"product_brand","embeddable":true,"href":"https:\/\/baldumarket.lt\/lt\/wp-json\/wp\/v2\/product_brand?post=255232"},{"taxonomy":"product_cat","embeddable":true,"href":"https:\/\/baldumarket.lt\/lt\/wp-json\/wp\/v2\/product_cat?post=255232"},{"taxonomy":"product_tag","embeddable":true,"href":"https:\/\/baldumarket.lt\/lt\/wp-json\/wp\/v2\/product_tag?post=255232"}],"curies":[{"name":"wp","href":"https:\/\/api.w.org\/{rel}","templated":true}]}}