{"id":25523,"date":"2025-11-14T16:49:00","date_gmt":"2025-11-14T13:49:00","guid":{"rendered":"https:\/\/baldumarket.lt\/product\/lanzzi-135-szafa-czarny-mat-dab-artisan\/"},"modified":"2026-04-07T01:31:40","modified_gmt":"2026-04-06T22:31:40","slug":"lanzzi-135-szafa-czarny-mat-dab-artisan","status":"publish","type":"product","link":"https:\/\/baldumarket.lt\/lt\/product\/lanzzi-135-szafa-czarny-mat-dab-artisan\/","title":{"rendered":"Lanzzi 135 spinta, matin\u0117 juoda\/artisan \u0105\u017euolas"},"content":{"rendered":"<p>Didel\u0117 \u201eLanzzi\u201c spinta pasi\u017eymi puikiu dizainu, prakti\u0161kumu, funkcionalumu ir didele daikt\u0173 laikymo vieta. Spintel\u0117 padalinta \u012f tris zonas. Pirmoji \u2013 pakaba, o vir\u0161uje \u2013 lentyna sulankstytiems drabu\u017eiams. Vidurin\u0117je dalyje yra \u012fduba, kuri\u0105 galima naudoti kaip ekspozicijos viet\u0105. Vir\u0161 j\u0173 taip pat yra lentynos drabu\u017eiams. Du erdv\u016bs stal\u010diai apa\u010dioje suteikia papildomos pasl\u0117ptos vietos \u201eLanzzi\u201c spintoje. De\u0161in\u0117je pus\u0117je, u\u017e rakinam\u0173 dur\u0173, yra vien\u0173 dur\u0173 spintel\u0117 su penkiomis lentynomis, kuriose yra erdv\u016bs skyriai batams, kepur\u0117ms, mar\u0161kiniams ir visiems sulankstytiems drabu\u017eiams. I\u0161skirtinis \u201eLanzzi\u201c spintos bruo\u017eas \u2013 juodos metalin\u0117s kojel\u0117s, kurios pakelia spintel\u0119 20 centimetr\u0173 nuo \u017eem\u0117s. \u201eLanzzi\u201c spinta pagaminta i\u0161 storos ir tvirtos laminuotos MDF plok\u0161t\u0117s ir yra dviej\u0173 spalv\u0173. Galima rinktis i\u0161 dviej\u0173 spalv\u0173 variant\u0173. Komplekte yra spintos karnizas. Juodos, milteliniu b\u016bdu da\u017eytos plienin\u0117s kojel\u0117s. Auk\u0161tis: 200 cm. Gylis: 60 cm. Plotis: 135 cm. Svoris: 127 kg. R\u0117mo spalva: juoda. Med\u017eiag\u0173 konfig\u016bracija: matin\u0117 juoda + dirbtinio \u0105\u017euolo \/ matin\u0117 juoda + matin\u0117 juoda. Med\u017eiaga: MDF. Kojel\u0117s: metalin\u0117s. Kojeli\u0173 auk\u0161tis: 20 cm. Dureli\u0173 skai\u010dius: 3. Lentyn\u0173 skai\u010dius: 9. Atvir\u0173 lentyn\u0173 skai\u010dius: 1. Stal\u010di\u0173 skai\u010dius: 2. Pakabos skersinis: 1.<\/p>","protected":false},"excerpt":{"rendered":"<p>Didel\u0117 \u201eLanzzi\u201c spinta pasi\u017eymi puikiu dizainu, prakti\u0161kumu, funkcionalumu ir didele daikt\u0173 laikymo erdve. Spintel\u0117 padalinta \u012f tris zonas. Pirmoji \u2013 pakaba daiktams kabinti, o vir\u0161uje \u2013 lentyna sulankstytiems daiktams. Vidurin\u0117je dalyje yra \u012fduba, kuri\u0105 galima naudoti kaip ekspozicijos viet\u0105. Vir\u0161 j\u0173 taip pat yra lentynos drabu\u017eiams [\u2026]<\/p>","protected":false},"featured_media":25524,"comment_status":"open","ping_status":"open","template":"","meta":[],"product_brand":[],"product_cat":[1173,2012,9164],"product_tag":[],"class_list":{"0":"post-25523","1":"product","2":"type-product","3":"status-publish","4":"has-post-thumbnail","6":"product_cat-chests-of-drawers","7":"product_cat-eltap","8":"product_cat-komody-eltap","9":"pa_frame-material-undefined","10":"pa_frame-material-type-undefined","11":"pa_leg-color-undefined","12":"pa_leg-material-undefined","13":"pa_linen-box-undefined","14":"pa_main-color-black","15":"pa_price-group-basic","16":"pa_seat-depth-undefined","17":"pa_seat-width-undefined","18":"pa_sleep-function-undefined","19":"pa_sleeping-area-length-undefined","20":"pa_sleeping-area-width-undefined","21":"pa_style-undefined","22":"pa_textile-czarny-mat-dab-artisan","23":"pa_upholstery-material-undefined","25":"first","26":"instock","27":"purchasable","28":"product-type-simple"},"_links":{"self":[{"href":"https:\/\/baldumarket.lt\/lt\/wp-json\/wp\/v2\/product\/25523","targetHints":{"allow":["GET"]}}],"collection":[{"href":"https:\/\/baldumarket.lt\/lt\/wp-json\/wp\/v2\/product"}],"about":[{"href":"https:\/\/baldumarket.lt\/lt\/wp-json\/wp\/v2\/types\/product"}],"replies":[{"embeddable":true,"href":"https:\/\/baldumarket.lt\/lt\/wp-json\/wp\/v2\/comments?post=25523"}],"wp:featuredmedia":[{"embeddable":true,"href":"https:\/\/baldumarket.lt\/lt\/wp-json\/wp\/v2\/media\/25524"}],"wp:attachment":[{"href":"https:\/\/baldumarket.lt\/lt\/wp-json\/wp\/v2\/media?parent=25523"}],"wp:term":[{"taxonomy":"product_brand","embeddable":true,"href":"https:\/\/baldumarket.lt\/lt\/wp-json\/wp\/v2\/product_brand?post=25523"},{"taxonomy":"product_cat","embeddable":true,"href":"https:\/\/baldumarket.lt\/lt\/wp-json\/wp\/v2\/product_cat?post=25523"},{"taxonomy":"product_tag","embeddable":true,"href":"https:\/\/baldumarket.lt\/lt\/wp-json\/wp\/v2\/product_tag?post=25523"}],"curies":[{"name":"wp","href":"https:\/\/api.w.org\/{rel}","templated":true}]}}