{"id":255224,"date":"2026-01-10T22:33:44","date_gmt":"2026-01-10T19:33:44","guid":{"rendered":"https:\/\/baldumarket.lt\/product\/luxor-lx04-witryna-niska\/"},"modified":"2026-02-11T18:30:54","modified_gmt":"2026-02-11T15:30:54","slug":"luxor-lx04-witryna-niska","status":"publish","type":"product","link":"https:\/\/baldumarket.lt\/lt\/product\/luxor-lx04-witryna-niska\/","title":{"rendered":"\u017dema vitrina LUXOR LX04"},"content":{"rendered":"<p>\u201eLuxor LX04\u201c vitrina \u2013 eleganti\u0161kas ir funkcionalus baldas, puikiai papildantis modern\u0173, minimalistin\u012f interjer\u0105. Paprastas, ta\u010diau ry\u0161kus dizainas derina estetik\u0105 ir prakti\u0161kum\u0105, sukurdamas stiling\u0105 akcent\u0105 bet kuriame kambaryje. Blizgi apdaila suteikia jai unikal\u0173 lengvumo ir erdv\u0117s poj\u016bt\u012f, kartu pabr\u0117\u017edama modern\u0173 charakter\u012f. Vir\u0161utin\u0117je spintel\u0117s dalyje yra stiklin\u0117s durys, u\u017e kuri\u0173 slypi gr\u016bdinto stiklo lentynos \u2013 ideali vieta eleganti\u0161kiems stalo \u012frankiams, stiklin\u0117ms ar dekoratyviniams aksesuarams eksponuoti. Subtilus ap\u0161vietimas, kur\u012f galima integruoti viduje, dar labiau i\u0161ry\u0161kins eksponuojamus daiktus ir sukurs jauki\u0105 atmosfer\u0105. Prakti\u0161kas stal\u010dius spintel\u0117s centre suteikia patog\u0173 viet\u0105 smulkiems aksesuarams ar dokumentams laikyti. Apatin\u0117je spintel\u0117s dalyje yra dvi rakinamos spintel\u0117s, kuriose yra daug vietos neoficialiems daiktams laikyti, palaikant tvark\u0105 ir harmonij\u0105 kambaryje. Visas baldas stovi ant plon\u0173, chromuot\u0173 metalini\u0173 kojeli\u0173, kurios suteikia baldui lengvumo ir elegancijos, o apa\u010dioje taip pat lengviau palaikyti \u0161var\u0105. Subtilios, blizgan\u010dios ranken\u0117l\u0117s su \u201eSworowski\u201c kristalais u\u017ebaigia i\u0161vaizd\u0105, pabr\u0117\u017edamos jos rafinuot\u0105 charakter\u012f. \u0160i vitrina puikiai tinka tiek svetainei, tiek valgomajam, tiek moderniam biurui. D\u0117l universali\u0173 spalv\u0173 ir nesenstan\u010dio dizaino tai tobulas estetikos ir funkcionalumo derinys \u2013 baldas, kuris ne tik pagra\u017eina interjer\u0105, bet ir palengvina kasdien\u012f naudojim\u0105.<\/p>\n<p>Plotis 83 cm Gylis 39,9 cm Auk\u0161tis 157,6 cm Produkto svoris su pakuote 53,15 kg Gamintojo kodas \/ simbolis LX04 Kolekcijos pavadinimas LUXOR Pavadinimas b2b sistemoje LUXOR LX04 BALTA\/BALTA BLIZG\u0116 \u017dEMA VITRIN\u0116S SPINTEL\u0116S KOMPLEKTAS Produkto pakuo\u010di\u0173 skai\u010dius 4 Stilius GLAMOUR \u012eranga Surinkimo instrukcijos \/ surinkimo priedai Surinkimas Savaranki\u0161kam surinkimui Korpuso spalva Balta \/ Blizgi Balta Korpuso med\u017eiaga \/ tipas \/ storis 16 mm baldin\u0117 plok\u0161t\u0117 \/ Dekoratyvinis veidrodis Vir\u0161utinio korpuso vir\u0161utinio pavir\u0161iaus med\u017eiaga \/ tipas \/ storis 18 mm baldin\u0117 plok\u0161t\u0117 MDF baldin\u0117 plok\u0161t\u0117 Apatinio korpuso vir\u0161utinio pavir\u0161iaus med\u017eiaga \/ tipas \/ storis 16 mm baldin\u0117 plok\u0161t\u0117 Galin\u0117s sienel\u0117s med\u017eiaga \/ tipas \/ storis 2,5 mm HDF baldin\u0117 plok\u0161t\u0117 Matoma galin\u0117s sienel\u0117s dalis Balta Priekin\u0117s spalvos Balta Blizgi Priekin\u0117s med\u017eiagos \/ tipas \/ storis 18 mm MDF baldin\u0117 plok\u0161t\u0117 Priekinis vyris \u2300 35 mm, reguliuojamas trijose plok\u0161tumose Priekin\u0117 ranken\u0117l\u0117 \/ apdaila \/ spalva Kri\u0161tolin\u0117 Glaz\u016bruota priekin\u0117 apdaila \/ stiklo spalva Gr\u016bdintas \/ bespalvis Glaz\u016bruoto priekinio stiklo storis 4 mm Stiklin\u0117s lentynos stiklo spalva Bespalvis Stiklin\u0117s lentynos stiklo storis 6 mm Stiklin\u0117s lentynos kiekis 1 \u0160velnaus u\u017edarymo dureli\u0173 sistema Standartin\u0117 \u012franga Pilnai i\u0161traukiami stal\u010di\u0173 b\u0117geliai Kojel\u0117 \/ apdaila \/ spalva Nereguliuojama \/ metalin\u0117 \/ chromuota Kojel\u0117s auk\u0161tis 170 mm Dureli\u0173 skai\u010dius 4 Stal\u010di\u0173 skai\u010dius 1 U\u017edaryt\u0173 ni\u0161\u0173 u\u017e stiklinio priekio skai\u010dius 2 U\u017edaryt\u0173 ni\u0161\u0173 skai\u010dius 1<\/p>","protected":false},"excerpt":{"rendered":"<p>\u201eLuxor LX04\u201c vitrina \u2013 eleganti\u0161kas ir funkcionalus baldas, puikiai papildantis modern\u0173, minimalistin\u012f interjer\u0105. Paprastas, ta\u010diau ry\u0161kus dizainas derina estetik\u0105 ir prakti\u0161kum\u0105, sukurdamas stiling\u0105 akcent\u0105 bet kuriame kambaryje. Blizgi apdaila suteikia jai unikal\u0173 lengvumo ir erdv\u0117s poj\u016bt\u012f, kartu pabr\u0117\u017edama modern\u0173 charakter\u012f. Vir\u0161utin\u0117 dalis [\u2026]<\/p>","protected":false},"featured_media":255225,"comment_status":"open","ping_status":"open","template":"","meta":[],"product_brand":[],"product_cat":[2457,2006],"product_tag":[],"class_list":{"0":"post-255224","1":"product","2":"type-product","3":"status-publish","4":"has-post-thumbnail","6":"product_cat-liveo","7":"product_cat-vitrines","9":"first","10":"instock","11":"purchasable","12":"product-type-simple"},"_links":{"self":[{"href":"https:\/\/baldumarket.lt\/lt\/wp-json\/wp\/v2\/product\/255224","targetHints":{"allow":["GET"]}}],"collection":[{"href":"https:\/\/baldumarket.lt\/lt\/wp-json\/wp\/v2\/product"}],"about":[{"href":"https:\/\/baldumarket.lt\/lt\/wp-json\/wp\/v2\/types\/product"}],"replies":[{"embeddable":true,"href":"https:\/\/baldumarket.lt\/lt\/wp-json\/wp\/v2\/comments?post=255224"}],"wp:featuredmedia":[{"embeddable":true,"href":"https:\/\/baldumarket.lt\/lt\/wp-json\/wp\/v2\/media\/255225"}],"wp:attachment":[{"href":"https:\/\/baldumarket.lt\/lt\/wp-json\/wp\/v2\/media?parent=255224"}],"wp:term":[{"taxonomy":"product_brand","embeddable":true,"href":"https:\/\/baldumarket.lt\/lt\/wp-json\/wp\/v2\/product_brand?post=255224"},{"taxonomy":"product_cat","embeddable":true,"href":"https:\/\/baldumarket.lt\/lt\/wp-json\/wp\/v2\/product_cat?post=255224"},{"taxonomy":"product_tag","embeddable":true,"href":"https:\/\/baldumarket.lt\/lt\/wp-json\/wp\/v2\/product_tag?post=255224"}],"curies":[{"name":"wp","href":"https:\/\/api.w.org\/{rel}","templated":true}]}}