{"id":255217,"date":"2026-01-10T22:33:40","date_gmt":"2026-01-10T19:33:40","guid":{"rendered":"https:\/\/baldumarket.lt\/product\/luxor-lx03-komoda\/"},"modified":"2026-02-11T18:30:54","modified_gmt":"2026-02-11T15:30:54","slug":"luxor-lx03-komoda","status":"publish","type":"product","link":"https:\/\/baldumarket.lt\/lt\/product\/luxor-lx03-komoda\/","title":{"rendered":"LUXOR LX03 komoda su stal\u010diais"},"content":{"rendered":"<p>Moderni ir eleganti\u0161ka balta komoda su universaliu dizainu, idealiai tinkanti minimalistiniam, moderniam ar glam\u016bringam interjerui. \u0160is baldas derina funkcionalum\u0105 ir estetik\u0105, si\u016blo daug vietos daiktams susid\u0117ti, i\u0161laikydamas lengv\u0105, harmoning\u0105 form\u0105. Komodoje yra trys centre i\u0161d\u0117styti stal\u010diai, puikiai tinkantys smulkiems aksesuarams, tekstil\u0117s gaminiams ar dokumentams laikyti. J\u0105 i\u0161 abiej\u0173 pusi\u0173 puo\u0161ia dvi spintel\u0117s su durel\u0117mis, suteikian\u010dios papildomos vietos didesniems daiktams. Blizg\u016bs fasadai atrodo i\u0161skirtinai eleganti\u0161kai ir atspindi \u0161vies\u0105, vizualiai padidindami kambar\u012f. Subtiliai kont\u016bruoti kra\u0161tai ir chromuotos ranken\u0117l\u0117s su \u201eSworowski\u201c kristalais suteikia modernumo, o lieknos, chromuotos metalin\u0117s kojel\u0117s su blizgia apdaila pabr\u0117\u017eia baldo lengvum\u0105 ir u\u017etikrina stabilum\u0105. D\u0117l savo konstrukcijos bald\u0105 lengva valyti, o pakelta forma leid\u017eia lengvai valyti apa\u010di\u0105. \u0160i komoda puikiai tiks svetainei, miegamajam, valgomajam ar prie\u0161kambariui, nes ji atliks tiek praktinius, tiek dekoratyvinius tikslus. Nesenstanti balta spalva ir eleganti\u0161ka apdaila leid\u017eia lengvai prisitaikyti prie bet kokio interjero dizaino.<\/p>\n<p>Plotis 160,4 cm Gylis 39,9 cm Auk\u0161tis 87,4 cm Produkto svoris su pakuote 63,60 kg Gamintojo kodas \/ simbolis LX03 Kolekcijos pavadinimas LUXOR Pavadinimas b2b sistemoje LUXOR LX03 BALTA\/BALTA BLIZGIO KOMODOS KOMPLEKTAS Produkt\u0173 pakuo\u010di\u0173 skai\u010dius 4 Stilius GLAMOUR \u012eranga Surinkimo instrukcijos \/ surinkimo priedai Surinkimas Savaranki\u0161kam surinkimui Korpuso spalva Balta \/ Blizgi balta Korpuso apdailos med\u017eiaga \/ tipas \/ storis 16 mm baldin\u0117 plok\u0161t\u0117 \/ Dekoratyviniai veidrod\u017eiai Vir\u0161utin\u0117 korpuso apdaila \/ med\u017eiaga \/ tipas \/ storis 18 mm MDF baldin\u0117 plok\u0161t\u0117 Apatin\u0117 korpuso apdaila \/ med\u017eiaga \/ tipas \/ storis 16 mm baldin\u0117 plok\u0161t\u0117 Lentynos spalva Balta Lentynos apdailos med\u017eiaga \/ tipas \/ storis 16 mm baldin\u0117 plok\u0161t\u0117 Lentyn\u0173 kiekis 2 Galin\u0117s sienel\u0117s apdailos med\u017eiaga \/ tipas \/ storis 2,5 mm HDF baldin\u0117 plok\u0161t\u0117 Matoma galin\u0117s sienel\u0117s dalis Balta Priekin\u0117 spalva Balta Blizgi priekin\u0117 dalis Med\u017eiaga \/ tipas \/ storis 18 mm MDF baldin\u0117 plok\u0161t\u0117 Priekinis vyris \u2300 35 mm, reguliuojamas trijose plok\u0161tumose Priekin\u0117 rankena \/ Apdaila \/ Spalva Kri\u0161tolin\u0117 \u0160velnaus u\u017edarymo sistema Standarti\u0161kai Pilnai i\u0161traukiamos stal\u010di\u0173 b\u0117gel\u0117s Kojel\u0117 \/ Apdaila \/ Spalva Nereguliuojamas \/ metalas \/ chromas Kojeli\u0173 auk\u0161tis 170 mm Dureli\u0173 skai\u010dius 2 Stal\u010di\u0173 skai\u010dius 3 U\u017edar\u0173 ni\u0161\u0173 skai\u010dius 4<\/p>","protected":false},"excerpt":{"rendered":"<p>Moderni ir eleganti\u0161ka balta komoda, pasi\u017eyminti universaliu dizainu, idealiai tinka minimalistiniu, moderniu ar \u017eavingu interjeru. \u0160is baldas derina funkcionalum\u0105 ir estetik\u0105, suteikdamas daug vietos daiktams susid\u0117ti, i\u0161laikydamas lengv\u0105, harmoning\u0105 form\u0105. Komodoje yra trys centre i\u0161d\u0117styti stal\u010diai, puikiai tinkantys laikyti smulkius aksesuarus, tekstil\u0119 ar dokumentus. [\u2026]<\/p>","protected":false},"featured_media":255218,"comment_status":"open","ping_status":"open","template":"","meta":[],"product_brand":[],"product_cat":[1173,2457],"product_tag":[],"class_list":{"0":"post-255217","1":"product","2":"type-product","3":"status-publish","4":"has-post-thumbnail","6":"product_cat-chests-of-drawers","7":"product_cat-liveo","9":"first","10":"instock","11":"purchasable","12":"product-type-simple"},"_links":{"self":[{"href":"https:\/\/baldumarket.lt\/lt\/wp-json\/wp\/v2\/product\/255217","targetHints":{"allow":["GET"]}}],"collection":[{"href":"https:\/\/baldumarket.lt\/lt\/wp-json\/wp\/v2\/product"}],"about":[{"href":"https:\/\/baldumarket.lt\/lt\/wp-json\/wp\/v2\/types\/product"}],"replies":[{"embeddable":true,"href":"https:\/\/baldumarket.lt\/lt\/wp-json\/wp\/v2\/comments?post=255217"}],"wp:featuredmedia":[{"embeddable":true,"href":"https:\/\/baldumarket.lt\/lt\/wp-json\/wp\/v2\/media\/255218"}],"wp:attachment":[{"href":"https:\/\/baldumarket.lt\/lt\/wp-json\/wp\/v2\/media?parent=255217"}],"wp:term":[{"taxonomy":"product_brand","embeddable":true,"href":"https:\/\/baldumarket.lt\/lt\/wp-json\/wp\/v2\/product_brand?post=255217"},{"taxonomy":"product_cat","embeddable":true,"href":"https:\/\/baldumarket.lt\/lt\/wp-json\/wp\/v2\/product_cat?post=255217"},{"taxonomy":"product_tag","embeddable":true,"href":"https:\/\/baldumarket.lt\/lt\/wp-json\/wp\/v2\/product_tag?post=255217"}],"curies":[{"name":"wp","href":"https:\/\/api.w.org\/{rel}","templated":true}]}}