{"id":255209,"date":"2026-01-10T22:33:37","date_gmt":"2026-01-10T19:33:37","guid":{"rendered":"https:\/\/baldumarket.lt\/product\/luxor-lx02-komoda\/"},"modified":"2026-02-11T18:30:54","modified_gmt":"2026-02-11T15:30:54","slug":"luxor-lx02-komoda","status":"publish","type":"product","link":"https:\/\/baldumarket.lt\/lt\/product\/luxor-lx02-komoda\/","title":{"rendered":"LUXOR LX02 komoda su stal\u010diais"},"content":{"rendered":"<p>Stilinga ir moderni balta komoda, pasi\u017eyminti eleganti\u0161ka, minimalistine i\u0161vaizda. Lyg\u016bs, blizg\u016bs fasadai ir stalvir\u0161is, pagaminti i\u0161 blizgios MDF plok\u0161t\u0117s, suteikia interjerui lengvumo ir modernumo. Kair\u0117je pus\u0117je yra trys erdv\u016bs stal\u010diai, puikiai tinkantys drabu\u017eiams, aksesuarams ar dokumentams laikyti. De\u0161in\u0117je pus\u0117je funkcionali spintel\u0117 su durel\u0117mis suteikia papildomos vietos didesniems daiktams. \u0160velniai u\u017eapvalinti kra\u0161tai suteikia subtilaus \u017eavesio, o ranken\u0117l\u0117s su \u201eSworowski\u201c kristalais ir lieknos, chromuotos metalin\u0117s kojel\u0117s su blizgia apdaila pabr\u0117\u017eia modern\u0173 baldo stili\u0173. Stabili konstrukcija u\u017etikrina ilgaam\u017ei\u0161kum\u0105, o \u0161iek tiek pakelta kojeli\u0173 forma vizualiai palengvina form\u0105 ir palengvina valym\u0105 po komoda. \u0160i komoda puikiai tiks miegamajam, svetainei ar prie\u0161kambariui, nes ne tik prakti\u0161kai sutalpins daiktus, bet ir bus eleganti\u0161kas dekoratyvinis elementas. Universali balta spalva leid\u017eia lengvai integruoti j\u0105 \u012f \u012fvairius interjero dizainus \u2013 nuo skandinavi\u0161ko iki modernaus ir \u017eavingo.<\/p>\n<p>Plotis 109,6 cm Gylis 39,9 cm Auk\u0161tis 87,4 cm Produkto svoris su pakuote 46,45 kg Gamintojo kodas \/ simbolis LX02 Kolekcijos pavadinimas LUXOR Pavadinimas b2b sistemoje LUXOR LX02 BALTA\/BALTA BLIZGIO KOMODOS KOMPLEKTAS Produkt\u0173 pakuo\u010di\u0173 skai\u010dius 4 Stilius GLAMOUR \u012eranga Surinkimo instrukcijos \/ surinkimo priedai Surinkimui Savaranki\u0161kam surinkimui Korpuso spalva Balta \/ Blizgi Balta Korpuso apdailos med\u017eiaga \/ tipas \/ storis 16 mm baldin\u0117 plok\u0161t\u0117 \/ Dekoratyvinis veidrodis Vir\u0161utin\u0117 korpuso apdaila \/ med\u017eiaga \/ tipas \/ storis 18 mm MDF baldin\u0117 plok\u0161t\u0117 Apatin\u0117 korpuso apdaila \/ med\u017eiaga \/ tipas \/ storis 16 mm baldin\u0117 plok\u0161t\u0117 Lentynos spalva Balta Lentynos apdailos med\u017eiaga \/ tipas \/ storis 16 mm baldin\u0117 plok\u0161t\u0117 Lentyn\u0173 kiekis 1 Galin\u0117s sienel\u0117s apdailos med\u017eiaga \/ tipas \/ storis 2,5 mm HDF baldin\u0117 plok\u0161t\u0117 Matoma galin\u0117s sienel\u0117s dalis Balta Priekin\u0117 spalva Balta Blizgi Balta Priekin\u0117s apdailos med\u017eiaga \/ tipas \/ storis 18 mm MDF baldin\u0117 plok\u0161t\u0117 Priekinis vyris \u2300 35 mm, reguliuojamas trijose plok\u0161tumose Priekin\u0117 rankena \/ apdaila \/ spalva Kri\u0161tolin\u0117 \u0160velniai u\u017esidaranti dur\u0173 sistema Standarti\u0161kai Pilnai i\u0161traukiamas stal\u010dius Kreipiamosios Kojel\u0117 \/ apdaila \/ spalva Nereguliuojama \/ metalin\u0117 \/ chromuota Kojel\u0117s auk\u0161tis 170 mm Dureli\u0173 skai\u010dius 1 Stal\u010di\u0173 skai\u010dius 3 U\u017edar\u0173 ni\u0161\u0173 skai\u010dius 2<\/p>","protected":false},"excerpt":{"rendered":"<p>Stilinga ir moderni balta komoda, pasi\u017eyminti eleganti\u0161ka, minimalistine i\u0161vaizda. Lyg\u016bs, blizg\u016bs fasadai ir stalvir\u0161is, pagaminti i\u0161 blizgios MDF plok\u0161t\u0117s, suteikia interjerui lengvumo ir modernumo. Kair\u0117je pus\u0117je yra trys erdv\u016bs stal\u010diai, puikiai tinkantys drabu\u017eiams, aksesuarams ar dokumentams laikyti. De\u0161in\u0117je pus\u0117je yra funkcionali spintel\u0117 su durel\u0117mis [\u2026]<\/p>","protected":false},"featured_media":255210,"comment_status":"open","ping_status":"open","template":"","meta":[],"product_brand":[],"product_cat":[1173,2457],"product_tag":[],"class_list":{"0":"post-255209","1":"product","2":"type-product","3":"status-publish","4":"has-post-thumbnail","6":"product_cat-chests-of-drawers","7":"product_cat-liveo","9":"first","10":"instock","11":"purchasable","12":"product-type-simple"},"_links":{"self":[{"href":"https:\/\/baldumarket.lt\/lt\/wp-json\/wp\/v2\/product\/255209","targetHints":{"allow":["GET"]}}],"collection":[{"href":"https:\/\/baldumarket.lt\/lt\/wp-json\/wp\/v2\/product"}],"about":[{"href":"https:\/\/baldumarket.lt\/lt\/wp-json\/wp\/v2\/types\/product"}],"replies":[{"embeddable":true,"href":"https:\/\/baldumarket.lt\/lt\/wp-json\/wp\/v2\/comments?post=255209"}],"wp:featuredmedia":[{"embeddable":true,"href":"https:\/\/baldumarket.lt\/lt\/wp-json\/wp\/v2\/media\/255210"}],"wp:attachment":[{"href":"https:\/\/baldumarket.lt\/lt\/wp-json\/wp\/v2\/media?parent=255209"}],"wp:term":[{"taxonomy":"product_brand","embeddable":true,"href":"https:\/\/baldumarket.lt\/lt\/wp-json\/wp\/v2\/product_brand?post=255209"},{"taxonomy":"product_cat","embeddable":true,"href":"https:\/\/baldumarket.lt\/lt\/wp-json\/wp\/v2\/product_cat?post=255209"},{"taxonomy":"product_tag","embeddable":true,"href":"https:\/\/baldumarket.lt\/lt\/wp-json\/wp\/v2\/product_tag?post=255209"}],"curies":[{"name":"wp","href":"https:\/\/api.w.org\/{rel}","templated":true}]}}