{"id":255171,"date":"2026-01-10T22:33:18","date_gmt":"2026-01-10T19:33:18","guid":{"rendered":"https:\/\/baldumarket.lt\/product\/loze-magic-140-bez-pojemnika-na-posciel-i-stelaza-metalowego\/"},"modified":"2026-02-11T18:30:55","modified_gmt":"2026-02-11T15:30:55","slug":"loze-magic-140-bez-pojemnika-na-posciel-i-stelaza-metalowego","status":"publish","type":"product","link":"https:\/\/baldumarket.lt\/lt\/product\/loze-magic-140-bez-pojemnika-na-posciel-i-stelaza-metalowego\/","title":{"rendered":"\u201eMagic 140\u201c lova be patalyn\u0117s d\u0117\u017e\u0117s ir metalinio r\u0117mo"},"content":{"rendered":"<p>Mink\u0161ta lova MAGIC pasi\u017eymi minimalizmu ir paprastumu. Klasikinis dizainas ir du galv\u016bgalio auk\u0161\u010diai puikiai papildys bet kur\u012f miegam\u0105j\u012f ar vaik\u0173 kambar\u012f. Svarbiausias lovos bruo\u017eas \u2013 galimyb\u0117 \u012frengti funkcional\u0173 patalyn\u0117s skyri\u0173, kuriame galite laikyti tekstil\u0119 ar kitus naudingus daiktus. Spalvos ir audinio pasirinkimas u\u017etikrins, kad baldas skland\u017eiai \u012fsilies \u012f j\u016bs\u0173 miegamojo interjer\u0105.<\/p>\n<p>Plotis 157 cm Gylis 217 cm Auk\u0161tis 110 (94) cm Miegamoji erdv\u0117 140 \u00d7 200 cm Spalva Pilka Audinio pavadinimas Cruse 533 Produkto pakuo\u010di\u0173 skai\u010dius 4 Stilius Modernus \u012eranga Surinkimo instrukcijos \/ surinkimo priedai Surinkimas Savaranki\u0161kam surinkimui Kojel\u0117 \/ apdaila \/ spalva Plastikas \/ chromas Kojel\u0117s auk\u0161tis 5 cm Papildomas r\u0117mas Metalinis \/ medinis r\u0117mas Lenteli\u0173 skai\u010dius 48\/40 Papildomas \u010diu\u017einys Patalyn\u0117 be konteinerio<\/p>","protected":false},"excerpt":{"rendered":"<p>Mink\u0161ta lova MAGIC pasi\u017eymi minimalizmu ir paprastumu. Klasikinis dizainas ir du galv\u016bgalio auk\u0161\u010diai puikiai papildys bet kur\u012f miegam\u0105j\u012f ar vaik\u0173 kambar\u012f. Svarbiausias lovos bruo\u017eas \u2013 galimyb\u0117 \u012frengti funkcional\u0173 patalyn\u0117s skyri\u0173, kuriame galite laikyti tekstil\u0119 ar kitus naudingus daiktus. Spalvos ir [\u2026] pasirinkimas<\/p>","protected":false},"featured_media":255172,"comment_status":"open","ping_status":"open","template":"","meta":[],"product_brand":[],"product_cat":[505,2457],"product_tag":[],"class_list":{"0":"post-255171","1":"product","2":"type-product","3":"status-publish","4":"has-post-thumbnail","6":"product_cat-bedroom-beds","7":"product_cat-liveo","9":"first","10":"instock","11":"purchasable","12":"product-type-simple"},"_links":{"self":[{"href":"https:\/\/baldumarket.lt\/lt\/wp-json\/wp\/v2\/product\/255171","targetHints":{"allow":["GET"]}}],"collection":[{"href":"https:\/\/baldumarket.lt\/lt\/wp-json\/wp\/v2\/product"}],"about":[{"href":"https:\/\/baldumarket.lt\/lt\/wp-json\/wp\/v2\/types\/product"}],"replies":[{"embeddable":true,"href":"https:\/\/baldumarket.lt\/lt\/wp-json\/wp\/v2\/comments?post=255171"}],"wp:featuredmedia":[{"embeddable":true,"href":"https:\/\/baldumarket.lt\/lt\/wp-json\/wp\/v2\/media\/255172"}],"wp:attachment":[{"href":"https:\/\/baldumarket.lt\/lt\/wp-json\/wp\/v2\/media?parent=255171"}],"wp:term":[{"taxonomy":"product_brand","embeddable":true,"href":"https:\/\/baldumarket.lt\/lt\/wp-json\/wp\/v2\/product_brand?post=255171"},{"taxonomy":"product_cat","embeddable":true,"href":"https:\/\/baldumarket.lt\/lt\/wp-json\/wp\/v2\/product_cat?post=255171"},{"taxonomy":"product_tag","embeddable":true,"href":"https:\/\/baldumarket.lt\/lt\/wp-json\/wp\/v2\/product_tag?post=255171"}],"curies":[{"name":"wp","href":"https:\/\/api.w.org\/{rel}","templated":true}]}}