{"id":25517,"date":"2025-11-14T16:48:47","date_gmt":"2025-11-14T13:48:47","guid":{"rendered":"https:\/\/baldumarket.lt\/product\/lanzzi-120-szafa-czarny-mat-dab-artisan\/"},"modified":"2026-04-07T01:31:40","modified_gmt":"2026-04-06T22:31:40","slug":"lanzzi-120-szafa-czarny-mat-dab-artisan","status":"publish","type":"product","link":"https:\/\/baldumarket.lt\/lt\/product\/lanzzi-120-szafa-czarny-mat-dab-artisan\/","title":{"rendered":"Lanzzi 120 spinta, matin\u0117 juoda\/artisan \u0105\u017euolas"},"content":{"rendered":"<p>\u201cLanzzi\u201d spinta puikiai tinka bet kuriai persirengimo kambariui, prie\u0161kambariui, svetainei ar miegamajam. Pakabinimo karnizas, lentynos ir stal\u010diai leid\u017eia j\u0105 naudoti \u012fvairiose nam\u0173 erdv\u0117se. \u201eLanzzi\u201c spinta yra dviej\u0173 spalv\u0173: dirbtinio \u0105\u017euolo laminato ir matin\u0117s juodos arba matin\u0117s juodos. \u0160ie variantai taip pat skiriasi kai kuri\u0173 element\u0173 atidarymo b\u016bdu. Juoda spinta papildomai dekoruota auksin\u0117mis ranken\u0117l\u0117mis ant stal\u010di\u0173 ir didel\u0117mis durel\u0117mis. Vir\u0161utin\u0117s lentynos atsidaro spustel\u0117jus. \u201eLanzzi\u201c spinta pagaminta i\u0161 metalinio r\u0117mo ir MDF plok\u0161t\u0117s, o jos matmenys: 120 x 60 x 200 cm, tod\u0117l ji tilps \u012fvairiuose kambariuose. Galima rinktis i\u0161 dviej\u0173 spalv\u0173: plienin\u0117s, juodos, milteliniu b\u016bdu da\u017eytos kojel\u0117s; spintoje yra rankenos ir b\u0117gelis; auk\u0161tis: 200 cm; gylis: 60 cm; plotis: 120 cm; svoris: 115 kg; r\u0117mo spalva: juoda; med\u017eiag\u0173 konfig\u016bracija: matin\u0117 juoda + meni\u0161kas \u0105\u017euolas \/ matin\u0117 juoda + matin\u0117 juoda; med\u017eiaga: MDF; kojos: metalin\u0117s; kojos auk\u0161tis: 20 cm; dureli\u0173 skai\u010dius: 2; lentyn\u0173 skai\u010dius: 4; stal\u010di\u0173 skai\u010dius: 2; atvir\u0173 lentyn\u0173 skai\u010dius: 1; pakabos skersinis: 1.<\/p>","protected":false},"excerpt":{"rendered":"<p>\u201eLanzzi\u201c spinta puikiai tiks bet kurioje persirengimo patalpoje, prie\u0161kambaryje, svetain\u0117je ar miegamajame. Pakabinimo karnizas, lentynos ir stal\u010diai leid\u017eia j\u0105 naudoti \u012fvairiose nam\u0173 erdv\u0117se. \u201eLanzzi\u201c spinta si\u016bloma dviej\u0173 spalv\u0173: dirbtinio \u0105\u017euolo laminato ir matin\u0117s juodos arba matin\u0117s juodos spalvos. \u0160ios spalvos taip pat [\u2026]<\/p>","protected":false},"featured_media":25518,"comment_status":"open","ping_status":"open","template":"","meta":[],"product_brand":[],"product_cat":[1173,2012,9164],"product_tag":[],"class_list":{"0":"post-25517","1":"product","2":"type-product","3":"status-publish","4":"has-post-thumbnail","6":"product_cat-chests-of-drawers","7":"product_cat-eltap","8":"product_cat-komody-eltap","9":"pa_frame-material-undefined","10":"pa_frame-material-type-undefined","11":"pa_leg-color-undefined","12":"pa_leg-material-undefined","13":"pa_linen-box-undefined","14":"pa_main-color-black","15":"pa_price-group-basic","16":"pa_seat-depth-undefined","17":"pa_seat-width-undefined","18":"pa_sleep-function-undefined","19":"pa_sleeping-area-length-undefined","20":"pa_sleeping-area-width-undefined","21":"pa_style-undefined","22":"pa_textile-czarny-mat-dab-artisan","23":"pa_upholstery-material-undefined","25":"first","26":"instock","27":"purchasable","28":"product-type-simple"},"_links":{"self":[{"href":"https:\/\/baldumarket.lt\/lt\/wp-json\/wp\/v2\/product\/25517","targetHints":{"allow":["GET"]}}],"collection":[{"href":"https:\/\/baldumarket.lt\/lt\/wp-json\/wp\/v2\/product"}],"about":[{"href":"https:\/\/baldumarket.lt\/lt\/wp-json\/wp\/v2\/types\/product"}],"replies":[{"embeddable":true,"href":"https:\/\/baldumarket.lt\/lt\/wp-json\/wp\/v2\/comments?post=25517"}],"wp:featuredmedia":[{"embeddable":true,"href":"https:\/\/baldumarket.lt\/lt\/wp-json\/wp\/v2\/media\/25518"}],"wp:attachment":[{"href":"https:\/\/baldumarket.lt\/lt\/wp-json\/wp\/v2\/media?parent=25517"}],"wp:term":[{"taxonomy":"product_brand","embeddable":true,"href":"https:\/\/baldumarket.lt\/lt\/wp-json\/wp\/v2\/product_brand?post=25517"},{"taxonomy":"product_cat","embeddable":true,"href":"https:\/\/baldumarket.lt\/lt\/wp-json\/wp\/v2\/product_cat?post=25517"},{"taxonomy":"product_tag","embeddable":true,"href":"https:\/\/baldumarket.lt\/lt\/wp-json\/wp\/v2\/product_tag?post=25517"}],"curies":[{"name":"wp","href":"https:\/\/api.w.org\/{rel}","templated":true}]}}