{"id":255148,"date":"2026-01-10T22:33:09","date_gmt":"2026-01-10T19:33:09","guid":{"rendered":"https:\/\/baldumarket.lt\/product\/loze-kaja-180-z-pojemnikiem-na-posciel-i-stelazem-metalowym\/"},"modified":"2026-02-11T18:30:55","modified_gmt":"2026-02-11T15:30:55","slug":"loze-kaja-180-z-pojemnikiem-na-posciel-i-stelazem-metalowym","status":"publish","type":"product","link":"https:\/\/baldumarket.lt\/lt\/product\/loze-kaja-180-z-pojemnikiem-na-posciel-i-stelazem-metalowym\/","title":{"rendered":"Kaja 180 lova su patalyn\u0117s d\u0117\u017ee ir metaliniu r\u0117mu"},"content":{"rendered":"<p>Svajojate apie eleganti\u0161k\u0105 miegam\u0105j\u012f? Tuomet turime jums kai k\u0105 ypatingo! Mink\u0161ta lova KAJA. \u0160is baldas tikrai i\u0161siskirs savo galv\u016bgaliu, papuo\u0161tu subtiliu dygsniavimu, tod\u0117l d\u017eiugins jus ne tik stilinga i\u0161vaizda, bet ir naudojimo patogumu. Kambarys su \u201eKaja\u201c lova suteiks elegancijos ir \u0161ilumos poj\u016bt\u012f, kur\u012f taip vertiname miegamajame. Galimyb\u0117 pasirinkti apmu\u0161al\u0173 spalv\u0105 ir tip\u0105 leid\u017eia priderinti lov\u0105 prie beveik bet kokio interjero.<\/p>\n<p>Plotis 192 cm Gylis 215 cm Auk\u0161tis 118 cm Miegamoji erdv\u0117 180\u00d7200 cm Spalva Ro\u017ein\u0117 Audinio pavadinimas geriausias 40 Produkto pakuo\u010di\u0173 skai\u010dius 7 Stilius Modernus \u012eranga Surinkimo instrukcijos \/ surinkimo priedai Surinkimas Savaranki\u0161kam surinkimui Kojel\u0117 \/ apdaila \/ spalva Plastikas \/ chromas Kojel\u0117s auk\u0161tis 2,5 cm Standartinis r\u0117mas Metalinis r\u0117mas R\u0117mo lenteli\u0173 skai\u010dius 48 Papildomas \u010diu\u017einys Patalyn\u0117 Taip<\/p>","protected":false},"excerpt":{"rendered":"<p>Svajojate apie eleganti\u0161k\u0105 miegam\u0105j\u012f? Tuomet turime jums kai k\u0105 ypatingo! Mink\u0161ta lova KAJA. \u0160is baldas tikrai i\u0161siskirs savo galv\u016bgaliu, papuo\u0161tu subtiliu p\u016bkuotuku, tod\u0117l d\u017eiugins ne tik stilinga i\u0161vaizda, bet ir naudojimo patogumu. Kambarys [\u2026]<\/p>","protected":false},"featured_media":255149,"comment_status":"open","ping_status":"open","template":"","meta":[],"product_brand":[],"product_cat":[505,2457],"product_tag":[],"class_list":{"0":"post-255148","1":"product","2":"type-product","3":"status-publish","4":"has-post-thumbnail","6":"product_cat-bedroom-beds","7":"product_cat-liveo","9":"first","10":"instock","11":"purchasable","12":"product-type-simple"},"_links":{"self":[{"href":"https:\/\/baldumarket.lt\/lt\/wp-json\/wp\/v2\/product\/255148","targetHints":{"allow":["GET"]}}],"collection":[{"href":"https:\/\/baldumarket.lt\/lt\/wp-json\/wp\/v2\/product"}],"about":[{"href":"https:\/\/baldumarket.lt\/lt\/wp-json\/wp\/v2\/types\/product"}],"replies":[{"embeddable":true,"href":"https:\/\/baldumarket.lt\/lt\/wp-json\/wp\/v2\/comments?post=255148"}],"wp:featuredmedia":[{"embeddable":true,"href":"https:\/\/baldumarket.lt\/lt\/wp-json\/wp\/v2\/media\/255149"}],"wp:attachment":[{"href":"https:\/\/baldumarket.lt\/lt\/wp-json\/wp\/v2\/media?parent=255148"}],"wp:term":[{"taxonomy":"product_brand","embeddable":true,"href":"https:\/\/baldumarket.lt\/lt\/wp-json\/wp\/v2\/product_brand?post=255148"},{"taxonomy":"product_cat","embeddable":true,"href":"https:\/\/baldumarket.lt\/lt\/wp-json\/wp\/v2\/product_cat?post=255148"},{"taxonomy":"product_tag","embeddable":true,"href":"https:\/\/baldumarket.lt\/lt\/wp-json\/wp\/v2\/product_tag?post=255148"}],"curies":[{"name":"wp","href":"https:\/\/api.w.org\/{rel}","templated":true}]}}