{"id":25513,"date":"2025-11-14T16:48:39","date_gmt":"2025-11-14T13:48:39","guid":{"rendered":"https:\/\/baldumarket.lt\/product\/lanzzi-60-stolik-dab-artisan-czarny-mat\/"},"modified":"2026-03-24T18:20:21","modified_gmt":"2026-03-24T15:20:21","slug":"lanzzi-60-stolik-dab-artisan-czarny-mat","status":"publish","type":"product","link":"https:\/\/baldumarket.lt\/lt\/product\/lanzzi-60-stolik-dab-artisan-czarny-mat\/","title":{"rendered":"Lanzzi 60 staliukas, Artisan \u0105\u017euolas\/matin\u0117 juoda"},"content":{"rendered":"<p>\u201eLanzzi\u201c kavos staliukas puikiai dera su j\u016bs\u0173 m\u0117gstamiausiu foteliu, sofa ar kampine sofa. \u0160viesus, nat\u016bralus \u0105\u017euolo ir matin\u0117s juodos arba tiesiog matin\u0117s juodos spalvos derinys puikiai dera su juodomis stalo kojel\u0117mis. Metalinis r\u0117mas yra eleganti\u0161kos ir stilingos apdailos. Kvadratin\u0117 vir\u0161utin\u0117 ir apatin\u0117 \u201eLanzzi\u201c kavos staliuko dalys pagamintos i\u0161 laminuoto MDF, tod\u0117l ant j\u0173 lengvai valomas pavir\u0161ius u\u017ekand\u017eiams ir g\u0117rimams. Apatin\u0117 lentyna puikiai tinka \u017eurnalams, nuotolinio valdymo pultams ar kry\u017eia\u017eod\u017eiams pasl\u0117pti. \u201eLanzzi\u201c kavos staliukas sveria tik 11,5 kg, tod\u0117l j\u012f lengva perkelti ir perstatyti. Lengvai suprantamos instrukcijos leid\u017eia greitai ir lengvai surinkti m\u016bs\u0173 stal\u0105, kad gal\u0117tum\u0117te juo kuo grei\u010diau naudotis ir m\u0117gautis. 40 cm ilgio metalin\u0117s kojel\u0117s. Milteliniu b\u016bdu da\u017eytos kojel\u0117s. Du bald\u0173 lygiai. Auk\u0161tis: 40 cm. Gylis: 60 cm. Plotis: 60 cm. Svoris: 11,5 kg. Med\u017eiag\u0173 konfig\u016bracija: matin\u0117 juoda + dirbtinis \u0105\u017euolas \/ matin\u0117 juoda + matin\u0117 juoda. R\u0117mo spalva: juoda. Med\u017eiaga: MDF. Koj\u0173 konstrukcija: metalin\u0117.<\/p>","protected":false},"excerpt":{"rendered":"<p>\u201eLanzzi\u201c kavos staliukas puikiai dera su j\u016bs\u0173 m\u0117gstamiausiu foteliu, sofa ar kampine sofa. \u0160viesus, nat\u016bralus \u0105\u017euolo ir matin\u0117s juodos arba tiesiog matin\u0117s juodos spalvos derinys puikiai dera su juodomis stalo kojel\u0117mis. Metalinis r\u0117mas yra eleganti\u0161kos ir stilingos apdailos. Kvadratin\u0117s vir\u0161utin\u0117s ir apatin\u0117s \u201eLanzzi\u201c kavos staliuko dalys [\u2026]<\/p>","protected":false},"featured_media":25514,"comment_status":"open","ping_status":"open","template":"","meta":[],"product_brand":[],"product_cat":[866,2012,9176],"product_tag":[],"class_list":{"0":"post-25513","1":"product","2":"type-product","3":"status-publish","4":"has-post-thumbnail","6":"product_cat-coffee-tables","7":"product_cat-eltap","8":"product_cat-coffee-tables-eltap","9":"pa_frame-material-undefined","10":"pa_frame-material-type-undefined","11":"pa_leg-color-undefined","12":"pa_leg-material-undefined","13":"pa_linen-box-undefined","14":"pa_main-color-brown-wood","15":"pa_price-group-basic","16":"pa_seat-depth-undefined","17":"pa_seat-width-undefined","18":"pa_sleep-function-undefined","19":"pa_sleeping-area-length-undefined","20":"pa_sleeping-area-width-undefined","21":"pa_style-undefined","22":"pa_textile-czarny-mat-dab-artisan","23":"pa_upholstery-material-undefined","25":"first","26":"instock","27":"purchasable","28":"product-type-simple"},"_links":{"self":[{"href":"https:\/\/baldumarket.lt\/lt\/wp-json\/wp\/v2\/product\/25513","targetHints":{"allow":["GET"]}}],"collection":[{"href":"https:\/\/baldumarket.lt\/lt\/wp-json\/wp\/v2\/product"}],"about":[{"href":"https:\/\/baldumarket.lt\/lt\/wp-json\/wp\/v2\/types\/product"}],"replies":[{"embeddable":true,"href":"https:\/\/baldumarket.lt\/lt\/wp-json\/wp\/v2\/comments?post=25513"}],"wp:featuredmedia":[{"embeddable":true,"href":"https:\/\/baldumarket.lt\/lt\/wp-json\/wp\/v2\/media\/25514"}],"wp:attachment":[{"href":"https:\/\/baldumarket.lt\/lt\/wp-json\/wp\/v2\/media?parent=25513"}],"wp:term":[{"taxonomy":"product_brand","embeddable":true,"href":"https:\/\/baldumarket.lt\/lt\/wp-json\/wp\/v2\/product_brand?post=25513"},{"taxonomy":"product_cat","embeddable":true,"href":"https:\/\/baldumarket.lt\/lt\/wp-json\/wp\/v2\/product_cat?post=25513"},{"taxonomy":"product_tag","embeddable":true,"href":"https:\/\/baldumarket.lt\/lt\/wp-json\/wp\/v2\/product_tag?post=25513"}],"curies":[{"name":"wp","href":"https:\/\/api.w.org\/{rel}","templated":true}]}}