{"id":25507,"date":"2025-11-14T16:48:26","date_gmt":"2025-11-14T13:48:26","guid":{"rendered":"https:\/\/baldumarket.lt\/product\/lanzzi-40-stolik-czarny-mat-dab-artisan\/"},"modified":"2026-04-07T01:31:40","modified_gmt":"2026-04-06T22:31:40","slug":"lanzzi-40-stolik-czarny-mat-dab-artisan","status":"publish","type":"product","link":"https:\/\/baldumarket.lt\/lt\/product\/lanzzi-40-stolik-czarny-mat-dab-artisan\/","title":{"rendered":"Lanzzi 40 stalas, matin\u0117 juoda\/artisan \u0105\u017euolas"},"content":{"rendered":"<p>\u201eLanzzi\u201c naktinis staliukas puikiai tinka tiek \u017eemoms, tiek auk\u0161toms lovoms d\u0117l savo \u0161ilto, sant\u016braus dizaino ir daug vietos daiktams susid\u0117ti. Pagamintas i\u0161 MDF plok\u0161t\u0117s, turi 20 centimetr\u0173 ilgio juodas metalines kojeles ir daiktad\u0117\u017ees: stal\u010di\u0173 ir ni\u0161\u0105. Stal\u010dius tvirtinamas ant lengvai judan\u010di\u0173 b\u0117geli\u0173 ir turi \u0161velnaus u\u017edarymo funkcij\u0105. \u201eLanzzi\u201c naktinis staliukas yra dviej\u0173 spalv\u0173: dirbtinio \u0105\u017euolo ir matin\u0117s juodos spalvos derinio arba tiesiog matin\u0117s juodos spalvos, bet puo\u0161tos auksine stal\u010diaus rankena. Pirmajame variante naudojami stumiant atidaromi vyriai, tod\u0117l norint atidaryti stal\u010di\u0173, tereikia lengvai paspausti priek\u012f. Taip i\u0161laikomas minimalistinis kiekvieno stalo modelio stilius. \u201eLanzzi\u201c naktinis staliukas yra ma\u017eas, bet labai prakti\u0161kas baldas. \u012erengtas prakti\u0161ku stal\u010diumi. Galima rinktis i\u0161 dviej\u0173 spalv\u0173: auksini\u0173 ranken\u0117li\u0173 arba atidarymo be ranken\u0117li\u0173 sistemos. Auk\u0161tis: 50 cm. Gylis: 40 cm. Plotis: 40 cm. Svoris: 13 kg. Med\u017eiagos konfig\u016bracija: matin\u0117 juoda + dirbtinis \u0105\u017euolas \/ matin\u0117 juoda + matin\u0117 juoda. R\u0117mo spalva: juoda. Med\u017eiaga: MDF plok\u0161t\u0117. Kojel\u0117s: metalin\u0117s. Stal\u010di\u0173 skai\u010dius: 1.<\/p>","protected":false},"excerpt":{"rendered":"<p>\u201eLanzzi\u201c naktinis staliukas puikiai tinka tiek \u017eemoms, tiek auk\u0161toms lovoms d\u0117l savo \u0161ilto, sant\u016braus dizaino ir daug vietos daiktams susid\u0117ti. Pagamintas i\u0161 MDF plok\u0161t\u0117s, jis turi 20 centimetr\u0173 juodo metalo kojeles ir daiktad\u0117\u017ees: stal\u010di\u0173 ir ni\u0161\u0105. Stal\u010dius tvirtinamas ant lengvai judan\u010di\u0173 b\u0117geli\u0173 ir turi \u0161velnaus u\u017edarymo funkcij\u0105. \u201eLanzzi\u201c [\u2026]<\/p>","protected":false},"featured_media":25508,"comment_status":"open","ping_status":"open","template":"","meta":[],"product_brand":[],"product_cat":[1176,2012],"product_tag":[],"class_list":{"0":"post-25507","1":"product","2":"type-product","3":"status-publish","4":"has-post-thumbnail","6":"product_cat-bedside-tables","7":"product_cat-eltap","8":"pa_frame-material-undefined","9":"pa_frame-material-type-undefined","10":"pa_leg-color-undefined","11":"pa_leg-material-undefined","12":"pa_linen-box-undefined","13":"pa_main-color-black","14":"pa_price-group-basic","15":"pa_seat-depth-undefined","16":"pa_seat-width-undefined","17":"pa_sleep-function-undefined","18":"pa_sleeping-area-length-undefined","19":"pa_sleeping-area-width-undefined","20":"pa_style-undefined","21":"pa_textile-czarny-mat-dab-artisan","22":"pa_upholstery-material-undefined","24":"first","25":"instock","26":"purchasable","27":"product-type-simple"},"_links":{"self":[{"href":"https:\/\/baldumarket.lt\/lt\/wp-json\/wp\/v2\/product\/25507","targetHints":{"allow":["GET"]}}],"collection":[{"href":"https:\/\/baldumarket.lt\/lt\/wp-json\/wp\/v2\/product"}],"about":[{"href":"https:\/\/baldumarket.lt\/lt\/wp-json\/wp\/v2\/types\/product"}],"replies":[{"embeddable":true,"href":"https:\/\/baldumarket.lt\/lt\/wp-json\/wp\/v2\/comments?post=25507"}],"wp:featuredmedia":[{"embeddable":true,"href":"https:\/\/baldumarket.lt\/lt\/wp-json\/wp\/v2\/media\/25508"}],"wp:attachment":[{"href":"https:\/\/baldumarket.lt\/lt\/wp-json\/wp\/v2\/media?parent=25507"}],"wp:term":[{"taxonomy":"product_brand","embeddable":true,"href":"https:\/\/baldumarket.lt\/lt\/wp-json\/wp\/v2\/product_brand?post=25507"},{"taxonomy":"product_cat","embeddable":true,"href":"https:\/\/baldumarket.lt\/lt\/wp-json\/wp\/v2\/product_cat?post=25507"},{"taxonomy":"product_tag","embeddable":true,"href":"https:\/\/baldumarket.lt\/lt\/wp-json\/wp\/v2\/product_tag?post=25507"}],"curies":[{"name":"wp","href":"https:\/\/api.w.org\/{rel}","templated":true}]}}