{"id":255068,"date":"2026-01-10T22:32:35","date_gmt":"2026-01-10T19:32:35","guid":{"rendered":"https:\/\/baldumarket.lt\/product\/loze-glamour-140-z-pojemnikiem-na-posciel-i-stelazem-metalowym\/"},"modified":"2026-02-11T18:30:56","modified_gmt":"2026-02-11T15:30:56","slug":"loze-glamour-140-z-pojemnikiem-na-posciel-i-stelazem-metalowym","status":"publish","type":"product","link":"https:\/\/baldumarket.lt\/lt\/product\/loze-glamour-140-z-pojemnikiem-na-posciel-i-stelazem-metalowym\/","title":{"rendered":"Glamour 140 lova su patalyn\u0117s d\u0117\u017ee ir metaliniu r\u0117mu"},"content":{"rendered":"<p>GLAMOUR lova \u2013 tai miegamojo baldas, pasi\u017eymintis eleganti\u0161ka i\u0161vaizda. Skoningas dygsniavimas, puo\u0161iantis galv\u016bgal\u012f, ir subtilios chromuotos kojel\u0117s suteikia visam baldui unikal\u0173 charakter\u012f. \u0160i lova tinka tiek klasikiniam, tiek moderniam interjerui. Dyd\u012f, spalv\u0105 ir audinio r\u016b\u0161\u012f galima pasirinkti individualiai, pritaikant baldo i\u0161vaizd\u0105 prie j\u016bs\u0173 skonio ir miegamojo charakterio.<\/p>\n<p>Plotis 167 cm Gylis 235 cm Auk\u0161tis 112 cm Miegamoji erdv\u0117 140 \u00d7 200 cm Spalva \u017dalia Audinio pavadinimo elementas 20 Produkto pakuo\u010di\u0173 skai\u010dius 7 Stilius Modernus \u012eranga Surinkimo instrukcijos \/ surinkimo priedai Surinkimas Savaranki\u0161kam surinkimui Kojel\u0117 \/ apdaila \/ spalva Plastikas \/ chromas Kojel\u0117s auk\u0161tis 5 cm Standartinis r\u0117mas Metalinis r\u0117mas R\u0117mo lenteli\u0173 skai\u010dius 48 Papildomas \u010diu\u017einys Patalyn\u0117 Taip<\/p>","protected":false},"excerpt":{"rendered":"<p>GLAMOUR lova \u2013 tai miegamojo baldas, pasi\u017eymintis eleganti\u0161ka i\u0161vaizda. Skoningas dygsniavimas, puo\u0161iantis lovos galv\u016bgal\u012f, ir subtilios chromuotos kojel\u0117s suteikia visam baldui unikal\u0173 charakter\u012f. \u0160i lova tinka tiek klasikiniam, tiek moderniam interjerui. Dyd\u012f, spalv\u0105 ir audinio r\u016b\u0161\u012f galima pasirinkti individualiai, pritaikant baldo i\u0161vaizd\u0105 pagal j\u016bs\u0173 skon\u012f [\u2026]<\/p>","protected":false},"featured_media":255069,"comment_status":"open","ping_status":"open","template":"","meta":[],"product_brand":[],"product_cat":[505,2457],"product_tag":[],"class_list":{"0":"post-255068","1":"product","2":"type-product","3":"status-publish","4":"has-post-thumbnail","6":"product_cat-bedroom-beds","7":"product_cat-liveo","9":"first","10":"instock","11":"purchasable","12":"product-type-simple"},"_links":{"self":[{"href":"https:\/\/baldumarket.lt\/lt\/wp-json\/wp\/v2\/product\/255068","targetHints":{"allow":["GET"]}}],"collection":[{"href":"https:\/\/baldumarket.lt\/lt\/wp-json\/wp\/v2\/product"}],"about":[{"href":"https:\/\/baldumarket.lt\/lt\/wp-json\/wp\/v2\/types\/product"}],"replies":[{"embeddable":true,"href":"https:\/\/baldumarket.lt\/lt\/wp-json\/wp\/v2\/comments?post=255068"}],"wp:featuredmedia":[{"embeddable":true,"href":"https:\/\/baldumarket.lt\/lt\/wp-json\/wp\/v2\/media\/255069"}],"wp:attachment":[{"href":"https:\/\/baldumarket.lt\/lt\/wp-json\/wp\/v2\/media?parent=255068"}],"wp:term":[{"taxonomy":"product_brand","embeddable":true,"href":"https:\/\/baldumarket.lt\/lt\/wp-json\/wp\/v2\/product_brand?post=255068"},{"taxonomy":"product_cat","embeddable":true,"href":"https:\/\/baldumarket.lt\/lt\/wp-json\/wp\/v2\/product_cat?post=255068"},{"taxonomy":"product_tag","embeddable":true,"href":"https:\/\/baldumarket.lt\/lt\/wp-json\/wp\/v2\/product_tag?post=255068"}],"curies":[{"name":"wp","href":"https:\/\/api.w.org\/{rel}","templated":true}]}}