{"id":255036,"date":"2026-01-10T22:32:22","date_gmt":"2026-01-10T19:32:22","guid":{"rendered":"https:\/\/baldumarket.lt\/product\/loze-bolero-160-z-pojemnikiem-na-posciel-i-stelazem-metalowym\/"},"modified":"2026-02-11T18:30:57","modified_gmt":"2026-02-11T15:30:57","slug":"loze-bolero-160-z-pojemnikiem-na-posciel-i-stelazem-metalowym","status":"publish","type":"product","link":"https:\/\/baldumarket.lt\/lt\/product\/loze-bolero-160-z-pojemnikiem-na-posciel-i-stelazem-metalowym\/","title":{"rendered":"\u201eBolero 160\u201c lova su patalyn\u0117s d\u0117\u017ee ir metaliniu r\u0117mu"},"content":{"rendered":"<p>Mink\u0161ta BOLERO lova sukurs jauki\u0105 atmosfer\u0105 j\u016bs\u0173 miegamajame ir u\u017etikrins prabangaus vie\u0161bu\u010dio vert\u0105 komforti\u0161k\u0105 poils\u012f. D\u0117l dideli\u0173 matmen\u0173 ji puikiai tinka dideliems kambariams, u\u017epildydama erdv\u0119 eleganti\u0161ka, tvirta forma. BOLERO lova pasi\u017eymi tokiomis detal\u0117mis kaip du pasl\u0117pti skyriai galv\u016bgalyje papildomoms pagalv\u0117ms ar \u017eurnalams laikyti, medinis groteli\u0173 pagrindas, kur\u012f galima \u012fsigyti trij\u0173 spalv\u0173, ir LED ap\u0161vietimo parinktimi. Tinka 160 \u00d7 200 cm \u010diu\u017einiui, taip pat turi patalyn\u0117s laikymo skyri\u0173 ir metalin\u012f r\u0117m\u0105, kurie padidina jos funkcionalum\u0105. \u0160i\u0173 savybi\u0173 derinys su eleganti\u0161ku stiliumi daro j\u0105 puikiu pasirinkimu.<\/p>\n<p>Plotis 182 cm Gylis 237 cm Auk\u0161tis 115 cm Miegamoji erdv\u0117 160 \u00d7 200 cm Spalva Grafito Audinio pavadinimas Ado 1616 Produkt\u0173 pakuo\u010di\u0173 skai\u010dius 7 Stilius Modernus \u012eranga Surinkimo instrukcijos \/ surinkimo priedai Surinkimas Savaranki\u0161kam surinkimui Vidinio ap\u0161vietimo pavadinimas b2b sistemoje 2 X LED 3D Vidinio ap\u0161vietimo \u0161viesos spalva Neutrali balta Kojel\u0117 \/ dizainas \/ spalva Plastikas \/ juoda Kojel\u0117s auk\u0161tis 2,5 cm R\u0117mas Standartinis R\u0117mo konstrukcija Metalas R\u0117mo lenteli\u0173 skai\u010dius 48 \u010ciu\u017einys Papildomai Patalyn\u0117 taip<\/p>","protected":false},"excerpt":{"rendered":"<p>Mink\u0161ta BOLERO lova sukurs jauki\u0105 atmosfer\u0105 j\u016bs\u0173 miegamajame ir u\u017etikrins patog\u0173 poils\u012f, vert\u0105 prabangaus vie\u0161bu\u010dio. D\u0117l dideli\u0173 matmen\u0173 ji puikiai tinka dideliems kambariams, u\u017epildydama erdv\u0119 eleganti\u0161ka, tvirta forma. BOLERO lova gali pasigirti tokiomis detal\u0117mis kaip du pasl\u0117pti skyriai galv\u016bgalyje [\u2026]<\/p>","protected":false},"featured_media":255037,"comment_status":"open","ping_status":"open","template":"","meta":[],"product_brand":[],"product_cat":[505,2457],"product_tag":[],"class_list":{"0":"post-255036","1":"product","2":"type-product","3":"status-publish","4":"has-post-thumbnail","6":"product_cat-bedroom-beds","7":"product_cat-liveo","9":"first","10":"instock","11":"purchasable","12":"product-type-simple"},"_links":{"self":[{"href":"https:\/\/baldumarket.lt\/lt\/wp-json\/wp\/v2\/product\/255036","targetHints":{"allow":["GET"]}}],"collection":[{"href":"https:\/\/baldumarket.lt\/lt\/wp-json\/wp\/v2\/product"}],"about":[{"href":"https:\/\/baldumarket.lt\/lt\/wp-json\/wp\/v2\/types\/product"}],"replies":[{"embeddable":true,"href":"https:\/\/baldumarket.lt\/lt\/wp-json\/wp\/v2\/comments?post=255036"}],"wp:featuredmedia":[{"embeddable":true,"href":"https:\/\/baldumarket.lt\/lt\/wp-json\/wp\/v2\/media\/255037"}],"wp:attachment":[{"href":"https:\/\/baldumarket.lt\/lt\/wp-json\/wp\/v2\/media?parent=255036"}],"wp:term":[{"taxonomy":"product_brand","embeddable":true,"href":"https:\/\/baldumarket.lt\/lt\/wp-json\/wp\/v2\/product_brand?post=255036"},{"taxonomy":"product_cat","embeddable":true,"href":"https:\/\/baldumarket.lt\/lt\/wp-json\/wp\/v2\/product_cat?post=255036"},{"taxonomy":"product_tag","embeddable":true,"href":"https:\/\/baldumarket.lt\/lt\/wp-json\/wp\/v2\/product_tag?post=255036"}],"curies":[{"name":"wp","href":"https:\/\/api.w.org\/{rel}","templated":true}]}}