{"id":255012,"date":"2026-01-10T22:32:12","date_gmt":"2026-01-10T19:32:12","guid":{"rendered":"https:\/\/baldumarket.lt\/product\/loze-bolero-140-bez-pojemnika-na-posciel-i-stelaza-metalowego\/"},"modified":"2026-02-11T18:30:57","modified_gmt":"2026-02-11T15:30:57","slug":"loze-bolero-140-bez-pojemnika-na-posciel-i-stelaza-metalowego","status":"publish","type":"product","link":"https:\/\/baldumarket.lt\/lt\/product\/loze-bolero-140-bez-pojemnika-na-posciel-i-stelaza-metalowego\/","title":{"rendered":"\u201eBolero 140\u201c lova be patalyn\u0117s d\u0117\u017e\u0117s ir metalinio r\u0117mo"},"content":{"rendered":"<p>Mink\u0161ta BOLERO lova sukurs jauki\u0105 atmosfer\u0105 j\u016bs\u0173 miegamajame ir u\u017etikrins prabangaus vie\u0161bu\u010dio vert\u0105 komforti\u0161k\u0105 poils\u012f. D\u0117l dideli\u0173 matmen\u0173 ji puikiai tinka dideliems kambariams, u\u017epildydama erdv\u0119 eleganti\u0161ka, tvirta forma. BOLERO lova pasi\u017eymi tokiomis detal\u0117mis kaip du pasl\u0117pti skyriai galv\u016bgalyje papildomoms pagalv\u0117ms ar \u017eurnalams laikyti, medin\u0117 grotel\u0117s, kurias galima pasirinkti i\u0161 trij\u0173 spalv\u0173, ir LED ap\u0161vietimo parinktis. Lova tinka 140 \u00d7 200 cm \u010diu\u017einiui.<\/p>\n<p>Plotis 162 cm Gylis 237 cm Auk\u0161tis 115 cm Miegamoji erdv\u0117 140 \u00d7 200 cm Spalva Grafito Audinio pavadinimas Ado 1616 Produkto pakuo\u010di\u0173 skai\u010dius 4 Stilius Modernus \u012eranga Surinkimo instrukcijos \/ surinkimo priedai Surinkimas Savaranki\u0161kam surinkimui Vidinio ap\u0161vietimo pavadinimas b2b sistemoje 2 X LED 3D Vidinio ap\u0161vietimo \u0161viesos spalva Neutrali balta Kojel\u0117 \/ dizainas \/ spalva Plastikas \/ juoda Kojel\u0117s auk\u0161tis 2,5 cm R\u0117mas Pasirinktinai R\u0117mo konstrukcija Metalas \/ medinis R\u0117mo lenteli\u0173 skai\u010dius 48\/40 \u010ciu\u017einys Pasirinktinai Patalyn\u0117 n\u0117ra<\/p>","protected":false},"excerpt":{"rendered":"<p>Mink\u0161ta BOLERO lova sukurs jauki\u0105 atmosfer\u0105 j\u016bs\u0173 miegamajame ir u\u017etikrins patog\u0173 poils\u012f, vert\u0105 prabangaus vie\u0161bu\u010dio. D\u0117l dideli\u0173 matmen\u0173 ji puikiai tinka dideliems kambariams, u\u017epildydama erdv\u0119 eleganti\u0161ka, tvirta forma. BOLERO lovoje yra toki\u0173 detali\u0173 kaip du pasl\u0117pti skyriai galv\u016bgalyje [\u2026]<\/p>","protected":false},"featured_media":255013,"comment_status":"open","ping_status":"open","template":"","meta":[],"product_brand":[],"product_cat":[505,2457],"product_tag":[],"class_list":{"0":"post-255012","1":"product","2":"type-product","3":"status-publish","4":"has-post-thumbnail","6":"product_cat-bedroom-beds","7":"product_cat-liveo","9":"first","10":"instock","11":"purchasable","12":"product-type-simple"},"_links":{"self":[{"href":"https:\/\/baldumarket.lt\/lt\/wp-json\/wp\/v2\/product\/255012","targetHints":{"allow":["GET"]}}],"collection":[{"href":"https:\/\/baldumarket.lt\/lt\/wp-json\/wp\/v2\/product"}],"about":[{"href":"https:\/\/baldumarket.lt\/lt\/wp-json\/wp\/v2\/types\/product"}],"replies":[{"embeddable":true,"href":"https:\/\/baldumarket.lt\/lt\/wp-json\/wp\/v2\/comments?post=255012"}],"wp:featuredmedia":[{"embeddable":true,"href":"https:\/\/baldumarket.lt\/lt\/wp-json\/wp\/v2\/media\/255013"}],"wp:attachment":[{"href":"https:\/\/baldumarket.lt\/lt\/wp-json\/wp\/v2\/media?parent=255012"}],"wp:term":[{"taxonomy":"product_brand","embeddable":true,"href":"https:\/\/baldumarket.lt\/lt\/wp-json\/wp\/v2\/product_brand?post=255012"},{"taxonomy":"product_cat","embeddable":true,"href":"https:\/\/baldumarket.lt\/lt\/wp-json\/wp\/v2\/product_cat?post=255012"},{"taxonomy":"product_tag","embeddable":true,"href":"https:\/\/baldumarket.lt\/lt\/wp-json\/wp\/v2\/product_tag?post=255012"}],"curies":[{"name":"wp","href":"https:\/\/api.w.org\/{rel}","templated":true}]}}