{"id":25501,"date":"2025-11-14T16:48:14","date_gmt":"2025-11-14T13:48:14","guid":{"rendered":"https:\/\/baldumarket.lt\/product\/lanzzi-120-szafka-rtv-czarny-mat-dab-artisan\/"},"modified":"2026-03-24T18:20:21","modified_gmt":"2026-03-24T15:20:21","slug":"lanzzi-120-szafka-rtv-czarny-mat-dab-artisan","status":"publish","type":"product","link":"https:\/\/baldumarket.lt\/lt\/product\/lanzzi-120-szafka-rtv-czarny-mat-dab-artisan\/","title":{"rendered":"Lanzzi 120 TV staliukas, matin\u0117 juoda\/artisan \u0105\u017euolo spalvos"},"content":{"rendered":"<p>\u0160is \u201eLanzzi\u201c kolekcijos televizoriaus staliukas derina modern\u0173 vaizd\u0105 su prakti\u0161komis funkcijomis. Dvi spintel\u0117s leid\u017eia lengvai susid\u0117ti nuotolinio valdymo pultelius, \u017eaidim\u0173 valdiklius ir kitus televizoriaus priedus. \u201eLanzzi\u201c televizoriaus staliuko matin\u0117s juodos spalvos \u0105\u017euolo imitacijos apdaila atspindi nat\u016bralios medienos gro\u017e\u012f ir ra\u0161t\u0105. Galimyb\u0117 staliuk\u0105 padengti vien juodu laminatu yra puikus pasirinkimas minimalizmo m\u0117g\u0117jams. Juodos metalin\u0117s 20 centimetr\u0173 kojel\u0117s u\u017etikrina stabilum\u0105. Spintel\u0117s matmenys \u2013 120 x 40 x 50 cm \u2013 leid\u017eia tilpti televizoriui ir kitiems dekoratyviniams daiktams. \u201eLanzzi\u201c kolekcijos televizoriaus staliukas si\u016blo i\u0161 dalies atvir\u0105, i\u0161 dalies pasl\u0117pt\u0105 daikt\u0173 laikymo viet\u0105. Rekomenduojame, kad televizoriaus staliukas b\u016bt\u0173 \u0161iek tiek platesnis nei ant jo pastatomas televizorius. Galima rinktis i\u0161 dviej\u0173 spalv\u0173. Juodos, milteliniu b\u016bdu da\u017eytos plienin\u0117s kojel\u0117s. Galimyb\u0117 rinktis be ranken\u0117li\u0173. Auk\u0161tis: 50 cm. Gylis: 40 cm. Plotis: 120 cm. Svoris: 24 kg. Med\u017eiag\u0173 konfig\u016bracija: matin\u0117 juoda + meni\u0161kas \u0105\u017euolas \/ matin\u0117 juoda + matin\u0117 juoda. R\u0117mo spalva: juoda. Med\u017eiaga: MDF plok\u0161t\u0117. Kojel\u0117s: metalin\u0117s. Dureli\u0173 skai\u010dius: 2. Atvir\u0173 lentyn\u0173 skai\u010dius: 2. Kojeli\u0173 auk\u0161tis: 20 cm.<\/p>","protected":false},"excerpt":{"rendered":"<p>\u0160is \u201eLanzzi\u201c kolekcijos televizoriaus staliukas pasi\u017eymi modernia i\u0161vaizda ir prakti\u0161komis funkcijomis. Dvi spintel\u0117s leid\u017eia lengvai susid\u0117ti nuotolinio valdymo pultelius, \u017eaidim\u0173 valdiklius ir kitus televizoriaus priedus. \u201eLanzzi\u201c televizoriaus staliuko matin\u0117s juodos \u0105\u017euolo imitacijos apdaila perteikia nat\u016bralios medienos gro\u017e\u012f ir ra\u0161t\u0105. Galimyb\u0117 staliuk\u0105 padengti vien juodu laminatu [\u2026]<\/p>","protected":false},"featured_media":25502,"comment_status":"open","ping_status":"open","template":"","meta":[],"product_brand":[],"product_cat":[2012,9171,1175],"product_tag":[],"class_list":{"0":"post-25501","1":"product","2":"type-product","3":"status-publish","4":"has-post-thumbnail","6":"product_cat-eltap","7":"product_cat-szafki-rtv-eltap","8":"product_cat-tv-stands","9":"pa_frame-material-undefined","10":"pa_frame-material-type-undefined","11":"pa_leg-color-undefined","12":"pa_leg-material-undefined","13":"pa_linen-box-undefined","14":"pa_main-color-black","15":"pa_price-group-basic","16":"pa_seat-depth-undefined","17":"pa_seat-width-undefined","18":"pa_sleep-function-undefined","19":"pa_sleeping-area-length-undefined","20":"pa_sleeping-area-width-undefined","21":"pa_style-undefined","22":"pa_textile-czarny-mat-dab-artisan","23":"pa_upholstery-material-undefined","25":"first","26":"instock","27":"purchasable","28":"product-type-simple"},"_links":{"self":[{"href":"https:\/\/baldumarket.lt\/lt\/wp-json\/wp\/v2\/product\/25501","targetHints":{"allow":["GET"]}}],"collection":[{"href":"https:\/\/baldumarket.lt\/lt\/wp-json\/wp\/v2\/product"}],"about":[{"href":"https:\/\/baldumarket.lt\/lt\/wp-json\/wp\/v2\/types\/product"}],"replies":[{"embeddable":true,"href":"https:\/\/baldumarket.lt\/lt\/wp-json\/wp\/v2\/comments?post=25501"}],"wp:featuredmedia":[{"embeddable":true,"href":"https:\/\/baldumarket.lt\/lt\/wp-json\/wp\/v2\/media\/25502"}],"wp:attachment":[{"href":"https:\/\/baldumarket.lt\/lt\/wp-json\/wp\/v2\/media?parent=25501"}],"wp:term":[{"taxonomy":"product_brand","embeddable":true,"href":"https:\/\/baldumarket.lt\/lt\/wp-json\/wp\/v2\/product_brand?post=25501"},{"taxonomy":"product_cat","embeddable":true,"href":"https:\/\/baldumarket.lt\/lt\/wp-json\/wp\/v2\/product_cat?post=25501"},{"taxonomy":"product_tag","embeddable":true,"href":"https:\/\/baldumarket.lt\/lt\/wp-json\/wp\/v2\/product_tag?post=25501"}],"curies":[{"name":"wp","href":"https:\/\/api.w.org\/{rel}","templated":true}]}}