{"id":255008,"date":"2026-01-10T22:32:10","date_gmt":"2026-01-10T19:32:10","guid":{"rendered":"https:\/\/baldumarket.lt\/product\/loft-lt16-stol\/"},"modified":"2026-02-11T18:30:57","modified_gmt":"2026-02-11T15:30:57","slug":"loft-lt16-stol","status":"publish","type":"product","link":"https:\/\/baldumarket.lt\/lt\/product\/loft-lt16-stol\/","title":{"rendered":"LOFT LT16 stalas"},"content":{"rendered":"<p>LOFT LT16 stalas \u2013 tai paprastas, eleganti\u0161kas baldas, kuris puikiai tiks svetain\u0117s ar valgomojo kambario puo\u0161mena. Jis puikiai tinka tiek kasdieniam naudojimui, tiek \u0161eimos susib\u016brimams ir \u0161vent\u0117ms. Tvirtos metalin\u0117s kojel\u0117s u\u017ebaigia vaizd\u0105. Stalas idealiai tinka derinti su kitais LOFT serijos baldais arba b\u016bti atskiras baldas, prisitaikantis prie j\u016bs\u0173 kambario interjero. Jis puikiai atrodys tiek moderniame, tiek klasikiniame interjere.<\/p>\n<p>I\u0161traukiama NE Plotis 81 cm Ilgis 139 cm Auk\u0161tis 77 cm Produkto svoris su pakuote 48,65 kg Gamintojo kodas \/ simbolis LT16 Kolekcijos pavadinimas loft Pavadinimas b2b sistemoje LOFT LT-16 artisan oak TABLE komplektas Produkto pakuo\u010di\u0173 skai\u010dius 4 Stilius Loft \u012eranga Surinkimo instrukcijos \/ surinkimo priedai Surinkimas Savaranki\u0161kam surinkimui Spalva Artisan Oak \/ Black Stalvir\u0161io med\u017eiaga \/ tipas \/ storis 22 mm baldin\u0117 lenta Pertvaros med\u017eiaga \/ tipas \/ storis 16 mm baldin\u0117 lenta Kojel\u0117 \/ tipas \/ spalva Nereguliuojama \/ metalin\u0117 \/ juoda<\/p>","protected":false},"excerpt":{"rendered":"<p>LOFT LT16 stalas yra paprastas, eleganti\u0161kas baldas, kuris puikiai tiks svetain\u0117s ar valgomojo kambario puo\u0161mena. Jis puikiai tinka tiek kasdieniam naudojimui, tiek \u0161eimos susib\u016brimams ir \u0161vent\u0117ms. Tvirtos metalin\u0117s kojel\u0117s u\u017ebaigia vaizd\u0105. Stalas idealiai tinka derinti su kitais baldais i\u0161 [\u2026]<\/p>","protected":false},"featured_media":254988,"comment_status":"open","ping_status":"open","template":"","meta":[],"product_brand":[],"product_cat":[2457,1934],"product_tag":[],"class_list":{"0":"post-255008","1":"product","2":"type-product","3":"status-publish","4":"has-post-thumbnail","6":"product_cat-liveo","7":"product_cat-tables","9":"first","10":"instock","11":"purchasable","12":"product-type-simple"},"_links":{"self":[{"href":"https:\/\/baldumarket.lt\/lt\/wp-json\/wp\/v2\/product\/255008","targetHints":{"allow":["GET"]}}],"collection":[{"href":"https:\/\/baldumarket.lt\/lt\/wp-json\/wp\/v2\/product"}],"about":[{"href":"https:\/\/baldumarket.lt\/lt\/wp-json\/wp\/v2\/types\/product"}],"replies":[{"embeddable":true,"href":"https:\/\/baldumarket.lt\/lt\/wp-json\/wp\/v2\/comments?post=255008"}],"wp:featuredmedia":[{"embeddable":true,"href":"https:\/\/baldumarket.lt\/lt\/wp-json\/wp\/v2\/media\/254988"}],"wp:attachment":[{"href":"https:\/\/baldumarket.lt\/lt\/wp-json\/wp\/v2\/media?parent=255008"}],"wp:term":[{"taxonomy":"product_brand","embeddable":true,"href":"https:\/\/baldumarket.lt\/lt\/wp-json\/wp\/v2\/product_brand?post=255008"},{"taxonomy":"product_cat","embeddable":true,"href":"https:\/\/baldumarket.lt\/lt\/wp-json\/wp\/v2\/product_cat?post=255008"},{"taxonomy":"product_tag","embeddable":true,"href":"https:\/\/baldumarket.lt\/lt\/wp-json\/wp\/v2\/product_tag?post=255008"}],"curies":[{"name":"wp","href":"https:\/\/api.w.org\/{rel}","templated":true}]}}