{"id":255004,"date":"2026-01-10T22:32:07","date_gmt":"2026-01-10T19:32:07","guid":{"rendered":"https:\/\/baldumarket.lt\/product\/loft-lt15-lawa\/"},"modified":"2026-02-11T18:30:57","modified_gmt":"2026-02-11T15:30:57","slug":"loft-lt15-lawa","status":"publish","type":"product","link":"https:\/\/baldumarket.lt\/lt\/product\/loft-lt15-lawa\/","title":{"rendered":"LOFT LT15 SUOLIUKAS"},"content":{"rendered":"<p>D\u0117l kompakti\u0161k\u0173 matmen\u0173 LOFT LT15 kavos staliukas lengvai telpa net ma\u017eose svetain\u0117se, tod\u0117l puikiai tinka prie sofos ar kampin\u0117s sofos. Ant jo stalvir\u0161io galite pad\u0117ti puodel\u012f kar\u0161tos arbatos ir u\u017ekand\u017ei\u0173. Tvirtos metalin\u0117s kojel\u0117s u\u017ebaigia vaizd\u0105. Kavos staliukas puikiai dera su kitais LOFT serijos baldais arba kaip atskiras baldas, prisitaikantis prie j\u016bs\u0173 kambario interjero. Jis puikiai atrodys tiek moderniame, tiek klasikiniame interjere.<\/p>\n<p>I\u0161traukiama NE Plotis 64 cm Ilgis 102 cm Auk\u0161tis 44,5 cm Produkto svoris su pakuote 24,00 kg Gamintojo kodas \/ simbolis LT15 Kolekcijos pavadinimas loft Pavadinimas b2b sistemoje LOFT LT-15 artisan oak KAVOS STALIUKO komplektas Produkto pakuo\u010di\u0173 skai\u010dius 2 Stilius Loft \u012eranga Surinkimo instrukcijos \/ surinkimo priedai Surinkimas Savaranki\u0161kam surinkimui Spalva Artisan Oak \/ Juoda Stalvir\u0161io med\u017eiaga \/ tipas \/ storis Bald\u0173 plok\u0161t\u0117 22 mm Kojel\u0117 \/ med\u017eiaga \/ spalva Nereguliuojama \/ metalin\u0117 \/ juoda<\/p>","protected":false},"excerpt":{"rendered":"<p>D\u0117l kompakti\u0161k\u0173 matmen\u0173 LOFT LT15 kavos staliukas lengvai telpa net ir ma\u017eose svetain\u0117se, tod\u0117l puikiai tinka prie sofos ar kampin\u0117s sofos. Ant jo vir\u0161aus galite pad\u0117ti puodel\u012f kar\u0161tos arbatos ir u\u017ekand\u017ei\u0173. Tvirtos metalin\u0117s kojel\u0117s u\u017ebaigia vaizd\u0105. Kavos staliukas puikiai dera su [\u2026]<\/p>","protected":false},"featured_media":254793,"comment_status":"open","ping_status":"open","template":"","meta":[],"product_brand":[],"product_cat":[866,2457],"product_tag":[],"class_list":{"0":"post-255004","1":"product","2":"type-product","3":"status-publish","4":"has-post-thumbnail","6":"product_cat-coffee-tables","7":"product_cat-liveo","9":"first","10":"instock","11":"purchasable","12":"product-type-simple"},"_links":{"self":[{"href":"https:\/\/baldumarket.lt\/lt\/wp-json\/wp\/v2\/product\/255004","targetHints":{"allow":["GET"]}}],"collection":[{"href":"https:\/\/baldumarket.lt\/lt\/wp-json\/wp\/v2\/product"}],"about":[{"href":"https:\/\/baldumarket.lt\/lt\/wp-json\/wp\/v2\/types\/product"}],"replies":[{"embeddable":true,"href":"https:\/\/baldumarket.lt\/lt\/wp-json\/wp\/v2\/comments?post=255004"}],"wp:featuredmedia":[{"embeddable":true,"href":"https:\/\/baldumarket.lt\/lt\/wp-json\/wp\/v2\/media\/254793"}],"wp:attachment":[{"href":"https:\/\/baldumarket.lt\/lt\/wp-json\/wp\/v2\/media?parent=255004"}],"wp:term":[{"taxonomy":"product_brand","embeddable":true,"href":"https:\/\/baldumarket.lt\/lt\/wp-json\/wp\/v2\/product_brand?post=255004"},{"taxonomy":"product_cat","embeddable":true,"href":"https:\/\/baldumarket.lt\/lt\/wp-json\/wp\/v2\/product_cat?post=255004"},{"taxonomy":"product_tag","embeddable":true,"href":"https:\/\/baldumarket.lt\/lt\/wp-json\/wp\/v2\/product_tag?post=255004"}],"curies":[{"name":"wp","href":"https:\/\/api.w.org\/{rel}","templated":true}]}}