{"id":254999,"date":"2026-01-10T22:32:05","date_gmt":"2026-01-10T19:32:05","guid":{"rendered":"https:\/\/baldumarket.lt\/product\/loft-lt14-biurko\/"},"modified":"2026-02-11T18:30:57","modified_gmt":"2026-02-11T15:30:57","slug":"loft-lt14-biurko","status":"publish","type":"product","link":"https:\/\/baldumarket.lt\/lt\/product\/loft-lt14-biurko\/","title":{"rendered":"LOFT LT14 stalas"},"content":{"rendered":"<p>LOFT LT14 stalas gali b\u016bti s\u0117kmingai integruotas \u012f \u012fvairius interjerus. \u0160is paprastas, funkcionalus stalas su pla\u010diu stalvir\u0161iu u\u017etikrina patog\u0173 naudojim\u0105. Po stalvir\u0161iu esantys stal\u010diai leid\u017eia susid\u0117ti smulkius daiktus. Tvirtos metalin\u0117s kojel\u0117s kartu su juodomis lentjuost\u0117mis sukuria unikal\u0173 charakter\u012f. Ranken\u0117l\u0117s neturintys fasadai i\u0161 dirbtinio \u0105\u017euolo suteikia visam baldui lengvumo. Stalas idealiai tinka derinti su kitais LOFT serijos baldais arba kaip atskiras baldas, prisitaikantis prie j\u016bs\u0173 kambario interjero. \u0160is baldas puikiai der\u0117s tiek prie modernaus, tiek prie klasikinio interjero.<\/p>\n<p>Plotis 64 cm Gylis 77 cm Auk\u0161tis 118 cm Produkto svoris su pakuote 52,95 kg Gamintojo kodas \/ simbolis LT14 Kolekcijos pavadinimas loft Pavadinimas b2b sistemoje LOFT LT-14 artisan \u0105\u017euolas\/juodas RA\u0160OMOJO STAL\u010cIO komplektas Produkto pakuo\u010di\u0173 skai\u010dius: 3 Stilius: Loft \u012eranga: Surinkimo instrukcijos \/ surinkimo priedai Surinkimas: Savaranki\u0161kam surinkimui Korpuso spalva: Artisan Oak \/ Juoda Korpuso med\u017eiaga \/ tipas \/ storis: 16 mm baldin\u0117 plok\u0161t\u0117 \/ Juostel\u0117: 16 mm MDF baldin\u0117 plok\u0161t\u0117 Korpuso vir\u0161utin\u0117s dalies \/ tipo \/ storio: 22 mm baldin\u0117 plok\u0161t\u0117 Korpuso apatin\u0117s dalies \/ tipo \/ storio: 16 mm baldin\u0117 plok\u0161t\u0117 Priekin\u0117s dalies spalva: Artisan Oak Priekin\u0117s dalies med\u017eiaga \/ tipas \/ storis: 16 mm baldin\u0117 plok\u0161t\u0117 Priekin\u0117 rankena \/ med\u017eiaga \/ spalva: Plastikas \/ juoda Pilno i\u0161traukimo stal\u010di\u0173 b\u0117geliai Kojel\u0117 \/ med\u017eiaga \/ spalva: Nereguliuojami \/ metalin\u0117 \/ juoda Stal\u010di\u0173 skai\u010dius: 2<\/p>","protected":false},"excerpt":{"rendered":"<p>LOFT LT14 stalas gali b\u016bti s\u0117kmingai integruotas \u012f \u012fvairius interjerus. \u0160is paprastas, funkcionalus stalas su pla\u010diu stalvir\u0161iu u\u017etikrina patog\u0173 naudojim\u0105. Po stalvir\u0161iu esantys stal\u010diai leid\u017eia susid\u0117ti smulkius daiktus. Tvirtos metalin\u0117s kojel\u0117s kartu su juodomis lentjuost\u0117mis sukuria unikal\u0173 charakter\u012f. Ranken\u0117li\u0173 neturintys fasadai i\u0161 dirbtinio \u0105\u017euolo suteikia baldui lengvumo [\u2026]<\/p>","protected":false},"featured_media":255000,"comment_status":"open","ping_status":"open","template":"","meta":[],"product_brand":[],"product_cat":[1312,2457],"product_tag":[],"class_list":{"0":"post-254999","1":"product","2":"type-product","3":"status-publish","4":"has-post-thumbnail","6":"product_cat-desks","7":"product_cat-liveo","9":"first","10":"instock","11":"purchasable","12":"product-type-simple"},"_links":{"self":[{"href":"https:\/\/baldumarket.lt\/lt\/wp-json\/wp\/v2\/product\/254999","targetHints":{"allow":["GET"]}}],"collection":[{"href":"https:\/\/baldumarket.lt\/lt\/wp-json\/wp\/v2\/product"}],"about":[{"href":"https:\/\/baldumarket.lt\/lt\/wp-json\/wp\/v2\/types\/product"}],"replies":[{"embeddable":true,"href":"https:\/\/baldumarket.lt\/lt\/wp-json\/wp\/v2\/comments?post=254999"}],"wp:featuredmedia":[{"embeddable":true,"href":"https:\/\/baldumarket.lt\/lt\/wp-json\/wp\/v2\/media\/255000"}],"wp:attachment":[{"href":"https:\/\/baldumarket.lt\/lt\/wp-json\/wp\/v2\/media?parent=254999"}],"wp:term":[{"taxonomy":"product_brand","embeddable":true,"href":"https:\/\/baldumarket.lt\/lt\/wp-json\/wp\/v2\/product_brand?post=254999"},{"taxonomy":"product_cat","embeddable":true,"href":"https:\/\/baldumarket.lt\/lt\/wp-json\/wp\/v2\/product_cat?post=254999"},{"taxonomy":"product_tag","embeddable":true,"href":"https:\/\/baldumarket.lt\/lt\/wp-json\/wp\/v2\/product_tag?post=254999"}],"curies":[{"name":"wp","href":"https:\/\/api.w.org\/{rel}","templated":true}]}}