{"id":254994,"date":"2026-01-10T22:32:02","date_gmt":"2026-01-10T19:32:02","guid":{"rendered":"https:\/\/baldumarket.lt\/product\/loft-lt13-polka-wiszaca\/"},"modified":"2026-02-11T18:30:57","modified_gmt":"2026-02-11T15:30:57","slug":"loft-lt13-polka-wiszaca","status":"publish","type":"product","link":"https:\/\/baldumarket.lt\/lt\/product\/loft-lt13-polka-wiszaca\/","title":{"rendered":"LOFT LT13 PAKABINAME LENTYNA"},"content":{"rendered":"<p>LOFT LT13 lentyna suteikia papildomos vietos j\u016bs\u0173 m\u0117gstamiausiems dekoracijoms laikyti arba eksponuoti. J\u0105 galima pakabinti bet kokiame auk\u0161tyje, o prakti\u0161ka \u0161onin\u0117 sienel\u0117 neleid\u017eia daiktams apvirsti. Lentyna puikiai dera su komoda LT-3 ar kitais LOFT serijos baldais, ta\u010diau j\u0105 taip pat galima naudoti kaip atskir\u0105 bald\u0105, derant\u012f prie j\u016bs\u0173 kambario dizaino.<\/p>\n<p>Plotis 150 cm Gylis 23,5 cm Auk\u0161tis 22 cm Produkto svoris su pakuote 9,35 kg Gamintojo kodas \/ simbolis LT13 Kolekcijos pavadinimas loft Pavadinimas b2b sistemoje LOFT LT-13 artisan \u0105\u017euolas \/ juoda LENTYN\u0172 komplektas Produkto pakuo\u010di\u0173 skai\u010dius 1 Stilius Loft \u012eranga Surinkimo instrukcijos \/ surinkimo priedai Surinkimas Savaranki\u0161kam surinkimui Spalvos Artisan \u0105\u017euolas \/ juoda Korpuso med\u017eiaga \/ tipas \/ storis 16 mm bald\u0173 plok\u0161t\u0117 Korpuso vir\u0161utin\u0117s dalies med\u017eiaga \/ tipas \/ storis 22 mm bald\u0173 plok\u0161t\u0117 Korpuso \u012franga Reguliuojami bald\u0173 pakabos<\/p>","protected":false},"excerpt":{"rendered":"<p>LOFT LT13 lentyna suteikia papildomos vietos j\u016bs\u0173 m\u0117gstamiausiems dekoracijoms laikyti arba eksponuoti. J\u0105 galima pakabinti bet kokiame auk\u0161tyje, o prakti\u0161ka \u0161onin\u0117 sienel\u0117 neleid\u017eia daiktams apvirsti. Lentyna puikiai dera su LT-3 komoda ar kitais LOFT serijos baldais, ta\u010diau ji taip pat gali b\u016bti [\u2026]<\/p>","protected":false},"featured_media":254995,"comment_status":"open","ping_status":"open","template":"","meta":[],"product_brand":[],"product_cat":[1174,2457],"product_tag":[],"class_list":{"0":"post-254994","1":"product","2":"type-product","3":"status-publish","4":"has-post-thumbnail","6":"product_cat-hanging-shelves","7":"product_cat-liveo","9":"first","10":"instock","11":"purchasable","12":"product-type-simple"},"_links":{"self":[{"href":"https:\/\/baldumarket.lt\/lt\/wp-json\/wp\/v2\/product\/254994","targetHints":{"allow":["GET"]}}],"collection":[{"href":"https:\/\/baldumarket.lt\/lt\/wp-json\/wp\/v2\/product"}],"about":[{"href":"https:\/\/baldumarket.lt\/lt\/wp-json\/wp\/v2\/types\/product"}],"replies":[{"embeddable":true,"href":"https:\/\/baldumarket.lt\/lt\/wp-json\/wp\/v2\/comments?post=254994"}],"wp:featuredmedia":[{"embeddable":true,"href":"https:\/\/baldumarket.lt\/lt\/wp-json\/wp\/v2\/media\/254995"}],"wp:attachment":[{"href":"https:\/\/baldumarket.lt\/lt\/wp-json\/wp\/v2\/media?parent=254994"}],"wp:term":[{"taxonomy":"product_brand","embeddable":true,"href":"https:\/\/baldumarket.lt\/lt\/wp-json\/wp\/v2\/product_brand?post=254994"},{"taxonomy":"product_cat","embeddable":true,"href":"https:\/\/baldumarket.lt\/lt\/wp-json\/wp\/v2\/product_cat?post=254994"},{"taxonomy":"product_tag","embeddable":true,"href":"https:\/\/baldumarket.lt\/lt\/wp-json\/wp\/v2\/product_tag?post=254994"}],"curies":[{"name":"wp","href":"https:\/\/api.w.org\/{rel}","templated":true}]}}