{"id":254989,"date":"2026-01-10T22:32:00","date_gmt":"2026-01-10T19:32:00","guid":{"rendered":"https:\/\/baldumarket.lt\/product\/loft-lt09-szafa\/"},"modified":"2026-02-11T18:30:57","modified_gmt":"2026-02-11T15:30:57","slug":"loft-lt09-szafa","status":"publish","type":"product","link":"https:\/\/baldumarket.lt\/lt\/product\/loft-lt09-szafa\/","title":{"rendered":"LOFT LT09 DRABU\u017dIN\u0116"},"content":{"rendered":"<p>Erdvi, dviej\u0173 dur\u0173 spinta LOFT LT09 \u2013 puikus sprendimas miegamajam, prie\u0161kambariui ar biurui. Jos viduje yra erdvi ni\u0161a su pakaba daiktams kabinti ir dviem stal\u010diais, puikiai tinkan\u010diais kepur\u0117ms, \u0161alikams ar kitiems drabu\u017eiams laikyti. Vir\u0161utin\u0117je spintos dalyje yra lentyna, skirta laikyti daiktus, kuri\u0173 nenaudojate kasdien. Tvirtos metalin\u0117s kojel\u0117s kartu su juoda apdaila suteikia spintai unikalumo. Meni\u0161ko \u0105\u017euolo fasadai be ranken\u0117li\u0173 suteikia lengvumo. Spinta idealiai tinka derinti su kitais LOFT serijos baldais arba naudoti kaip atskir\u0105 bald\u0105, prisitaikant prie j\u016bs\u0173 kambario interjero. \u0160is baldas puikiai der\u0117s tiek prie modernaus, tiek prie klasikinio interjero.<\/p>\n<p>Plotis 90,5 cm Gylis 54 cm Auk\u0161tis 193,5 cm Produkto svoris su pakuote 75,85 kg Gamintojo kodas \/ simbolis LT09 Kolekcijos pavadinimas loft Pavadinimas b2b sistemoje LOFT LT-9 artisan \u0105\u017euolas\/juoda SPINTEL\u0116S komplektas Produkt\u0173 pakuo\u010di\u0173 skai\u010dius 4 Stilius Loft \u012eranga Surinkimo instrukcijos \/ surinkimo priedai Surinkimui Savaranki\u0161kam surinkimui Korpuso spalva Artisan Oak \/ Juoda Korpuso med\u017eiaga \/ tipas \/ storis 16 mm baldin\u0117 plok\u0161t\u0117 \/ Juostel\u0117 16 mm MDF baldin\u0117 plok\u0161t\u0117 Vir\u0161utinio korpuso med\u017eiaga \/ tipas \/ storis 22 mm baldin\u0117 plok\u0161t\u0117 Apatinio korpuso med\u017eiaga \/ tipas \/ storis 22 mm baldin\u0117 plok\u0161t\u0117 Lentynos spalva Artisan Oak Lentynos med\u017eiaga \/ tipas \/ storis 16 mm baldin\u0117 plok\u0161t\u0117 Kar\u016bn\u0117l\u0117s tipo lentyn\u0173 kiekis 1 Galin\u0117s sienel\u0117s med\u017eiaga \/ tipas \/ storis 2,5 mm HDF baldin\u0117 plok\u0161t\u0117 Galin\u0117s sienel\u0117s spalva \u2013 matoma dalis Juoda Priekin\u0117s spalvos Artisan Oak Priekin\u0117s med\u017eiagos \/ tipas \/ storis 16 mm baldin\u0117 plok\u0161t\u0117 Priekinis vyris \u2300 35 mm, reguliuojamas trijose plok\u0161tumose Priekin\u0117 rankena \/ med\u017eiaga \/ spalva Plastikas \/ juoda \u0160velnaus u\u017edarymo dur\u0173 sistema Standarti\u0161kai Pilno i\u0161traukimo stal\u010di\u0173 b\u0117geliai Kojel\u0117 \/ apdaila \/ spalva Nereguliuojamas \/ metalinis \/ juodas Kojeli\u0173 auk\u0161tis 110 mm Dureli\u0173 skai\u010dius 2 Stal\u010di\u0173 skai\u010dius 2 U\u017edar\u0173 ni\u0161\u0173 skai\u010dius 2 Korpuso \u012franga Standartin\u0117 1 pakabinimo karnizas<\/p>","protected":false},"excerpt":{"rendered":"<p>Erdvi, dviej\u0173 dur\u0173 spinta LOFT LT09 \u2013 puikus sprendimas miegamajam, prie\u0161kambariui ar biurui. Jos viduje yra erdvi ni\u0161a su pakaba drabu\u017eiams ir dviem stal\u010diais, puikiai tinkan\u010diais kepur\u0117ms, \u0161alikams ar kitiems drabu\u017eiams laikyti. Vir\u0161utin\u0117je spintos dalyje yra lentyna nenaudojamiems daiktams laikyti [\u2026]<\/p>","protected":false},"featured_media":254990,"comment_status":"open","ping_status":"open","template":"","meta":[],"product_brand":[],"product_cat":[2457,1177],"product_tag":[],"class_list":{"0":"post-254989","1":"product","2":"type-product","3":"status-publish","4":"has-post-thumbnail","6":"product_cat-liveo","7":"product_cat-wardrobes","9":"first","10":"instock","11":"purchasable","12":"product-type-simple"},"_links":{"self":[{"href":"https:\/\/baldumarket.lt\/lt\/wp-json\/wp\/v2\/product\/254989","targetHints":{"allow":["GET"]}}],"collection":[{"href":"https:\/\/baldumarket.lt\/lt\/wp-json\/wp\/v2\/product"}],"about":[{"href":"https:\/\/baldumarket.lt\/lt\/wp-json\/wp\/v2\/types\/product"}],"replies":[{"embeddable":true,"href":"https:\/\/baldumarket.lt\/lt\/wp-json\/wp\/v2\/comments?post=254989"}],"wp:featuredmedia":[{"embeddable":true,"href":"https:\/\/baldumarket.lt\/lt\/wp-json\/wp\/v2\/media\/254990"}],"wp:attachment":[{"href":"https:\/\/baldumarket.lt\/lt\/wp-json\/wp\/v2\/media?parent=254989"}],"wp:term":[{"taxonomy":"product_brand","embeddable":true,"href":"https:\/\/baldumarket.lt\/lt\/wp-json\/wp\/v2\/product_brand?post=254989"},{"taxonomy":"product_cat","embeddable":true,"href":"https:\/\/baldumarket.lt\/lt\/wp-json\/wp\/v2\/product_cat?post=254989"},{"taxonomy":"product_tag","embeddable":true,"href":"https:\/\/baldumarket.lt\/lt\/wp-json\/wp\/v2\/product_tag?post=254989"}],"curies":[{"name":"wp","href":"https:\/\/api.w.org\/{rel}","templated":true}]}}